{"id":1693,"date":"2026-03-17T15:15:45","date_gmt":"2026-03-17T15:15:45","guid":{"rendered":"https:\/\/refarmil.com\/es\/?page_id=1693"},"modified":"2026-03-31T18:44:45","modified_gmt":"2026-03-31T18:44:45","slug":"eukanuba","status":"publish","type":"page","link":"https:\/\/refarmil.com\/es\/eukanuba\/","title":{"rendered":"Eukanuba"},"content":{"rendered":"\t\t<div data-elementor-type=\"wp-page\" data-elementor-id=\"1693\" class=\"elementor elementor-1693\" data-elementor-post-type=\"page\">\n\t\t\t\t<div class=\"elementor-element elementor-element-43f7e4c2 e-con-full e-flex e-con e-parent\" data-id=\"43f7e4c2\" data-element_type=\"container\" data-e-type=\"container\" data-settings=\"{&quot;background_background&quot;:&quot;classic&quot;}\">\n\t\t<div class=\"elementor-element elementor-element-4438a48b e-flex e-con-boxed e-con e-child\" data-id=\"4438a48b\" data-element_type=\"container\" data-e-type=\"container\">\n\t\t\t\t\t<div class=\"e-con-inner\">\n\t\t\t\t<div class=\"elementor-element elementor-element-497eddf6 elementor-invisible elementor-widget elementor-widget-heading\" data-id=\"497eddf6\" data-element_type=\"widget\" data-e-type=\"widget\" data-settings=\"{&quot;_animation&quot;:&quot;fadeIn&quot;}\" data-widget_type=\"heading.default\">\n\t\t\t\t\t<h1 class=\"elementor-heading-title elementor-size-default\">Eukanuba<\/h1>\t\t\t\t<\/div>\n\t\t<div class=\"elementor-element elementor-element-4cbe16d0 e-con-full e-flex e-con e-child\" data-id=\"4cbe16d0\" data-element_type=\"container\" data-e-type=\"container\">\n\t\t\t\t<div class=\"elementor-element elementor-element-4ab73a4b elementor-widget elementor-widget-text-editor\" data-id=\"4ab73a4b\" data-element_type=\"widget\" data-e-type=\"widget\" data-widget_type=\"text-editor.default\">\n\t\t\t\t\t\t\t\t\t<p><a href=\"https:\/\/refarmil.com\/es\/\">Inicio<\/a> &#8211; Marcas &#8211; Eukanuba<\/p>\t\t\t\t\t\t\t\t<\/div>\n\t\t\t\t<\/div>\n\t\t\t\t\t<\/div>\n\t\t\t\t<\/div>\n\t\t\t\t<\/div>\n\t\t<div class=\"elementor-element elementor-element-0e81f1f e-flex e-con-boxed e-con e-parent\" data-id=\"0e81f1f\" data-element_type=\"container\" data-e-type=\"container\">\n\t\t\t\t\t<div class=\"e-con-inner\">\n\t\t<div class=\"elementor-element elementor-element-1deb2ac e-con-full e-flex elementor-invisible e-con e-child\" data-id=\"1deb2ac\" data-element_type=\"container\" data-e-type=\"container\" data-settings=\"{&quot;animation&quot;:&quot;fadeInLeft&quot;}\">\n\t\t\t\t<div class=\"elementor-element elementor-element-fbf36a8 elementor-invisible elementor-widget elementor-widget-image\" data-id=\"fbf36a8\" data-element_type=\"widget\" data-e-type=\"widget\" data-settings=\"{&quot;_animation&quot;:&quot;fadeInLeft&quot;}\" data-widget_type=\"image.default\">\n\t\t\t\t\t\t\t\t\t\t\t\t\t\t\t<img fetchpriority=\"high\" decoding=\"async\" width=\"600\" height=\"129\" src=\"https:\/\/refarmil.com\/es\/wp-content\/uploads\/2026\/03\/log-eukanuba.png\" class=\"attachment-large size-large wp-image-1780\" alt=\"\" srcset=\"https:\/\/refarmil.com\/es\/wp-content\/uploads\/2026\/03\/log-eukanuba.png 600w, https:\/\/refarmil.com\/es\/wp-content\/uploads\/2026\/03\/log-eukanuba-300x65.png 300w\" sizes=\"(max-width: 600px) 100vw, 600px\" \/>\t\t\t\t\t\t\t\t\t\t\t\t\t\t\t<\/div>\n\t\t\t\t<div class=\"elementor-element elementor-element-0926e41 elementor-widget elementor-widget-image\" data-id=\"0926e41\" data-element_type=\"widget\" data-e-type=\"widget\" data-widget_type=\"image.default\">\n\t\t\t\t\t\t\t\t\t\t\t\t\t\t\t<img decoding=\"async\" width=\"675\" height=\"558\" src=\"https:\/\/refarmil.com\/es\/wp-content\/uploads\/2026\/03\/ner-eukanuba-pro.png\" class=\"attachment-large size-large wp-image-1713\" alt=\"\" srcset=\"https:\/\/refarmil.com\/es\/wp-content\/uploads\/2026\/03\/ner-eukanuba-pro.png 675w, https:\/\/refarmil.com\/es\/wp-content\/uploads\/2026\/03\/ner-eukanuba-pro-300x248.png 300w, https:\/\/refarmil.com\/es\/wp-content\/uploads\/2026\/03\/ner-eukanuba-pro-600x496.png 600w\" sizes=\"(max-width: 675px) 100vw, 675px\" \/>\t\t\t\t\t\t\t\t\t\t\t\t\t\t\t<\/div>\n\t\t\t\t<\/div>\n\t\t<div class=\"elementor-element elementor-element-52f2878 e-con-full e-flex elementor-invisible e-con e-child\" data-id=\"52f2878\" data-element_type=\"container\" data-e-type=\"container\" data-settings=\"{&quot;animation&quot;:&quot;fadeInUp&quot;}\">\n\t\t\t\t<div class=\"elementor-element elementor-element-3d5753c elementor-widget-divider--view-line elementor-widget elementor-widget-divider\" data-id=\"3d5753c\" data-element_type=\"widget\" data-e-type=\"widget\" data-widget_type=\"divider.default\">\n\t\t\t\t\t\t\t<div class=\"elementor-divider\">\n\t\t\t<span class=\"elementor-divider-separator\">\n\t\t\t\t\t\t<\/span>\n\t\t<\/div>\n\t\t\t\t\t\t<\/div>\n\t\t\t\t<div class=\"elementor-element elementor-element-aac5799 elementor-widget elementor-widget-heading\" data-id=\"aac5799\" data-element_type=\"widget\" data-e-type=\"widget\" data-widget_type=\"heading.default\">\n\t\t\t\t\t<div class=\"elementor-heading-title elementor-size-default\">MARCA<\/div>\t\t\t\t<\/div>\n\t\t\t\t<div class=\"elementor-element elementor-element-4e989e0 elementor-widget elementor-widget-heading\" data-id=\"4e989e0\" data-element_type=\"widget\" data-e-type=\"widget\" data-widget_type=\"heading.default\">\n\t\t\t\t\t<h2 class=\"elementor-heading-title elementor-size-default\">Eukanuba<\/h2>\t\t\t\t<\/div>\n\t\t\t\t<div class=\"elementor-element elementor-element-6e2f865 elementor-widget elementor-widget-text-editor\" data-id=\"6e2f865\" data-element_type=\"widget\" data-e-type=\"widget\" data-widget_type=\"text-editor.default\">\n\t\t\t\t\t\t\t\t\t<p>Eukanuba es una marca l\u00edder mundial en nutrici\u00f3n premium para perros y gatos. Sus f\u00f3rmulas est\u00e1n desarrolladas con ingredientes de alta calidad y un enfoque cient\u00edfico que se adapta a las necesidades espec\u00edficas de cada raza, tama\u00f1o y etapa de vida. Eukanuba ayuda a mantener la salud digestiva, la energ\u00eda y el desarrollo \u00f3ptimo de las mascotas.<\/p>\t\t\t\t\t\t\t\t<\/div>\n\t\t\t\t<div class=\"elementor-element elementor-element-3c4e3a3 elementor-mobile-align-center elementor-widget elementor-widget-button\" data-id=\"3c4e3a3\" data-element_type=\"widget\" data-e-type=\"widget\" data-widget_type=\"button.default\">\n\t\t\t\t\t\t\t\t\t\t<a class=\"elementor-button elementor-button-link elementor-size-sm\" href=\"https:\/\/refarmil.com\/es\/categoria-producto\/eukanuba\/\">\n\t\t\t\t\t\t<span class=\"elementor-button-content-wrapper\">\n\t\t\t\t\t\t\t\t\t<span class=\"elementor-button-text\">Ver productos<\/span>\n\t\t\t\t\t<\/span>\n\t\t\t\t\t<\/a>\n\t\t\t\t\t\t\t\t<\/div>\n\t\t\t\t<\/div>\n\t\t\t\t\t<\/div>\n\t\t\t\t<\/div>\n\t\t\t\t<\/div>\n\t\t","protected":false},"excerpt":{"rendered":"<p>Eukanuba Inicio &#8211; Marcas &#8211; Eukanuba MARCA Eukanuba Eukanuba es una marca l\u00edder mundial en nutrici\u00f3n premium para perros y gatos. Sus f\u00f3rmulas est\u00e1n desarrolladas con ingredientes de alta calidad y un enfoque cient\u00edfico que se adapta a las necesidades espec\u00edficas de cada raza, tama\u00f1o y etapa de vida. Eukanuba ayuda a mantener la salud [&hellip;]<\/p>\n","protected":false},"author":1,"featured_media":0,"parent":0,"menu_order":0,"comment_status":"open","ping_status":"closed","template":"","meta":{"_joinchat":[],"footnotes":""},"class_list":["post-1693","page","type-page","status-publish","hentry"],"blocksy_meta":[],"yoast_head":"<!-- This site is optimized with the Yoast SEO plugin v27.3 - https:\/\/yoast.com\/product\/yoast-seo-wordpress\/ -->\n<title>Eukanuba en Panam\u00e1 | Alimentos para Perros y Mascotas<\/title>\n<meta name=\"description\" content=\"Descubre Eukanuba en Panam\u00e1, marca l\u00edder en alimentos premium para perros. Encuentra opciones para cada etapa de vida con la calidad y respaldo de Refarmil.\" \/>\n<meta name=\"robots\" content=\"index, follow, max-snippet:-1, max-image-preview:large, max-video-preview:-1\" \/>\n<link rel=\"canonical\" href=\"https:\/\/refarmil.com\/es\/eukanuba\/\" \/>\n<meta property=\"og:locale\" content=\"es_ES\" \/>\n<meta property=\"og:type\" content=\"article\" \/>\n<meta property=\"og:title\" content=\"Eukanuba en Panam\u00e1 | Alimentos para Perros y Mascotas\" \/>\n<meta property=\"og:description\" content=\"Descubre Eukanuba en Panam\u00e1, marca l\u00edder en alimentos premium para perros. Encuentra opciones para cada etapa de vida con la calidad y respaldo de Refarmil.\" \/>\n<meta property=\"og:url\" content=\"https:\/\/refarmil.com\/es\/eukanuba\/\" \/>\n<meta property=\"article:modified_time\" content=\"2026-03-31T18:44:45+00:00\" \/>\n<meta property=\"og:image\" content=\"https:\/\/refarmil.com\/es\/wp-content\/uploads\/2026\/03\/log-eukanuba.png\" \/>\n<meta name=\"twitter:card\" content=\"summary_large_image\" \/>\n<meta name=\"twitter:label1\" content=\"Tiempo de lectura\" \/>\n\t<meta name=\"twitter:data1\" content=\"1 minuto\" \/>\n<script type=\"application\/ld+json\" class=\"yoast-schema-graph\">{\"@context\":\"https:\\\/\\\/schema.org\",\"@graph\":[{\"@type\":\"WebPage\",\"@id\":\"https:\\\/\\\/refarmil.com\\\/es\\\/eukanuba\\\/\",\"url\":\"https:\\\/\\\/refarmil.com\\\/es\\\/eukanuba\\\/\",\"name\":\"Eukanuba en Panam\u00e1 | Alimentos para Perros y Mascotas\",\"isPartOf\":{\"@id\":\"https:\\\/\\\/refarmil.com\\\/es\\\/#website\"},\"primaryImageOfPage\":{\"@id\":\"https:\\\/\\\/refarmil.com\\\/es\\\/eukanuba\\\/#primaryimage\"},\"image\":{\"@id\":\"https:\\\/\\\/refarmil.com\\\/es\\\/eukanuba\\\/#primaryimage\"},\"thumbnailUrl\":\"https:\\\/\\\/refarmil.com\\\/es\\\/wp-content\\\/uploads\\\/2026\\\/03\\\/log-eukanuba.png\",\"datePublished\":\"2026-03-17T15:15:45+00:00\",\"dateModified\":\"2026-03-31T18:44:45+00:00\",\"description\":\"Descubre Eukanuba en Panam\u00e1, marca l\u00edder en alimentos premium para perros. Encuentra opciones para cada etapa de vida con la calidad y respaldo de Refarmil.\",\"breadcrumb\":{\"@id\":\"https:\\\/\\\/refarmil.com\\\/es\\\/eukanuba\\\/#breadcrumb\"},\"inLanguage\":\"es\",\"potentialAction\":[{\"@type\":\"ReadAction\",\"target\":[\"https:\\\/\\\/refarmil.com\\\/es\\\/eukanuba\\\/\"]}]},{\"@type\":\"ImageObject\",\"inLanguage\":\"es\",\"@id\":\"https:\\\/\\\/refarmil.com\\\/es\\\/eukanuba\\\/#primaryimage\",\"url\":\"https:\\\/\\\/refarmil.com\\\/es\\\/wp-content\\\/uploads\\\/2026\\\/03\\\/log-eukanuba.png\",\"contentUrl\":\"https:\\\/\\\/refarmil.com\\\/es\\\/wp-content\\\/uploads\\\/2026\\\/03\\\/log-eukanuba.png\",\"width\":600,\"height\":129},{\"@type\":\"BreadcrumbList\",\"@id\":\"https:\\\/\\\/refarmil.com\\\/es\\\/eukanuba\\\/#breadcrumb\",\"itemListElement\":[{\"@type\":\"ListItem\",\"position\":1,\"name\":\"Portada\",\"item\":\"https:\\\/\\\/refarmil.com\\\/es\\\/\"},{\"@type\":\"ListItem\",\"position\":2,\"name\":\"Eukanuba\"}]},{\"@type\":\"WebSite\",\"@id\":\"https:\\\/\\\/refarmil.com\\\/es\\\/#website\",\"url\":\"https:\\\/\\\/refarmil.com\\\/es\\\/\",\"name\":\"\",\"description\":\"\",\"potentialAction\":[{\"@type\":\"SearchAction\",\"target\":{\"@type\":\"EntryPoint\",\"urlTemplate\":\"https:\\\/\\\/refarmil.com\\\/es\\\/?s={search_term_string}\"},\"query-input\":{\"@type\":\"PropertyValueSpecification\",\"valueRequired\":true,\"valueName\":\"search_term_string\"}}],\"inLanguage\":\"es\"}]}<\/script>\n<!-- \/ Yoast SEO plugin. -->","yoast_head_json":{"title":"Eukanuba en Panam\u00e1 | Alimentos para Perros y Mascotas","description":"Descubre Eukanuba en Panam\u00e1, marca l\u00edder en alimentos premium para perros. Encuentra opciones para cada etapa de vida con la calidad y respaldo de Refarmil.","robots":{"index":"index","follow":"follow","max-snippet":"max-snippet:-1","max-image-preview":"max-image-preview:large","max-video-preview":"max-video-preview:-1"},"canonical":"https:\/\/refarmil.com\/es\/eukanuba\/","og_locale":"es_ES","og_type":"article","og_title":"Eukanuba en Panam\u00e1 | Alimentos para Perros y Mascotas","og_description":"Descubre Eukanuba en Panam\u00e1, marca l\u00edder en alimentos premium para perros. Encuentra opciones para cada etapa de vida con la calidad y respaldo de Refarmil.","og_url":"https:\/\/refarmil.com\/es\/eukanuba\/","article_modified_time":"2026-03-31T18:44:45+00:00","og_image":[{"url":"https:\/\/refarmil.com\/es\/wp-content\/uploads\/2026\/03\/log-eukanuba.png","type":"","width":"","height":""}],"twitter_card":"summary_large_image","twitter_misc":{"Tiempo de lectura":"1 minuto"},"schema":{"@context":"https:\/\/schema.org","@graph":[{"@type":"WebPage","@id":"https:\/\/refarmil.com\/es\/eukanuba\/","url":"https:\/\/refarmil.com\/es\/eukanuba\/","name":"Eukanuba en Panam\u00e1 | Alimentos para Perros y Mascotas","isPartOf":{"@id":"https:\/\/refarmil.com\/es\/#website"},"primaryImageOfPage":{"@id":"https:\/\/refarmil.com\/es\/eukanuba\/#primaryimage"},"image":{"@id":"https:\/\/refarmil.com\/es\/eukanuba\/#primaryimage"},"thumbnailUrl":"https:\/\/refarmil.com\/es\/wp-content\/uploads\/2026\/03\/log-eukanuba.png","datePublished":"2026-03-17T15:15:45+00:00","dateModified":"2026-03-31T18:44:45+00:00","description":"Descubre Eukanuba en Panam\u00e1, marca l\u00edder en alimentos premium para perros. Encuentra opciones para cada etapa de vida con la calidad y respaldo de Refarmil.","breadcrumb":{"@id":"https:\/\/refarmil.com\/es\/eukanuba\/#breadcrumb"},"inLanguage":"es","potentialAction":[{"@type":"ReadAction","target":["https:\/\/refarmil.com\/es\/eukanuba\/"]}]},{"@type":"ImageObject","inLanguage":"es","@id":"https:\/\/refarmil.com\/es\/eukanuba\/#primaryimage","url":"https:\/\/refarmil.com\/es\/wp-content\/uploads\/2026\/03\/log-eukanuba.png","contentUrl":"https:\/\/refarmil.com\/es\/wp-content\/uploads\/2026\/03\/log-eukanuba.png","width":600,"height":129},{"@type":"BreadcrumbList","@id":"https:\/\/refarmil.com\/es\/eukanuba\/#breadcrumb","itemListElement":[{"@type":"ListItem","position":1,"name":"Portada","item":"https:\/\/refarmil.com\/es\/"},{"@type":"ListItem","position":2,"name":"Eukanuba"}]},{"@type":"WebSite","@id":"https:\/\/refarmil.com\/es\/#website","url":"https:\/\/refarmil.com\/es\/","name":"","description":"","potentialAction":[{"@type":"SearchAction","target":{"@type":"EntryPoint","urlTemplate":"https:\/\/refarmil.com\/es\/?s={search_term_string}"},"query-input":{"@type":"PropertyValueSpecification","valueRequired":true,"valueName":"search_term_string"}}],"inLanguage":"es"}]}},"_links":{"self":[{"href":"https:\/\/refarmil.com\/es\/wp-json\/wp\/v2\/pages\/1693","targetHints":{"allow":["GET"]}}],"collection":[{"href":"https:\/\/refarmil.com\/es\/wp-json\/wp\/v2\/pages"}],"about":[{"href":"https:\/\/refarmil.com\/es\/wp-json\/wp\/v2\/types\/page"}],"author":[{"embeddable":true,"href":"https:\/\/refarmil.com\/es\/wp-json\/wp\/v2\/users\/1"}],"replies":[{"embeddable":true,"href":"https:\/\/refarmil.com\/es\/wp-json\/wp\/v2\/comments?post=1693"}],"version-history":[{"count":56,"href":"https:\/\/refarmil.com\/es\/wp-json\/wp\/v2\/pages\/1693\/revisions"}],"predecessor-version":[{"id":2053,"href":"https:\/\/refarmil.com\/es\/wp-json\/wp\/v2\/pages\/1693\/revisions\/2053"}],"wp:attachment":[{"href":"https:\/\/refarmil.com\/es\/wp-json\/wp\/v2\/media?parent=1693"}],"curies":[{"name":"wp","href":"https:\/\/api.w.org\/{rel}","templated":true}]}}