{"id":1732,"date":"2026-03-17T16:32:01","date_gmt":"2026-03-17T16:32:01","guid":{"rendered":"https:\/\/refarmil.com\/es\/?page_id=1732"},"modified":"2026-03-31T18:47:07","modified_gmt":"2026-03-31T18:47:07","slug":"diamond","status":"publish","type":"page","link":"https:\/\/refarmil.com\/es\/diamond\/","title":{"rendered":"Diamond"},"content":{"rendered":"\t\t<div data-elementor-type=\"wp-page\" data-elementor-id=\"1732\" class=\"elementor elementor-1732\" data-elementor-post-type=\"page\">\n\t\t\t\t<div class=\"elementor-element elementor-element-63ff4c30 e-con-full e-flex e-con e-parent\" data-id=\"63ff4c30\" data-element_type=\"container\" data-e-type=\"container\" data-settings=\"{&quot;background_background&quot;:&quot;classic&quot;}\">\n\t\t<div class=\"elementor-element elementor-element-28002b50 e-flex e-con-boxed e-con e-child\" data-id=\"28002b50\" data-element_type=\"container\" data-e-type=\"container\">\n\t\t\t\t\t<div class=\"e-con-inner\">\n\t\t\t\t<div class=\"elementor-element elementor-element-235e57ae elementor-invisible elementor-widget elementor-widget-heading\" data-id=\"235e57ae\" data-element_type=\"widget\" data-e-type=\"widget\" data-settings=\"{&quot;_animation&quot;:&quot;fadeIn&quot;}\" data-widget_type=\"heading.default\">\n\t\t\t\t\t<h1 class=\"elementor-heading-title elementor-size-default\">Diamond<\/h1>\t\t\t\t<\/div>\n\t\t<div class=\"elementor-element elementor-element-28978815 e-con-full e-flex e-con e-child\" data-id=\"28978815\" data-element_type=\"container\" data-e-type=\"container\">\n\t\t\t\t<div class=\"elementor-element elementor-element-35df2b18 elementor-widget elementor-widget-text-editor\" data-id=\"35df2b18\" data-element_type=\"widget\" data-e-type=\"widget\" data-widget_type=\"text-editor.default\">\n\t\t\t\t\t\t\t\t\t<p><a href=\"https:\/\/refarmil.com\/es\/\">Inicio<\/a> &#8211; Marcas &#8211; Eukanuba<\/p>\t\t\t\t\t\t\t\t<\/div>\n\t\t\t\t<\/div>\n\t\t\t\t\t<\/div>\n\t\t\t\t<\/div>\n\t\t\t\t<\/div>\n\t\t<div class=\"elementor-element elementor-element-3361beda e-flex e-con-boxed e-con e-parent\" data-id=\"3361beda\" data-element_type=\"container\" data-e-type=\"container\">\n\t\t\t\t\t<div class=\"e-con-inner\">\n\t\t<div class=\"elementor-element elementor-element-5713d252 e-con-full e-flex elementor-invisible e-con e-child\" data-id=\"5713d252\" data-element_type=\"container\" data-e-type=\"container\" data-settings=\"{&quot;animation&quot;:&quot;fadeInLeft&quot;}\">\n\t\t\t\t<div class=\"elementor-element elementor-element-c1b7265 elementor-invisible elementor-widget elementor-widget-image\" data-id=\"c1b7265\" data-element_type=\"widget\" data-e-type=\"widget\" data-settings=\"{&quot;_animation&quot;:&quot;fadeInLeft&quot;}\" data-widget_type=\"image.default\">\n\t\t\t\t\t\t\t\t\t\t\t\t\t\t\t<img fetchpriority=\"high\" decoding=\"async\" width=\"600\" height=\"117\" src=\"https:\/\/refarmil.com\/es\/wp-content\/uploads\/2026\/03\/log-diamons-naturals.png\" class=\"attachment-large size-large wp-image-1808\" alt=\"\" srcset=\"https:\/\/refarmil.com\/es\/wp-content\/uploads\/2026\/03\/log-diamons-naturals.png 600w, https:\/\/refarmil.com\/es\/wp-content\/uploads\/2026\/03\/log-diamons-naturals-300x59.png 300w\" sizes=\"(max-width: 600px) 100vw, 600px\" \/>\t\t\t\t\t\t\t\t\t\t\t\t\t\t\t<\/div>\n\t\t\t\t<div class=\"elementor-element elementor-element-3b07c73a elementor-widget elementor-widget-image\" data-id=\"3b07c73a\" data-element_type=\"widget\" data-e-type=\"widget\" data-widget_type=\"image.default\">\n\t\t\t\t\t\t\t\t\t\t\t\t\t\t\t<img decoding=\"async\" width=\"675\" height=\"558\" src=\"https:\/\/refarmil.com\/es\/wp-content\/uploads\/2026\/03\/ner-productos-diamond.png\" class=\"attachment-large size-large wp-image-1755\" alt=\"\" srcset=\"https:\/\/refarmil.com\/es\/wp-content\/uploads\/2026\/03\/ner-productos-diamond.png 675w, https:\/\/refarmil.com\/es\/wp-content\/uploads\/2026\/03\/ner-productos-diamond-300x248.png 300w, https:\/\/refarmil.com\/es\/wp-content\/uploads\/2026\/03\/ner-productos-diamond-600x496.png 600w\" sizes=\"(max-width: 675px) 100vw, 675px\" \/>\t\t\t\t\t\t\t\t\t\t\t\t\t\t\t<\/div>\n\t\t\t\t<\/div>\n\t\t<div class=\"elementor-element elementor-element-45ae4b21 e-con-full e-flex elementor-invisible e-con e-child\" data-id=\"45ae4b21\" data-element_type=\"container\" data-e-type=\"container\" data-settings=\"{&quot;animation&quot;:&quot;fadeInRight&quot;}\">\n\t\t\t\t<div class=\"elementor-element elementor-element-3bce0668 elementor-widget-divider--view-line elementor-widget elementor-widget-divider\" data-id=\"3bce0668\" data-element_type=\"widget\" data-e-type=\"widget\" data-widget_type=\"divider.default\">\n\t\t\t\t\t\t\t<div class=\"elementor-divider\">\n\t\t\t<span class=\"elementor-divider-separator\">\n\t\t\t\t\t\t<\/span>\n\t\t<\/div>\n\t\t\t\t\t\t<\/div>\n\t\t\t\t<div class=\"elementor-element elementor-element-24f562ab elementor-widget elementor-widget-heading\" data-id=\"24f562ab\" data-element_type=\"widget\" data-e-type=\"widget\" data-widget_type=\"heading.default\">\n\t\t\t\t\t<div class=\"elementor-heading-title elementor-size-default\">MARCA<\/div>\t\t\t\t<\/div>\n\t\t\t\t<div class=\"elementor-element elementor-element-4d61cf34 elementor-widget elementor-widget-heading\" data-id=\"4d61cf34\" data-element_type=\"widget\" data-e-type=\"widget\" data-widget_type=\"heading.default\">\n\t\t\t\t\t<h2 class=\"elementor-heading-title elementor-size-default\">Diamond<\/h2>\t\t\t\t<\/div>\n\t\t\t\t<div class=\"elementor-element elementor-element-2d7de94a elementor-widget elementor-widget-text-editor\" data-id=\"2d7de94a\" data-element_type=\"widget\" data-e-type=\"widget\" data-widget_type=\"text-editor.default\">\n\t\t\t\t\t\t\t\t\t<p>Diamond es una marca reconocida por ofrecer alimentos de alta calidad para animales, incluyendo l\u00edneas para mascotas y nutrici\u00f3n equina. Sus f\u00f3rmulas est\u00e1n elaboradas con ingredientes cuidadosamente seleccionados para proporcionar una nutrici\u00f3n completa y equilibrada, adaptada a las necesidades de cada especie y etapa de vida. Diamond contribuye a la salud, el bienestar y el rendimiento, destac\u00e1ndose por combinar calidad, confianza y accesibilidad para propietarios, criadores y profesionales del sector.<\/p>\t\t\t\t\t\t\t\t<\/div>\n\t\t\t\t<div class=\"elementor-element elementor-element-cd01696 elementor-mobile-align-center elementor-widget elementor-widget-button\" data-id=\"cd01696\" data-element_type=\"widget\" data-e-type=\"widget\" data-widget_type=\"button.default\">\n\t\t\t\t\t\t\t\t\t\t<a class=\"elementor-button elementor-button-link elementor-size-sm\" href=\"https:\/\/refarmil.com\/es\/categoria-producto\/diamond\/\">\n\t\t\t\t\t\t<span class=\"elementor-button-content-wrapper\">\n\t\t\t\t\t\t\t\t\t<span class=\"elementor-button-text\">Ver productos<\/span>\n\t\t\t\t\t<\/span>\n\t\t\t\t\t<\/a>\n\t\t\t\t\t\t\t\t<\/div>\n\t\t\t\t<\/div>\n\t\t\t\t\t<\/div>\n\t\t\t\t<\/div>\n\t\t<div class=\"elementor-element elementor-element-9daf35c e-flex e-con-boxed e-con e-parent\" data-id=\"9daf35c\" data-element_type=\"container\" data-e-type=\"container\">\n\t\t\t\t\t<div class=\"e-con-inner\">\n\t\t<div class=\"elementor-element elementor-element-2be0ca5 e-con-full e-flex e-con e-child\" data-id=\"2be0ca5\" data-element_type=\"container\" data-e-type=\"container\">\n\t\t\t\t<div class=\"elementor-element elementor-element-931bc54 elementor-widget elementor-widget-image\" data-id=\"931bc54\" data-element_type=\"widget\" data-e-type=\"widget\" data-widget_type=\"image.default\">\n\t\t\t\t\t\t\t\t\t\t\t\t\t\t\t<img decoding=\"async\" width=\"268\" height=\"250\" src=\"https:\/\/refarmil.com\/es\/wp-content\/uploads\/2026\/03\/log-diamond.png\" class=\"attachment-large size-large wp-image-1815\" alt=\"\" \/>\t\t\t\t\t\t\t\t\t\t\t\t\t\t\t<\/div>\n\t\t\t\t<\/div>\n\t\t<div class=\"elementor-element elementor-element-750f3ae e-con-full e-flex e-con e-child\" data-id=\"750f3ae\" data-element_type=\"container\" data-e-type=\"container\">\n\t\t\t\t<div class=\"elementor-element elementor-element-fe84198 elementor-widget elementor-widget-image\" data-id=\"fe84198\" data-element_type=\"widget\" data-e-type=\"widget\" data-widget_type=\"image.default\">\n\t\t\t\t\t\t\t\t\t\t\t\t\t\t\t<img loading=\"lazy\" decoding=\"async\" width=\"250\" height=\"121\" src=\"https:\/\/refarmil.com\/es\/wp-content\/uploads\/2026\/03\/log-diamond-care.png\" class=\"attachment-large size-large wp-image-1816\" alt=\"\" \/>\t\t\t\t\t\t\t\t\t\t\t\t\t\t\t<\/div>\n\t\t\t\t<\/div>\n\t\t\t\t\t<\/div>\n\t\t\t\t<\/div>\n\t\t\t\t<\/div>\n\t\t","protected":false},"excerpt":{"rendered":"<p>Diamond Inicio &#8211; Marcas &#8211; Eukanuba MARCA Diamond Diamond es una marca reconocida por ofrecer alimentos de alta calidad para animales, incluyendo l\u00edneas para mascotas y nutrici\u00f3n equina. Sus f\u00f3rmulas est\u00e1n elaboradas con ingredientes cuidadosamente seleccionados para proporcionar una nutrici\u00f3n completa y equilibrada, adaptada a las necesidades de cada especie y etapa de vida. Diamond [&hellip;]<\/p>\n","protected":false},"author":1,"featured_media":0,"parent":0,"menu_order":0,"comment_status":"closed","ping_status":"closed","template":"","meta":{"_joinchat":[],"footnotes":""},"class_list":["post-1732","page","type-page","status-publish","hentry"],"blocksy_meta":[],"yoast_head":"<!-- This site is optimized with the Yoast SEO plugin v27.3 - https:\/\/yoast.com\/product\/yoast-seo-wordpress\/ -->\n<title>Diamond Naturals en Panam\u00e1 | Alimentos para Perros y Gatos<\/title>\n<meta name=\"description\" content=\"Descubre Diamond Naturals en Panam\u00e1, alimentos de alta calidad para perros y gatos. Opciones para cada etapa de vida con la confianza y respaldo de REFARMIL.\" \/>\n<meta name=\"robots\" content=\"index, follow, max-snippet:-1, max-image-preview:large, max-video-preview:-1\" \/>\n<link rel=\"canonical\" href=\"https:\/\/refarmil.com\/es\/diamond\/\" \/>\n<meta property=\"og:locale\" content=\"es_ES\" \/>\n<meta property=\"og:type\" content=\"article\" \/>\n<meta property=\"og:title\" content=\"Diamond Naturals en Panam\u00e1 | Alimentos para Perros y Gatos\" \/>\n<meta property=\"og:description\" content=\"Descubre Diamond Naturals en Panam\u00e1, alimentos de alta calidad para perros y gatos. Opciones para cada etapa de vida con la confianza y respaldo de REFARMIL.\" \/>\n<meta property=\"og:url\" content=\"https:\/\/refarmil.com\/es\/diamond\/\" \/>\n<meta property=\"article:modified_time\" content=\"2026-03-31T18:47:07+00:00\" \/>\n<meta property=\"og:image\" content=\"https:\/\/refarmil.com\/es\/wp-content\/uploads\/2026\/03\/log-diamons-naturals.png\" \/>\n<meta name=\"twitter:card\" content=\"summary_large_image\" \/>\n<meta name=\"twitter:label1\" content=\"Tiempo de lectura\" \/>\n\t<meta name=\"twitter:data1\" content=\"2 minutos\" \/>\n<script type=\"application\/ld+json\" class=\"yoast-schema-graph\">{\"@context\":\"https:\\\/\\\/schema.org\",\"@graph\":[{\"@type\":\"WebPage\",\"@id\":\"https:\\\/\\\/refarmil.com\\\/es\\\/diamond\\\/\",\"url\":\"https:\\\/\\\/refarmil.com\\\/es\\\/diamond\\\/\",\"name\":\"Diamond Naturals en Panam\u00e1 | Alimentos para Perros y Gatos\",\"isPartOf\":{\"@id\":\"https:\\\/\\\/refarmil.com\\\/es\\\/#website\"},\"primaryImageOfPage\":{\"@id\":\"https:\\\/\\\/refarmil.com\\\/es\\\/diamond\\\/#primaryimage\"},\"image\":{\"@id\":\"https:\\\/\\\/refarmil.com\\\/es\\\/diamond\\\/#primaryimage\"},\"thumbnailUrl\":\"https:\\\/\\\/refarmil.com\\\/es\\\/wp-content\\\/uploads\\\/2026\\\/03\\\/log-diamons-naturals.png\",\"datePublished\":\"2026-03-17T16:32:01+00:00\",\"dateModified\":\"2026-03-31T18:47:07+00:00\",\"description\":\"Descubre Diamond Naturals en Panam\u00e1, alimentos de alta calidad para perros y gatos. Opciones para cada etapa de vida con la confianza y respaldo de REFARMIL.\",\"breadcrumb\":{\"@id\":\"https:\\\/\\\/refarmil.com\\\/es\\\/diamond\\\/#breadcrumb\"},\"inLanguage\":\"es\",\"potentialAction\":[{\"@type\":\"ReadAction\",\"target\":[\"https:\\\/\\\/refarmil.com\\\/es\\\/diamond\\\/\"]}]},{\"@type\":\"ImageObject\",\"inLanguage\":\"es\",\"@id\":\"https:\\\/\\\/refarmil.com\\\/es\\\/diamond\\\/#primaryimage\",\"url\":\"https:\\\/\\\/refarmil.com\\\/es\\\/wp-content\\\/uploads\\\/2026\\\/03\\\/log-diamons-naturals.png\",\"contentUrl\":\"https:\\\/\\\/refarmil.com\\\/es\\\/wp-content\\\/uploads\\\/2026\\\/03\\\/log-diamons-naturals.png\",\"width\":600,\"height\":117},{\"@type\":\"BreadcrumbList\",\"@id\":\"https:\\\/\\\/refarmil.com\\\/es\\\/diamond\\\/#breadcrumb\",\"itemListElement\":[{\"@type\":\"ListItem\",\"position\":1,\"name\":\"Portada\",\"item\":\"https:\\\/\\\/refarmil.com\\\/es\\\/\"},{\"@type\":\"ListItem\",\"position\":2,\"name\":\"Diamond\"}]},{\"@type\":\"WebSite\",\"@id\":\"https:\\\/\\\/refarmil.com\\\/es\\\/#website\",\"url\":\"https:\\\/\\\/refarmil.com\\\/es\\\/\",\"name\":\"\",\"description\":\"\",\"potentialAction\":[{\"@type\":\"SearchAction\",\"target\":{\"@type\":\"EntryPoint\",\"urlTemplate\":\"https:\\\/\\\/refarmil.com\\\/es\\\/?s={search_term_string}\"},\"query-input\":{\"@type\":\"PropertyValueSpecification\",\"valueRequired\":true,\"valueName\":\"search_term_string\"}}],\"inLanguage\":\"es\"}]}<\/script>\n<!-- \/ Yoast SEO plugin. -->","yoast_head_json":{"title":"Diamond Naturals en Panam\u00e1 | Alimentos para Perros y Gatos","description":"Descubre Diamond Naturals en Panam\u00e1, alimentos de alta calidad para perros y gatos. Opciones para cada etapa de vida con la confianza y respaldo de REFARMIL.","robots":{"index":"index","follow":"follow","max-snippet":"max-snippet:-1","max-image-preview":"max-image-preview:large","max-video-preview":"max-video-preview:-1"},"canonical":"https:\/\/refarmil.com\/es\/diamond\/","og_locale":"es_ES","og_type":"article","og_title":"Diamond Naturals en Panam\u00e1 | Alimentos para Perros y Gatos","og_description":"Descubre Diamond Naturals en Panam\u00e1, alimentos de alta calidad para perros y gatos. Opciones para cada etapa de vida con la confianza y respaldo de REFARMIL.","og_url":"https:\/\/refarmil.com\/es\/diamond\/","article_modified_time":"2026-03-31T18:47:07+00:00","og_image":[{"url":"https:\/\/refarmil.com\/es\/wp-content\/uploads\/2026\/03\/log-diamons-naturals.png","type":"","width":"","height":""}],"twitter_card":"summary_large_image","twitter_misc":{"Tiempo de lectura":"2 minutos"},"schema":{"@context":"https:\/\/schema.org","@graph":[{"@type":"WebPage","@id":"https:\/\/refarmil.com\/es\/diamond\/","url":"https:\/\/refarmil.com\/es\/diamond\/","name":"Diamond Naturals en Panam\u00e1 | Alimentos para Perros y Gatos","isPartOf":{"@id":"https:\/\/refarmil.com\/es\/#website"},"primaryImageOfPage":{"@id":"https:\/\/refarmil.com\/es\/diamond\/#primaryimage"},"image":{"@id":"https:\/\/refarmil.com\/es\/diamond\/#primaryimage"},"thumbnailUrl":"https:\/\/refarmil.com\/es\/wp-content\/uploads\/2026\/03\/log-diamons-naturals.png","datePublished":"2026-03-17T16:32:01+00:00","dateModified":"2026-03-31T18:47:07+00:00","description":"Descubre Diamond Naturals en Panam\u00e1, alimentos de alta calidad para perros y gatos. Opciones para cada etapa de vida con la confianza y respaldo de REFARMIL.","breadcrumb":{"@id":"https:\/\/refarmil.com\/es\/diamond\/#breadcrumb"},"inLanguage":"es","potentialAction":[{"@type":"ReadAction","target":["https:\/\/refarmil.com\/es\/diamond\/"]}]},{"@type":"ImageObject","inLanguage":"es","@id":"https:\/\/refarmil.com\/es\/diamond\/#primaryimage","url":"https:\/\/refarmil.com\/es\/wp-content\/uploads\/2026\/03\/log-diamons-naturals.png","contentUrl":"https:\/\/refarmil.com\/es\/wp-content\/uploads\/2026\/03\/log-diamons-naturals.png","width":600,"height":117},{"@type":"BreadcrumbList","@id":"https:\/\/refarmil.com\/es\/diamond\/#breadcrumb","itemListElement":[{"@type":"ListItem","position":1,"name":"Portada","item":"https:\/\/refarmil.com\/es\/"},{"@type":"ListItem","position":2,"name":"Diamond"}]},{"@type":"WebSite","@id":"https:\/\/refarmil.com\/es\/#website","url":"https:\/\/refarmil.com\/es\/","name":"","description":"","potentialAction":[{"@type":"SearchAction","target":{"@type":"EntryPoint","urlTemplate":"https:\/\/refarmil.com\/es\/?s={search_term_string}"},"query-input":{"@type":"PropertyValueSpecification","valueRequired":true,"valueName":"search_term_string"}}],"inLanguage":"es"}]}},"_links":{"self":[{"href":"https:\/\/refarmil.com\/es\/wp-json\/wp\/v2\/pages\/1732","targetHints":{"allow":["GET"]}}],"collection":[{"href":"https:\/\/refarmil.com\/es\/wp-json\/wp\/v2\/pages"}],"about":[{"href":"https:\/\/refarmil.com\/es\/wp-json\/wp\/v2\/types\/page"}],"author":[{"embeddable":true,"href":"https:\/\/refarmil.com\/es\/wp-json\/wp\/v2\/users\/1"}],"replies":[{"embeddable":true,"href":"https:\/\/refarmil.com\/es\/wp-json\/wp\/v2\/comments?post=1732"}],"version-history":[{"count":34,"href":"https:\/\/refarmil.com\/es\/wp-json\/wp\/v2\/pages\/1732\/revisions"}],"predecessor-version":[{"id":1825,"href":"https:\/\/refarmil.com\/es\/wp-json\/wp\/v2\/pages\/1732\/revisions\/1825"}],"wp:attachment":[{"href":"https:\/\/refarmil.com\/es\/wp-json\/wp\/v2\/media?parent=1732"}],"curies":[{"name":"wp","href":"https:\/\/api.w.org\/{rel}","templated":true}]}}