{"id":1768,"date":"2026-03-17T19:12:00","date_gmt":"2026-03-17T19:12:00","guid":{"rendered":"https:\/\/refarmil.com\/es\/?page_id=1768"},"modified":"2026-03-31T18:51:32","modified_gmt":"2026-03-31T18:51:32","slug":"vetnil","status":"publish","type":"page","link":"https:\/\/refarmil.com\/es\/vetnil\/","title":{"rendered":"Vetnil"},"content":{"rendered":"\t\t<div data-elementor-type=\"wp-page\" data-elementor-id=\"1768\" class=\"elementor elementor-1768\" data-elementor-post-type=\"page\">\n\t\t\t\t<div class=\"elementor-element elementor-element-2f379285 e-con-full e-flex e-con e-parent\" data-id=\"2f379285\" data-element_type=\"container\" data-e-type=\"container\" data-settings=\"{&quot;background_background&quot;:&quot;classic&quot;}\">\n\t\t<div class=\"elementor-element elementor-element-139131a6 e-flex e-con-boxed e-con e-child\" data-id=\"139131a6\" data-element_type=\"container\" data-e-type=\"container\">\n\t\t\t\t\t<div class=\"e-con-inner\">\n\t\t\t\t<div class=\"elementor-element elementor-element-18de05bb elementor-invisible elementor-widget elementor-widget-heading\" data-id=\"18de05bb\" data-element_type=\"widget\" data-e-type=\"widget\" data-settings=\"{&quot;_animation&quot;:&quot;fadeIn&quot;}\" data-widget_type=\"heading.default\">\n\t\t\t\t\t<h1 class=\"elementor-heading-title elementor-size-default\">Vetnil<\/h1>\t\t\t\t<\/div>\n\t\t<div class=\"elementor-element elementor-element-53cbec8d e-con-full e-flex e-con e-child\" data-id=\"53cbec8d\" data-element_type=\"container\" data-e-type=\"container\">\n\t\t\t\t<div class=\"elementor-element elementor-element-c65daf4 elementor-widget elementor-widget-text-editor\" data-id=\"c65daf4\" data-element_type=\"widget\" data-e-type=\"widget\" data-widget_type=\"text-editor.default\">\n\t\t\t\t\t\t\t\t\t<p><a href=\"https:\/\/refarmil.com\/es\/\">Inicio<\/a> &#8211; Marcas &#8211; Vetnil<\/p>\t\t\t\t\t\t\t\t<\/div>\n\t\t\t\t<\/div>\n\t\t\t\t\t<\/div>\n\t\t\t\t<\/div>\n\t\t\t\t<\/div>\n\t\t<div class=\"elementor-element elementor-element-5fce88be e-flex e-con-boxed e-con e-parent\" data-id=\"5fce88be\" data-element_type=\"container\" data-e-type=\"container\">\n\t\t\t\t\t<div class=\"e-con-inner\">\n\t\t<div class=\"elementor-element elementor-element-36500601 e-con-full e-flex elementor-invisible e-con e-child\" data-id=\"36500601\" data-element_type=\"container\" data-e-type=\"container\" data-settings=\"{&quot;animation&quot;:&quot;fadeInLeft&quot;}\">\n\t\t\t\t<div class=\"elementor-element elementor-element-db44e72 elementor-invisible elementor-widget elementor-widget-image\" data-id=\"db44e72\" data-element_type=\"widget\" data-e-type=\"widget\" data-settings=\"{&quot;_animation&quot;:&quot;fadeInLeft&quot;}\" data-widget_type=\"image.default\">\n\t\t\t\t\t\t\t\t\t\t\t\t\t\t\t<img fetchpriority=\"high\" decoding=\"async\" width=\"600\" height=\"102\" src=\"https:\/\/refarmil.com\/es\/wp-content\/uploads\/2026\/03\/log-vetnil.png\" class=\"attachment-large size-large wp-image-1795\" alt=\"\" srcset=\"https:\/\/refarmil.com\/es\/wp-content\/uploads\/2026\/03\/log-vetnil.png 600w, https:\/\/refarmil.com\/es\/wp-content\/uploads\/2026\/03\/log-vetnil-300x51.png 300w\" sizes=\"(max-width: 600px) 100vw, 600px\" \/>\t\t\t\t\t\t\t\t\t\t\t\t\t\t\t<\/div>\n\t\t\t\t<div class=\"elementor-element elementor-element-310e5b93 elementor-widget elementor-widget-image\" data-id=\"310e5b93\" data-element_type=\"widget\" data-e-type=\"widget\" data-widget_type=\"image.default\">\n\t\t\t\t\t\t\t\t\t\t\t\t\t\t\t<img decoding=\"async\" width=\"675\" height=\"558\" src=\"https:\/\/refarmil.com\/es\/wp-content\/uploads\/2026\/03\/ner-productos-vetnil.png\" class=\"attachment-large size-large wp-image-1772\" alt=\"\" srcset=\"https:\/\/refarmil.com\/es\/wp-content\/uploads\/2026\/03\/ner-productos-vetnil.png 675w, https:\/\/refarmil.com\/es\/wp-content\/uploads\/2026\/03\/ner-productos-vetnil-300x248.png 300w, https:\/\/refarmil.com\/es\/wp-content\/uploads\/2026\/03\/ner-productos-vetnil-600x496.png 600w\" sizes=\"(max-width: 675px) 100vw, 675px\" \/>\t\t\t\t\t\t\t\t\t\t\t\t\t\t\t<\/div>\n\t\t\t\t<\/div>\n\t\t<div class=\"elementor-element elementor-element-567c2e01 e-con-full e-flex elementor-invisible e-con e-child\" data-id=\"567c2e01\" data-element_type=\"container\" data-e-type=\"container\" data-settings=\"{&quot;animation&quot;:&quot;fadeInUp&quot;}\">\n\t\t\t\t<div class=\"elementor-element elementor-element-7a1c0636 elementor-widget-divider--view-line elementor-widget elementor-widget-divider\" data-id=\"7a1c0636\" data-element_type=\"widget\" data-e-type=\"widget\" data-widget_type=\"divider.default\">\n\t\t\t\t\t\t\t<div class=\"elementor-divider\">\n\t\t\t<span class=\"elementor-divider-separator\">\n\t\t\t\t\t\t<\/span>\n\t\t<\/div>\n\t\t\t\t\t\t<\/div>\n\t\t\t\t<div class=\"elementor-element elementor-element-c3a6dcb elementor-widget elementor-widget-heading\" data-id=\"c3a6dcb\" data-element_type=\"widget\" data-e-type=\"widget\" data-widget_type=\"heading.default\">\n\t\t\t\t\t<div class=\"elementor-heading-title elementor-size-default\">MARCA<\/div>\t\t\t\t<\/div>\n\t\t\t\t<div class=\"elementor-element elementor-element-46bbd1c0 elementor-widget elementor-widget-heading\" data-id=\"46bbd1c0\" data-element_type=\"widget\" data-e-type=\"widget\" data-widget_type=\"heading.default\">\n\t\t\t\t\t<h2 class=\"elementor-heading-title elementor-size-default\">Vetnil<\/h2>\t\t\t\t<\/div>\n\t\t\t\t<div class=\"elementor-element elementor-element-7004124f elementor-widget elementor-widget-text-editor\" data-id=\"7004124f\" data-element_type=\"widget\" data-e-type=\"widget\" data-widget_type=\"text-editor.default\">\n\t\t\t\t\t\t\t\t\t<p>Vetnil es una marca reconocida internacionalmente por el desarrollo de soluciones veterinarias, vitaminas y suplementos nutricionales para peque\u00f1as y grandes especies. Sus productos est\u00e1n dise\u00f1ados para apoyar la salud, el rendimiento y la recuperaci\u00f3n de los animales, siendo ampliamente utilizados por profesionales veterinarios.<\/p>\t\t\t\t\t\t\t\t<\/div>\n\t\t\t\t<div class=\"elementor-element elementor-element-552204a5 elementor-mobile-align-center elementor-widget elementor-widget-button\" data-id=\"552204a5\" data-element_type=\"widget\" data-e-type=\"widget\" data-widget_type=\"button.default\">\n\t\t\t\t\t\t\t\t\t\t<a class=\"elementor-button elementor-button-link elementor-size-sm\" href=\"https:\/\/refarmil.com\/es\/categoria-producto\/vetnil\/\">\n\t\t\t\t\t\t<span class=\"elementor-button-content-wrapper\">\n\t\t\t\t\t\t\t\t\t<span class=\"elementor-button-text\">Ver productos<\/span>\n\t\t\t\t\t<\/span>\n\t\t\t\t\t<\/a>\n\t\t\t\t\t\t\t\t<\/div>\n\t\t\t\t<\/div>\n\t\t\t\t\t<\/div>\n\t\t\t\t<\/div>\n\t\t\t\t<\/div>\n\t\t","protected":false},"excerpt":{"rendered":"<p>Vetnil Inicio &#8211; Marcas &#8211; Vetnil MARCA Vetnil Vetnil es una marca reconocida internacionalmente por el desarrollo de soluciones veterinarias, vitaminas y suplementos nutricionales para peque\u00f1as y grandes especies. Sus productos est\u00e1n dise\u00f1ados para apoyar la salud, el rendimiento y la recuperaci\u00f3n de los animales, siendo ampliamente utilizados por profesionales veterinarios. Ver productos<\/p>\n","protected":false},"author":1,"featured_media":0,"parent":0,"menu_order":0,"comment_status":"open","ping_status":"closed","template":"","meta":{"_joinchat":[],"footnotes":""},"class_list":["post-1768","page","type-page","status-publish","hentry"],"blocksy_meta":[],"yoast_head":"<!-- This site is optimized with the Yoast SEO plugin v27.3 - https:\/\/yoast.com\/product\/yoast-seo-wordpress\/ -->\n<title>Vetnil en Panam\u00e1 | Vitaminas y Suplementos para Animales<\/title>\n<meta name=\"description\" content=\"Descubre Vetnil en Panam\u00e1, vitaminas y suplementos para animales que apoyan la salud, el rendimiento y el bienestar. Calidad y respaldo de REFARMIL.\" \/>\n<meta name=\"robots\" content=\"index, follow, max-snippet:-1, max-image-preview:large, max-video-preview:-1\" \/>\n<link rel=\"canonical\" href=\"https:\/\/refarmil.com\/es\/vetnil\/\" \/>\n<meta property=\"og:locale\" content=\"es_ES\" \/>\n<meta property=\"og:type\" content=\"article\" \/>\n<meta property=\"og:title\" content=\"Vetnil en Panam\u00e1 | Vitaminas y Suplementos para Animales\" \/>\n<meta property=\"og:description\" content=\"Descubre Vetnil en Panam\u00e1, vitaminas y suplementos para animales que apoyan la salud, el rendimiento y el bienestar. Calidad y respaldo de REFARMIL.\" \/>\n<meta property=\"og:url\" content=\"https:\/\/refarmil.com\/es\/vetnil\/\" \/>\n<meta property=\"article:modified_time\" content=\"2026-03-31T18:51:32+00:00\" \/>\n<meta property=\"og:image\" content=\"https:\/\/refarmil.com\/es\/wp-content\/uploads\/2026\/03\/log-vetnil.png\" \/>\n<meta name=\"twitter:card\" content=\"summary_large_image\" \/>\n<meta name=\"twitter:label1\" content=\"Tiempo de lectura\" \/>\n\t<meta name=\"twitter:data1\" content=\"1 minuto\" \/>\n<script type=\"application\/ld+json\" class=\"yoast-schema-graph\">{\"@context\":\"https:\\\/\\\/schema.org\",\"@graph\":[{\"@type\":\"WebPage\",\"@id\":\"https:\\\/\\\/refarmil.com\\\/es\\\/vetnil\\\/\",\"url\":\"https:\\\/\\\/refarmil.com\\\/es\\\/vetnil\\\/\",\"name\":\"Vetnil en Panam\u00e1 | Vitaminas y Suplementos para Animales\",\"isPartOf\":{\"@id\":\"https:\\\/\\\/refarmil.com\\\/es\\\/#website\"},\"primaryImageOfPage\":{\"@id\":\"https:\\\/\\\/refarmil.com\\\/es\\\/vetnil\\\/#primaryimage\"},\"image\":{\"@id\":\"https:\\\/\\\/refarmil.com\\\/es\\\/vetnil\\\/#primaryimage\"},\"thumbnailUrl\":\"https:\\\/\\\/refarmil.com\\\/es\\\/wp-content\\\/uploads\\\/2026\\\/03\\\/log-vetnil.png\",\"datePublished\":\"2026-03-17T19:12:00+00:00\",\"dateModified\":\"2026-03-31T18:51:32+00:00\",\"description\":\"Descubre Vetnil en Panam\u00e1, vitaminas y suplementos para animales que apoyan la salud, el rendimiento y el bienestar. Calidad y respaldo de REFARMIL.\",\"breadcrumb\":{\"@id\":\"https:\\\/\\\/refarmil.com\\\/es\\\/vetnil\\\/#breadcrumb\"},\"inLanguage\":\"es\",\"potentialAction\":[{\"@type\":\"ReadAction\",\"target\":[\"https:\\\/\\\/refarmil.com\\\/es\\\/vetnil\\\/\"]}]},{\"@type\":\"ImageObject\",\"inLanguage\":\"es\",\"@id\":\"https:\\\/\\\/refarmil.com\\\/es\\\/vetnil\\\/#primaryimage\",\"url\":\"https:\\\/\\\/refarmil.com\\\/es\\\/wp-content\\\/uploads\\\/2026\\\/03\\\/log-vetnil.png\",\"contentUrl\":\"https:\\\/\\\/refarmil.com\\\/es\\\/wp-content\\\/uploads\\\/2026\\\/03\\\/log-vetnil.png\",\"width\":600,\"height\":102},{\"@type\":\"BreadcrumbList\",\"@id\":\"https:\\\/\\\/refarmil.com\\\/es\\\/vetnil\\\/#breadcrumb\",\"itemListElement\":[{\"@type\":\"ListItem\",\"position\":1,\"name\":\"Portada\",\"item\":\"https:\\\/\\\/refarmil.com\\\/es\\\/\"},{\"@type\":\"ListItem\",\"position\":2,\"name\":\"Vetnil\"}]},{\"@type\":\"WebSite\",\"@id\":\"https:\\\/\\\/refarmil.com\\\/es\\\/#website\",\"url\":\"https:\\\/\\\/refarmil.com\\\/es\\\/\",\"name\":\"\",\"description\":\"\",\"potentialAction\":[{\"@type\":\"SearchAction\",\"target\":{\"@type\":\"EntryPoint\",\"urlTemplate\":\"https:\\\/\\\/refarmil.com\\\/es\\\/?s={search_term_string}\"},\"query-input\":{\"@type\":\"PropertyValueSpecification\",\"valueRequired\":true,\"valueName\":\"search_term_string\"}}],\"inLanguage\":\"es\"}]}<\/script>\n<!-- \/ Yoast SEO plugin. -->","yoast_head_json":{"title":"Vetnil en Panam\u00e1 | Vitaminas y Suplementos para Animales","description":"Descubre Vetnil en Panam\u00e1, vitaminas y suplementos para animales que apoyan la salud, el rendimiento y el bienestar. Calidad y respaldo de REFARMIL.","robots":{"index":"index","follow":"follow","max-snippet":"max-snippet:-1","max-image-preview":"max-image-preview:large","max-video-preview":"max-video-preview:-1"},"canonical":"https:\/\/refarmil.com\/es\/vetnil\/","og_locale":"es_ES","og_type":"article","og_title":"Vetnil en Panam\u00e1 | Vitaminas y Suplementos para Animales","og_description":"Descubre Vetnil en Panam\u00e1, vitaminas y suplementos para animales que apoyan la salud, el rendimiento y el bienestar. Calidad y respaldo de REFARMIL.","og_url":"https:\/\/refarmil.com\/es\/vetnil\/","article_modified_time":"2026-03-31T18:51:32+00:00","og_image":[{"url":"https:\/\/refarmil.com\/es\/wp-content\/uploads\/2026\/03\/log-vetnil.png","type":"","width":"","height":""}],"twitter_card":"summary_large_image","twitter_misc":{"Tiempo de lectura":"1 minuto"},"schema":{"@context":"https:\/\/schema.org","@graph":[{"@type":"WebPage","@id":"https:\/\/refarmil.com\/es\/vetnil\/","url":"https:\/\/refarmil.com\/es\/vetnil\/","name":"Vetnil en Panam\u00e1 | Vitaminas y Suplementos para Animales","isPartOf":{"@id":"https:\/\/refarmil.com\/es\/#website"},"primaryImageOfPage":{"@id":"https:\/\/refarmil.com\/es\/vetnil\/#primaryimage"},"image":{"@id":"https:\/\/refarmil.com\/es\/vetnil\/#primaryimage"},"thumbnailUrl":"https:\/\/refarmil.com\/es\/wp-content\/uploads\/2026\/03\/log-vetnil.png","datePublished":"2026-03-17T19:12:00+00:00","dateModified":"2026-03-31T18:51:32+00:00","description":"Descubre Vetnil en Panam\u00e1, vitaminas y suplementos para animales que apoyan la salud, el rendimiento y el bienestar. Calidad y respaldo de REFARMIL.","breadcrumb":{"@id":"https:\/\/refarmil.com\/es\/vetnil\/#breadcrumb"},"inLanguage":"es","potentialAction":[{"@type":"ReadAction","target":["https:\/\/refarmil.com\/es\/vetnil\/"]}]},{"@type":"ImageObject","inLanguage":"es","@id":"https:\/\/refarmil.com\/es\/vetnil\/#primaryimage","url":"https:\/\/refarmil.com\/es\/wp-content\/uploads\/2026\/03\/log-vetnil.png","contentUrl":"https:\/\/refarmil.com\/es\/wp-content\/uploads\/2026\/03\/log-vetnil.png","width":600,"height":102},{"@type":"BreadcrumbList","@id":"https:\/\/refarmil.com\/es\/vetnil\/#breadcrumb","itemListElement":[{"@type":"ListItem","position":1,"name":"Portada","item":"https:\/\/refarmil.com\/es\/"},{"@type":"ListItem","position":2,"name":"Vetnil"}]},{"@type":"WebSite","@id":"https:\/\/refarmil.com\/es\/#website","url":"https:\/\/refarmil.com\/es\/","name":"","description":"","potentialAction":[{"@type":"SearchAction","target":{"@type":"EntryPoint","urlTemplate":"https:\/\/refarmil.com\/es\/?s={search_term_string}"},"query-input":{"@type":"PropertyValueSpecification","valueRequired":true,"valueName":"search_term_string"}}],"inLanguage":"es"}]}},"_links":{"self":[{"href":"https:\/\/refarmil.com\/es\/wp-json\/wp\/v2\/pages\/1768","targetHints":{"allow":["GET"]}}],"collection":[{"href":"https:\/\/refarmil.com\/es\/wp-json\/wp\/v2\/pages"}],"about":[{"href":"https:\/\/refarmil.com\/es\/wp-json\/wp\/v2\/types\/page"}],"author":[{"embeddable":true,"href":"https:\/\/refarmil.com\/es\/wp-json\/wp\/v2\/users\/1"}],"replies":[{"embeddable":true,"href":"https:\/\/refarmil.com\/es\/wp-json\/wp\/v2\/comments?post=1768"}],"version-history":[{"count":22,"href":"https:\/\/refarmil.com\/es\/wp-json\/wp\/v2\/pages\/1768\/revisions"}],"predecessor-version":[{"id":2060,"href":"https:\/\/refarmil.com\/es\/wp-json\/wp\/v2\/pages\/1768\/revisions\/2060"}],"wp:attachment":[{"href":"https:\/\/refarmil.com\/es\/wp-json\/wp\/v2\/media?parent=1768"}],"curies":[{"name":"wp","href":"https:\/\/api.w.org\/{rel}","templated":true}]}}