{"id":1826,"date":"2026-03-17T20:16:49","date_gmt":"2026-03-17T20:16:49","guid":{"rendered":"https:\/\/refarmil.com\/es\/?page_id=1826"},"modified":"2026-03-31T18:54:42","modified_gmt":"2026-03-31T18:54:42","slug":"premium-pet-products","status":"publish","type":"page","link":"https:\/\/refarmil.com\/es\/premium-pet-products\/","title":{"rendered":"Premium Pet Products"},"content":{"rendered":"\t\t<div data-elementor-type=\"wp-page\" data-elementor-id=\"1826\" class=\"elementor elementor-1826\" data-elementor-post-type=\"page\">\n\t\t\t\t<div class=\"elementor-element elementor-element-6f93095d e-con-full e-flex e-con e-parent\" data-id=\"6f93095d\" data-element_type=\"container\" data-e-type=\"container\" data-settings=\"{&quot;background_background&quot;:&quot;classic&quot;}\">\n\t\t<div class=\"elementor-element elementor-element-547fa76 e-flex e-con-boxed e-con e-child\" data-id=\"547fa76\" data-element_type=\"container\" data-e-type=\"container\">\n\t\t\t\t\t<div class=\"e-con-inner\">\n\t\t\t\t<div class=\"elementor-element elementor-element-5dda9f53 elementor-invisible elementor-widget elementor-widget-heading\" data-id=\"5dda9f53\" data-element_type=\"widget\" data-e-type=\"widget\" data-settings=\"{&quot;_animation&quot;:&quot;fadeIn&quot;}\" data-widget_type=\"heading.default\">\n\t\t\t\t\t<h1 class=\"elementor-heading-title elementor-size-default\">Premium Pet Products<\/h1>\t\t\t\t<\/div>\n\t\t<div class=\"elementor-element elementor-element-792c1d5 e-con-full e-flex e-con e-child\" data-id=\"792c1d5\" data-element_type=\"container\" data-e-type=\"container\">\n\t\t\t\t<div class=\"elementor-element elementor-element-4a30e5fc elementor-widget elementor-widget-text-editor\" data-id=\"4a30e5fc\" data-element_type=\"widget\" data-e-type=\"widget\" data-widget_type=\"text-editor.default\">\n\t\t\t\t\t\t\t\t\t<p><a href=\"https:\/\/refarmil.com\/es\/\">Inicio<\/a> &#8211; Marcas &#8211; PPP<\/p>\t\t\t\t\t\t\t\t<\/div>\n\t\t\t\t<\/div>\n\t\t\t\t\t<\/div>\n\t\t\t\t<\/div>\n\t\t\t\t<\/div>\n\t\t<div class=\"elementor-element elementor-element-263c52da e-flex e-con-boxed e-con e-parent\" data-id=\"263c52da\" data-element_type=\"container\" data-e-type=\"container\">\n\t\t\t\t\t<div class=\"e-con-inner\">\n\t\t<div class=\"elementor-element elementor-element-780f5a44 e-con-full e-flex elementor-invisible e-con e-child\" data-id=\"780f5a44\" data-element_type=\"container\" data-e-type=\"container\" data-settings=\"{&quot;animation&quot;:&quot;fadeInLeft&quot;}\">\n\t\t\t\t<div class=\"elementor-element elementor-element-5143b5a elementor-invisible elementor-widget elementor-widget-image\" data-id=\"5143b5a\" data-element_type=\"widget\" data-e-type=\"widget\" data-settings=\"{&quot;_animation&quot;:&quot;fadeInLeft&quot;}\" data-widget_type=\"image.default\">\n\t\t\t\t\t\t\t\t\t\t\t\t\t\t\t<img decoding=\"async\" width=\"364\" height=\"130\" src=\"https:\/\/refarmil.com\/es\/wp-content\/uploads\/2026\/03\/log-ppp.png\" class=\"attachment-large size-large wp-image-1835\" alt=\"\" srcset=\"https:\/\/refarmil.com\/es\/wp-content\/uploads\/2026\/03\/log-ppp.png 364w, https:\/\/refarmil.com\/es\/wp-content\/uploads\/2026\/03\/log-ppp-300x107.png 300w\" sizes=\"(max-width: 364px) 100vw, 364px\" \/>\t\t\t\t\t\t\t\t\t\t\t\t\t\t\t<\/div>\n\t\t\t\t<div class=\"elementor-element elementor-element-31b10afb elementor-widget elementor-widget-image\" data-id=\"31b10afb\" data-element_type=\"widget\" data-e-type=\"widget\" data-widget_type=\"image.default\">\n\t\t\t\t\t\t\t\t\t\t\t\t\t\t\t<img fetchpriority=\"high\" decoding=\"async\" width=\"675\" height=\"558\" src=\"https:\/\/refarmil.com\/es\/wp-content\/uploads\/2026\/03\/ner-ppp.png\" class=\"attachment-large size-large wp-image-1830\" alt=\"\" srcset=\"https:\/\/refarmil.com\/es\/wp-content\/uploads\/2026\/03\/ner-ppp.png 675w, https:\/\/refarmil.com\/es\/wp-content\/uploads\/2026\/03\/ner-ppp-300x248.png 300w, https:\/\/refarmil.com\/es\/wp-content\/uploads\/2026\/03\/ner-ppp-600x496.png 600w\" sizes=\"(max-width: 675px) 100vw, 675px\" \/>\t\t\t\t\t\t\t\t\t\t\t\t\t\t\t<\/div>\n\t\t\t\t<\/div>\n\t\t<div class=\"elementor-element elementor-element-7a49e6f8 e-con-full e-flex elementor-invisible e-con e-child\" data-id=\"7a49e6f8\" data-element_type=\"container\" data-e-type=\"container\" data-settings=\"{&quot;animation&quot;:&quot;fadeInRight&quot;}\">\n\t\t\t\t<div class=\"elementor-element elementor-element-19a4d399 elementor-widget-divider--view-line elementor-widget elementor-widget-divider\" data-id=\"19a4d399\" data-element_type=\"widget\" data-e-type=\"widget\" data-widget_type=\"divider.default\">\n\t\t\t\t\t\t\t<div class=\"elementor-divider\">\n\t\t\t<span class=\"elementor-divider-separator\">\n\t\t\t\t\t\t<\/span>\n\t\t<\/div>\n\t\t\t\t\t\t<\/div>\n\t\t\t\t<div class=\"elementor-element elementor-element-1d175304 elementor-widget elementor-widget-heading\" data-id=\"1d175304\" data-element_type=\"widget\" data-e-type=\"widget\" data-widget_type=\"heading.default\">\n\t\t\t\t\t<div class=\"elementor-heading-title elementor-size-default\">MARCA<\/div>\t\t\t\t<\/div>\n\t\t\t\t<div class=\"elementor-element elementor-element-780ac913 elementor-widget elementor-widget-heading\" data-id=\"780ac913\" data-element_type=\"widget\" data-e-type=\"widget\" data-widget_type=\"heading.default\">\n\t\t\t\t\t<h2 class=\"elementor-heading-title elementor-size-default\">Premium Pet Products<\/h2>\t\t\t\t<\/div>\n\t\t\t\t<div class=\"elementor-element elementor-element-7cf1fecf elementor-widget elementor-widget-text-editor\" data-id=\"7cf1fecf\" data-element_type=\"widget\" data-e-type=\"widget\" data-widget_type=\"text-editor.default\">\n\t\t\t\t\t\t\t\t\t<p>Premium Pet Products marca desarrollada para ofrecer soluciones pr\u00e1cticas y confiables para el cuidado diario de las mascotas. Su l\u00ednea incluye productos dise\u00f1ados para brindar comodidad, higiene y bienestar a los animales que forman parte de la familia.<\/p>\t\t\t\t\t\t\t\t<\/div>\n\t\t\t\t<div class=\"elementor-element elementor-element-970c65a elementor-mobile-align-center elementor-widget elementor-widget-button\" data-id=\"970c65a\" data-element_type=\"widget\" data-e-type=\"widget\" data-widget_type=\"button.default\">\n\t\t\t\t\t\t\t\t\t\t<a class=\"elementor-button elementor-button-link elementor-size-sm\" href=\"https:\/\/refarmil.com\/es\/categoria-producto\/premium-pet-products\/\">\n\t\t\t\t\t\t<span class=\"elementor-button-content-wrapper\">\n\t\t\t\t\t\t\t\t\t<span class=\"elementor-button-text\">Ver productos<\/span>\n\t\t\t\t\t<\/span>\n\t\t\t\t\t<\/a>\n\t\t\t\t\t\t\t\t<\/div>\n\t\t\t\t<\/div>\n\t\t\t\t\t<\/div>\n\t\t\t\t<\/div>\n\t\t\t\t<\/div>\n\t\t","protected":false},"excerpt":{"rendered":"<p>Premium Pet Products Inicio &#8211; Marcas &#8211; PPP MARCA Premium Pet Products Premium Pet Products marca desarrollada para ofrecer soluciones pr\u00e1cticas y confiables para el cuidado diario de las mascotas. Su l\u00ednea incluye productos dise\u00f1ados para brindar comodidad, higiene y bienestar a los animales que forman parte de la familia. Ver productos<\/p>\n","protected":false},"author":1,"featured_media":0,"parent":0,"menu_order":0,"comment_status":"closed","ping_status":"closed","template":"","meta":{"_joinchat":[],"footnotes":""},"class_list":["post-1826","page","type-page","status-publish","hentry"],"blocksy_meta":[],"yoast_head":"<!-- This site is optimized with the Yoast SEO plugin v27.3 - https:\/\/yoast.com\/product\/yoast-seo-wordpress\/ -->\n<title>Premium Pet Products Panam\u00e1 | Accesorios para Animales<\/title>\n<meta name=\"description\" content=\"Premium Pet Products en Panam\u00e1, con accesorios y productos para el cuidado, higiene y bienestar de los animales. Calidad y respaldo de REFARMIL.\" \/>\n<meta name=\"robots\" content=\"index, follow, max-snippet:-1, max-image-preview:large, max-video-preview:-1\" \/>\n<link rel=\"canonical\" href=\"https:\/\/refarmil.com\/es\/premium-pet-products\/\" \/>\n<meta property=\"og:locale\" content=\"es_ES\" \/>\n<meta property=\"og:type\" content=\"article\" \/>\n<meta property=\"og:title\" content=\"Premium Pet Products Panam\u00e1 | Accesorios para Animales\" \/>\n<meta property=\"og:description\" content=\"Premium Pet Products en Panam\u00e1, con accesorios y productos para el cuidado, higiene y bienestar de los animales. Calidad y respaldo de REFARMIL.\" \/>\n<meta property=\"og:url\" content=\"https:\/\/refarmil.com\/es\/premium-pet-products\/\" \/>\n<meta property=\"article:modified_time\" content=\"2026-03-31T18:54:42+00:00\" \/>\n<meta property=\"og:image\" content=\"https:\/\/refarmil.com\/es\/wp-content\/uploads\/2026\/03\/log-ppp.png\" \/>\n<meta name=\"twitter:card\" content=\"summary_large_image\" \/>\n<meta name=\"twitter:label1\" content=\"Tiempo de lectura\" \/>\n\t<meta name=\"twitter:data1\" content=\"1 minuto\" \/>\n<script type=\"application\/ld+json\" class=\"yoast-schema-graph\">{\"@context\":\"https:\\\/\\\/schema.org\",\"@graph\":[{\"@type\":\"WebPage\",\"@id\":\"https:\\\/\\\/refarmil.com\\\/es\\\/premium-pet-products\\\/\",\"url\":\"https:\\\/\\\/refarmil.com\\\/es\\\/premium-pet-products\\\/\",\"name\":\"Premium Pet Products Panam\u00e1 | Accesorios para Animales\",\"isPartOf\":{\"@id\":\"https:\\\/\\\/refarmil.com\\\/es\\\/#website\"},\"primaryImageOfPage\":{\"@id\":\"https:\\\/\\\/refarmil.com\\\/es\\\/premium-pet-products\\\/#primaryimage\"},\"image\":{\"@id\":\"https:\\\/\\\/refarmil.com\\\/es\\\/premium-pet-products\\\/#primaryimage\"},\"thumbnailUrl\":\"https:\\\/\\\/refarmil.com\\\/es\\\/wp-content\\\/uploads\\\/2026\\\/03\\\/log-ppp.png\",\"datePublished\":\"2026-03-17T20:16:49+00:00\",\"dateModified\":\"2026-03-31T18:54:42+00:00\",\"description\":\"Premium Pet Products en Panam\u00e1, con accesorios y productos para el cuidado, higiene y bienestar de los animales. Calidad y respaldo de REFARMIL.\",\"breadcrumb\":{\"@id\":\"https:\\\/\\\/refarmil.com\\\/es\\\/premium-pet-products\\\/#breadcrumb\"},\"inLanguage\":\"es\",\"potentialAction\":[{\"@type\":\"ReadAction\",\"target\":[\"https:\\\/\\\/refarmil.com\\\/es\\\/premium-pet-products\\\/\"]}]},{\"@type\":\"ImageObject\",\"inLanguage\":\"es\",\"@id\":\"https:\\\/\\\/refarmil.com\\\/es\\\/premium-pet-products\\\/#primaryimage\",\"url\":\"https:\\\/\\\/refarmil.com\\\/es\\\/wp-content\\\/uploads\\\/2026\\\/03\\\/log-ppp.png\",\"contentUrl\":\"https:\\\/\\\/refarmil.com\\\/es\\\/wp-content\\\/uploads\\\/2026\\\/03\\\/log-ppp.png\",\"width\":364,\"height\":130},{\"@type\":\"BreadcrumbList\",\"@id\":\"https:\\\/\\\/refarmil.com\\\/es\\\/premium-pet-products\\\/#breadcrumb\",\"itemListElement\":[{\"@type\":\"ListItem\",\"position\":1,\"name\":\"Portada\",\"item\":\"https:\\\/\\\/refarmil.com\\\/es\\\/\"},{\"@type\":\"ListItem\",\"position\":2,\"name\":\"Premium Pet Products\"}]},{\"@type\":\"WebSite\",\"@id\":\"https:\\\/\\\/refarmil.com\\\/es\\\/#website\",\"url\":\"https:\\\/\\\/refarmil.com\\\/es\\\/\",\"name\":\"\",\"description\":\"\",\"potentialAction\":[{\"@type\":\"SearchAction\",\"target\":{\"@type\":\"EntryPoint\",\"urlTemplate\":\"https:\\\/\\\/refarmil.com\\\/es\\\/?s={search_term_string}\"},\"query-input\":{\"@type\":\"PropertyValueSpecification\",\"valueRequired\":true,\"valueName\":\"search_term_string\"}}],\"inLanguage\":\"es\"}]}<\/script>\n<!-- \/ Yoast SEO plugin. -->","yoast_head_json":{"title":"Premium Pet Products Panam\u00e1 | Accesorios para Animales","description":"Premium Pet Products en Panam\u00e1, con accesorios y productos para el cuidado, higiene y bienestar de los animales. Calidad y respaldo de REFARMIL.","robots":{"index":"index","follow":"follow","max-snippet":"max-snippet:-1","max-image-preview":"max-image-preview:large","max-video-preview":"max-video-preview:-1"},"canonical":"https:\/\/refarmil.com\/es\/premium-pet-products\/","og_locale":"es_ES","og_type":"article","og_title":"Premium Pet Products Panam\u00e1 | Accesorios para Animales","og_description":"Premium Pet Products en Panam\u00e1, con accesorios y productos para el cuidado, higiene y bienestar de los animales. Calidad y respaldo de REFARMIL.","og_url":"https:\/\/refarmil.com\/es\/premium-pet-products\/","article_modified_time":"2026-03-31T18:54:42+00:00","og_image":[{"url":"https:\/\/refarmil.com\/es\/wp-content\/uploads\/2026\/03\/log-ppp.png","type":"","width":"","height":""}],"twitter_card":"summary_large_image","twitter_misc":{"Tiempo de lectura":"1 minuto"},"schema":{"@context":"https:\/\/schema.org","@graph":[{"@type":"WebPage","@id":"https:\/\/refarmil.com\/es\/premium-pet-products\/","url":"https:\/\/refarmil.com\/es\/premium-pet-products\/","name":"Premium Pet Products Panam\u00e1 | Accesorios para Animales","isPartOf":{"@id":"https:\/\/refarmil.com\/es\/#website"},"primaryImageOfPage":{"@id":"https:\/\/refarmil.com\/es\/premium-pet-products\/#primaryimage"},"image":{"@id":"https:\/\/refarmil.com\/es\/premium-pet-products\/#primaryimage"},"thumbnailUrl":"https:\/\/refarmil.com\/es\/wp-content\/uploads\/2026\/03\/log-ppp.png","datePublished":"2026-03-17T20:16:49+00:00","dateModified":"2026-03-31T18:54:42+00:00","description":"Premium Pet Products en Panam\u00e1, con accesorios y productos para el cuidado, higiene y bienestar de los animales. Calidad y respaldo de REFARMIL.","breadcrumb":{"@id":"https:\/\/refarmil.com\/es\/premium-pet-products\/#breadcrumb"},"inLanguage":"es","potentialAction":[{"@type":"ReadAction","target":["https:\/\/refarmil.com\/es\/premium-pet-products\/"]}]},{"@type":"ImageObject","inLanguage":"es","@id":"https:\/\/refarmil.com\/es\/premium-pet-products\/#primaryimage","url":"https:\/\/refarmil.com\/es\/wp-content\/uploads\/2026\/03\/log-ppp.png","contentUrl":"https:\/\/refarmil.com\/es\/wp-content\/uploads\/2026\/03\/log-ppp.png","width":364,"height":130},{"@type":"BreadcrumbList","@id":"https:\/\/refarmil.com\/es\/premium-pet-products\/#breadcrumb","itemListElement":[{"@type":"ListItem","position":1,"name":"Portada","item":"https:\/\/refarmil.com\/es\/"},{"@type":"ListItem","position":2,"name":"Premium Pet Products"}]},{"@type":"WebSite","@id":"https:\/\/refarmil.com\/es\/#website","url":"https:\/\/refarmil.com\/es\/","name":"","description":"","potentialAction":[{"@type":"SearchAction","target":{"@type":"EntryPoint","urlTemplate":"https:\/\/refarmil.com\/es\/?s={search_term_string}"},"query-input":{"@type":"PropertyValueSpecification","valueRequired":true,"valueName":"search_term_string"}}],"inLanguage":"es"}]}},"_links":{"self":[{"href":"https:\/\/refarmil.com\/es\/wp-json\/wp\/v2\/pages\/1826","targetHints":{"allow":["GET"]}}],"collection":[{"href":"https:\/\/refarmil.com\/es\/wp-json\/wp\/v2\/pages"}],"about":[{"href":"https:\/\/refarmil.com\/es\/wp-json\/wp\/v2\/types\/page"}],"author":[{"embeddable":true,"href":"https:\/\/refarmil.com\/es\/wp-json\/wp\/v2\/users\/1"}],"replies":[{"embeddable":true,"href":"https:\/\/refarmil.com\/es\/wp-json\/wp\/v2\/comments?post=1826"}],"version-history":[{"count":25,"href":"https:\/\/refarmil.com\/es\/wp-json\/wp\/v2\/pages\/1826\/revisions"}],"predecessor-version":[{"id":2070,"href":"https:\/\/refarmil.com\/es\/wp-json\/wp\/v2\/pages\/1826\/revisions\/2070"}],"wp:attachment":[{"href":"https:\/\/refarmil.com\/es\/wp-json\/wp\/v2\/media?parent=1826"}],"curies":[{"name":"wp","href":"https:\/\/api.w.org\/{rel}","templated":true}]}}