{"id":1001,"date":"2026-03-03T12:21:18","date_gmt":"2026-03-03T12:21:18","guid":{"rendered":"https:\/\/refarmil.com\/es\/?post_type=product&#038;p=1001"},"modified":"2026-03-03T12:26:38","modified_gmt":"2026-03-03T12:26:38","slug":"aminomix-forte-2-5kg-polvo","status":"publish","type":"product","link":"https:\/\/refarmil.com\/es\/producto\/aminomix-forte-2-5kg-polvo\/","title":{"rendered":"Aminomix Forte 2.5Kg (Polvo)"},"content":{"rendered":"<p>Suplementaci\u00f3n de amino\u00e1cidos, vitaminas, macro y microminerales para la alimentaci\u00f3n de equinos, mulares, asininos, avestruces y porcinos. Contiene ingredientes esenciales para la alimentaci\u00f3n de los animales. Re\u00fane en su formulaci\u00f3n macro y microminerales, vitaminas y amino\u00e1cidos, es indicado para animales en etapa de crecimiento, ganancia de masa corporal, est\u00edmulo del apetito y preparaci\u00f3n para competiciones y exposiciones. Adem\u00e1s contiene levaduras vivas (probi\u00f3tico), que ayudan en el desarrollo de una microbiota intestinal sana, que proporciona una mejor digestibilidad de los alimentos y, consecuentemente, una mejor conversi\u00f3n alimentaria.<\/p>\n","protected":false},"excerpt":{"rendered":"<p>Suplementaci\u00f3n de amino\u00e1cidos, vitaminas, macro y microminerales para la alimentaci\u00f3n de equinos, mulares, asininos, avestruces y porcinos. Contiene ingredientes esenciales para la alimentaci\u00f3n de los animales. Re\u00fane en su formulaci\u00f3n macro y microminerales, vitaminas y amino\u00e1cidos, es indicado para animales en etapa de crecimiento, ganancia de masa corporal, est\u00edmulo del apetito y preparaci\u00f3n para competiciones y exposiciones. Adem\u00e1s contiene levaduras vivas (probi\u00f3tico), que ayudan en el desarrollo de una microbiota intestinal sana, que proporciona una mejor digestibilidad de los alimentos y, consecuentemente, una mejor conversi\u00f3n alimentaria.<\/p>\n","protected":false},"featured_media":1002,"template":"","meta":{"_joinchat":[]},"product_brand":[],"product_cat":[56,54],"product_tag":[58],"class_list":{"0":"post-1001","1":"product","2":"type-product","3":"status-publish","4":"has-post-thumbnail","6":"product_cat-linea-equinos-y-alto-desempeno","7":"product_cat-vetnil","8":"product_tag-suplementos-veterinarios","10":"first","11":"instock","12":"taxable","13":"shipping-taxable","14":"product-type-simple"},"yoast_head":"<!-- This site is optimized with the Yoast SEO plugin v27.3 - https:\/\/yoast.com\/product\/yoast-seo-wordpress\/ -->\n<title>Aminomix Forte 2.5kg Vetnil en Panam\u00e1 | Suplemento Equinos<\/title>\n<meta name=\"description\" content=\"Aminomix Forte 2.5kg Vetnil disponible en Panam\u00e1. Suplemento con vitaminas, minerales y amino\u00e1cidos para crecimiento, rendimiento y condici\u00f3n f\u00edsica - REFARMIL\" \/>\n<meta name=\"robots\" content=\"index, follow, max-snippet:-1, max-image-preview:large, max-video-preview:-1\" \/>\n<link rel=\"canonical\" href=\"https:\/\/refarmil.com\/es\/producto\/aminomix-forte-2-5kg-polvo\/\" \/>\n<meta property=\"og:locale\" content=\"es_ES\" \/>\n<meta property=\"og:type\" content=\"article\" \/>\n<meta property=\"og:title\" content=\"Aminomix Forte 2.5kg Vetnil en Panam\u00e1 | Suplemento Equinos\" \/>\n<meta property=\"og:description\" content=\"Aminomix Forte 2.5kg Vetnil disponible en Panam\u00e1. Suplemento con vitaminas, minerales y amino\u00e1cidos para crecimiento, rendimiento y condici\u00f3n f\u00edsica - REFARMIL\" \/>\n<meta property=\"og:url\" content=\"https:\/\/refarmil.com\/es\/producto\/aminomix-forte-2-5kg-polvo\/\" \/>\n<meta property=\"article:modified_time\" content=\"2026-03-03T12:26:38+00:00\" \/>\n<meta property=\"og:image\" content=\"https:\/\/refarmil.com\/es\/wp-content\/uploads\/2026\/03\/aminomix-fuerte.webp\" \/>\n\t<meta property=\"og:image:width\" content=\"700\" \/>\n\t<meta property=\"og:image:height\" content=\"700\" \/>\n\t<meta property=\"og:image:type\" content=\"image\/webp\" \/>\n<meta name=\"twitter:card\" content=\"summary_large_image\" \/>\n<meta name=\"twitter:label1\" content=\"Tiempo de lectura\" \/>\n\t<meta name=\"twitter:data1\" content=\"1 minuto\" \/>\n<script type=\"application\/ld+json\" class=\"yoast-schema-graph\">{\"@context\":\"https:\\\/\\\/schema.org\",\"@graph\":[{\"@type\":\"WebPage\",\"@id\":\"https:\\\/\\\/refarmil.com\\\/es\\\/producto\\\/aminomix-forte-2-5kg-polvo\\\/\",\"url\":\"https:\\\/\\\/refarmil.com\\\/es\\\/producto\\\/aminomix-forte-2-5kg-polvo\\\/\",\"name\":\"Aminomix Forte 2.5kg Vetnil en Panam\u00e1 | Suplemento Equinos\",\"isPartOf\":{\"@id\":\"https:\\\/\\\/refarmil.com\\\/es\\\/#website\"},\"primaryImageOfPage\":{\"@id\":\"https:\\\/\\\/refarmil.com\\\/es\\\/producto\\\/aminomix-forte-2-5kg-polvo\\\/#primaryimage\"},\"image\":{\"@id\":\"https:\\\/\\\/refarmil.com\\\/es\\\/producto\\\/aminomix-forte-2-5kg-polvo\\\/#primaryimage\"},\"thumbnailUrl\":\"https:\\\/\\\/refarmil.com\\\/es\\\/wp-content\\\/uploads\\\/2026\\\/03\\\/aminomix-fuerte.webp\",\"datePublished\":\"2026-03-03T12:21:18+00:00\",\"dateModified\":\"2026-03-03T12:26:38+00:00\",\"description\":\"Aminomix Forte 2.5kg Vetnil disponible en Panam\u00e1. Suplemento con vitaminas, minerales y amino\u00e1cidos para crecimiento, rendimiento y condici\u00f3n f\u00edsica - REFARMIL\",\"breadcrumb\":{\"@id\":\"https:\\\/\\\/refarmil.com\\\/es\\\/producto\\\/aminomix-forte-2-5kg-polvo\\\/#breadcrumb\"},\"inLanguage\":\"es\",\"potentialAction\":[{\"@type\":\"ReadAction\",\"target\":[\"https:\\\/\\\/refarmil.com\\\/es\\\/producto\\\/aminomix-forte-2-5kg-polvo\\\/\"]}]},{\"@type\":\"ImageObject\",\"inLanguage\":\"es\",\"@id\":\"https:\\\/\\\/refarmil.com\\\/es\\\/producto\\\/aminomix-forte-2-5kg-polvo\\\/#primaryimage\",\"url\":\"https:\\\/\\\/refarmil.com\\\/es\\\/wp-content\\\/uploads\\\/2026\\\/03\\\/aminomix-fuerte.webp\",\"contentUrl\":\"https:\\\/\\\/refarmil.com\\\/es\\\/wp-content\\\/uploads\\\/2026\\\/03\\\/aminomix-fuerte.webp\",\"width\":700,\"height\":700},{\"@type\":\"BreadcrumbList\",\"@id\":\"https:\\\/\\\/refarmil.com\\\/es\\\/producto\\\/aminomix-forte-2-5kg-polvo\\\/#breadcrumb\",\"itemListElement\":[{\"@type\":\"ListItem\",\"position\":1,\"name\":\"Portada\",\"item\":\"https:\\\/\\\/refarmil.com\\\/es\\\/\"},{\"@type\":\"ListItem\",\"position\":2,\"name\":\"Productos\",\"item\":\"https:\\\/\\\/refarmil.com\\\/es\\\/productos\\\/\"},{\"@type\":\"ListItem\",\"position\":3,\"name\":\"Aminomix Forte 2.5Kg (Polvo)\"}]},{\"@type\":\"WebSite\",\"@id\":\"https:\\\/\\\/refarmil.com\\\/es\\\/#website\",\"url\":\"https:\\\/\\\/refarmil.com\\\/es\\\/\",\"name\":\"\",\"description\":\"\",\"potentialAction\":[{\"@type\":\"SearchAction\",\"target\":{\"@type\":\"EntryPoint\",\"urlTemplate\":\"https:\\\/\\\/refarmil.com\\\/es\\\/?s={search_term_string}\"},\"query-input\":{\"@type\":\"PropertyValueSpecification\",\"valueRequired\":true,\"valueName\":\"search_term_string\"}}],\"inLanguage\":\"es\"}]}<\/script>\n<!-- \/ Yoast SEO plugin. -->","yoast_head_json":{"title":"Aminomix Forte 2.5kg Vetnil en Panam\u00e1 | Suplemento Equinos","description":"Aminomix Forte 2.5kg Vetnil disponible en Panam\u00e1. Suplemento con vitaminas, minerales y amino\u00e1cidos para crecimiento, rendimiento y condici\u00f3n f\u00edsica - REFARMIL","robots":{"index":"index","follow":"follow","max-snippet":"max-snippet:-1","max-image-preview":"max-image-preview:large","max-video-preview":"max-video-preview:-1"},"canonical":"https:\/\/refarmil.com\/es\/producto\/aminomix-forte-2-5kg-polvo\/","og_locale":"es_ES","og_type":"article","og_title":"Aminomix Forte 2.5kg Vetnil en Panam\u00e1 | Suplemento Equinos","og_description":"Aminomix Forte 2.5kg Vetnil disponible en Panam\u00e1. Suplemento con vitaminas, minerales y amino\u00e1cidos para crecimiento, rendimiento y condici\u00f3n f\u00edsica - REFARMIL","og_url":"https:\/\/refarmil.com\/es\/producto\/aminomix-forte-2-5kg-polvo\/","article_modified_time":"2026-03-03T12:26:38+00:00","og_image":[{"width":700,"height":700,"url":"https:\/\/refarmil.com\/es\/wp-content\/uploads\/2026\/03\/aminomix-fuerte.webp","type":"image\/webp"}],"twitter_card":"summary_large_image","twitter_misc":{"Tiempo de lectura":"1 minuto"},"schema":{"@context":"https:\/\/schema.org","@graph":[{"@type":"WebPage","@id":"https:\/\/refarmil.com\/es\/producto\/aminomix-forte-2-5kg-polvo\/","url":"https:\/\/refarmil.com\/es\/producto\/aminomix-forte-2-5kg-polvo\/","name":"Aminomix Forte 2.5kg Vetnil en Panam\u00e1 | Suplemento Equinos","isPartOf":{"@id":"https:\/\/refarmil.com\/es\/#website"},"primaryImageOfPage":{"@id":"https:\/\/refarmil.com\/es\/producto\/aminomix-forte-2-5kg-polvo\/#primaryimage"},"image":{"@id":"https:\/\/refarmil.com\/es\/producto\/aminomix-forte-2-5kg-polvo\/#primaryimage"},"thumbnailUrl":"https:\/\/refarmil.com\/es\/wp-content\/uploads\/2026\/03\/aminomix-fuerte.webp","datePublished":"2026-03-03T12:21:18+00:00","dateModified":"2026-03-03T12:26:38+00:00","description":"Aminomix Forte 2.5kg Vetnil disponible en Panam\u00e1. Suplemento con vitaminas, minerales y amino\u00e1cidos para crecimiento, rendimiento y condici\u00f3n f\u00edsica - REFARMIL","breadcrumb":{"@id":"https:\/\/refarmil.com\/es\/producto\/aminomix-forte-2-5kg-polvo\/#breadcrumb"},"inLanguage":"es","potentialAction":[{"@type":"ReadAction","target":["https:\/\/refarmil.com\/es\/producto\/aminomix-forte-2-5kg-polvo\/"]}]},{"@type":"ImageObject","inLanguage":"es","@id":"https:\/\/refarmil.com\/es\/producto\/aminomix-forte-2-5kg-polvo\/#primaryimage","url":"https:\/\/refarmil.com\/es\/wp-content\/uploads\/2026\/03\/aminomix-fuerte.webp","contentUrl":"https:\/\/refarmil.com\/es\/wp-content\/uploads\/2026\/03\/aminomix-fuerte.webp","width":700,"height":700},{"@type":"BreadcrumbList","@id":"https:\/\/refarmil.com\/es\/producto\/aminomix-forte-2-5kg-polvo\/#breadcrumb","itemListElement":[{"@type":"ListItem","position":1,"name":"Portada","item":"https:\/\/refarmil.com\/es\/"},{"@type":"ListItem","position":2,"name":"Productos","item":"https:\/\/refarmil.com\/es\/productos\/"},{"@type":"ListItem","position":3,"name":"Aminomix Forte 2.5Kg (Polvo)"}]},{"@type":"WebSite","@id":"https:\/\/refarmil.com\/es\/#website","url":"https:\/\/refarmil.com\/es\/","name":"","description":"","potentialAction":[{"@type":"SearchAction","target":{"@type":"EntryPoint","urlTemplate":"https:\/\/refarmil.com\/es\/?s={search_term_string}"},"query-input":{"@type":"PropertyValueSpecification","valueRequired":true,"valueName":"search_term_string"}}],"inLanguage":"es"}]}},"_links":{"self":[{"href":"https:\/\/refarmil.com\/es\/wp-json\/wp\/v2\/product\/1001","targetHints":{"allow":["GET"]}}],"collection":[{"href":"https:\/\/refarmil.com\/es\/wp-json\/wp\/v2\/product"}],"about":[{"href":"https:\/\/refarmil.com\/es\/wp-json\/wp\/v2\/types\/product"}],"wp:featuredmedia":[{"embeddable":true,"href":"https:\/\/refarmil.com\/es\/wp-json\/wp\/v2\/media\/1002"}],"wp:attachment":[{"href":"https:\/\/refarmil.com\/es\/wp-json\/wp\/v2\/media?parent=1001"}],"wp:term":[{"taxonomy":"product_brand","embeddable":true,"href":"https:\/\/refarmil.com\/es\/wp-json\/wp\/v2\/product_brand?post=1001"},{"taxonomy":"product_cat","embeddable":true,"href":"https:\/\/refarmil.com\/es\/wp-json\/wp\/v2\/product_cat?post=1001"},{"taxonomy":"product_tag","embeddable":true,"href":"https:\/\/refarmil.com\/es\/wp-json\/wp\/v2\/product_tag?post=1001"}],"curies":[{"name":"wp","href":"https:\/\/api.w.org\/{rel}","templated":true}]}}