{"id":1021,"date":"2026-03-03T14:03:07","date_gmt":"2026-03-03T14:03:07","guid":{"rendered":"https:\/\/refarmil.com\/es\/?post_type=product&#038;p=1021"},"modified":"2026-03-03T14:03:08","modified_gmt":"2026-03-03T14:03:08","slug":"hemolitant-pet","status":"publish","type":"product","link":"https:\/\/refarmil.com\/es\/producto\/hemolitant-pet\/","title":{"rendered":"Hemolitant Pet"},"content":{"rendered":"<p>HEMOLITAN PET 30ML 8GOTAS)<br \/>\nHEMOLITAN PET 60ML (GOTAS)<\/p>\n<p>Suplemento l\u00edquido para caninos, felinos, must\u00e9lidos, aves, roedores y reptiles, conteniendo elementos esenciales para la mejora del estado nutricional. Indicado tambi\u00e9n durante la fase de crecimiento de los animales.<\/p>\n<p>Hemolitan\u00ae Pet combina en su formulaci\u00f3n vitaminas y oligoelementos que participan directa e indirectamente del metabolismo celular, principalmente de c\u00e9lulas sangu\u00edneas y de otras de r\u00e1pida multiplicaci\u00f3n.<\/p>\n","protected":false},"excerpt":{"rendered":"<p>HEMOLITAN PET 30ML 8GOTAS)<br \/>\nHEMOLITAN PET 60ML (GOTAS)<\/p>\n<p>Suplemento l\u00edquido para caninos, felinos, must\u00e9lidos, aves, roedores y reptiles, conteniendo elementos esenciales para la mejora del estado nutricional. Indicado tambi\u00e9n durante la fase de crecimiento de los animales.<\/p>\n<p>Hemolitan\u00ae Pet combina en su formulaci\u00f3n vitaminas y oligoelementos que participan directa e indirectamente del metabolismo celular, principalmente de c\u00e9lulas sangu\u00edneas y de otras de r\u00e1pida multiplicaci\u00f3n.<\/p>\n","protected":false},"featured_media":1022,"template":"","meta":{"_joinchat":[]},"product_brand":[],"product_cat":[55,54],"product_tag":[63,58],"class_list":{"0":"post-1021","1":"product","2":"type-product","3":"status-publish","4":"has-post-thumbnail","6":"product_cat-linea-salud-y-cuidado-pet","7":"product_cat-vetnil","8":"product_tag-nutricion","9":"product_tag-suplementos-veterinarios","11":"first","12":"instock","13":"taxable","14":"shipping-taxable","15":"product-type-simple"},"yoast_head":"<!-- This site is optimized with the Yoast SEO plugin v27.3 - https:\/\/yoast.com\/product\/yoast-seo-wordpress\/ -->\n<title>Hemolitan Pet Vetnil en Panam\u00e1 | Vitaminas para Mascotas<\/title>\n<meta name=\"description\" content=\"Hemolitan Pet Vetnil disponible en Panam\u00e1. Suplemento con vitaminas y oligoelementos que mejora el estado nutricional y apoya el crecimiento en mascotas - REFARMIL\" \/>\n<meta name=\"robots\" content=\"index, follow, max-snippet:-1, max-image-preview:large, max-video-preview:-1\" \/>\n<link rel=\"canonical\" href=\"https:\/\/refarmil.com\/es\/producto\/hemolitant-pet\/\" \/>\n<meta property=\"og:locale\" content=\"es_ES\" \/>\n<meta property=\"og:type\" content=\"article\" \/>\n<meta property=\"og:title\" content=\"Hemolitan Pet Vetnil en Panam\u00e1 | Vitaminas para Mascotas\" \/>\n<meta property=\"og:description\" content=\"Hemolitan Pet Vetnil disponible en Panam\u00e1. Suplemento con vitaminas y oligoelementos que mejora el estado nutricional y apoya el crecimiento en mascotas - REFARMIL\" \/>\n<meta property=\"og:url\" content=\"https:\/\/refarmil.com\/es\/producto\/hemolitant-pet\/\" \/>\n<meta property=\"article:modified_time\" content=\"2026-03-03T14:03:08+00:00\" \/>\n<meta property=\"og:image\" content=\"https:\/\/refarmil.com\/es\/wp-content\/uploads\/2026\/03\/emolitan-pet.webp\" \/>\n\t<meta property=\"og:image:width\" content=\"700\" \/>\n\t<meta property=\"og:image:height\" content=\"700\" \/>\n\t<meta property=\"og:image:type\" content=\"image\/webp\" \/>\n<meta name=\"twitter:card\" content=\"summary_large_image\" \/>\n<meta name=\"twitter:label1\" content=\"Tiempo de lectura\" \/>\n\t<meta name=\"twitter:data1\" content=\"1 minuto\" \/>\n<script type=\"application\/ld+json\" class=\"yoast-schema-graph\">{\"@context\":\"https:\\\/\\\/schema.org\",\"@graph\":[{\"@type\":\"WebPage\",\"@id\":\"https:\\\/\\\/refarmil.com\\\/es\\\/producto\\\/hemolitant-pet\\\/\",\"url\":\"https:\\\/\\\/refarmil.com\\\/es\\\/producto\\\/hemolitant-pet\\\/\",\"name\":\"Hemolitan Pet Vetnil en Panam\u00e1 | Vitaminas para Mascotas\",\"isPartOf\":{\"@id\":\"https:\\\/\\\/refarmil.com\\\/es\\\/#website\"},\"primaryImageOfPage\":{\"@id\":\"https:\\\/\\\/refarmil.com\\\/es\\\/producto\\\/hemolitant-pet\\\/#primaryimage\"},\"image\":{\"@id\":\"https:\\\/\\\/refarmil.com\\\/es\\\/producto\\\/hemolitant-pet\\\/#primaryimage\"},\"thumbnailUrl\":\"https:\\\/\\\/refarmil.com\\\/es\\\/wp-content\\\/uploads\\\/2026\\\/03\\\/emolitan-pet.webp\",\"datePublished\":\"2026-03-03T14:03:07+00:00\",\"dateModified\":\"2026-03-03T14:03:08+00:00\",\"description\":\"Hemolitan Pet Vetnil disponible en Panam\u00e1. Suplemento con vitaminas y oligoelementos que mejora el estado nutricional y apoya el crecimiento en mascotas - REFARMIL\",\"breadcrumb\":{\"@id\":\"https:\\\/\\\/refarmil.com\\\/es\\\/producto\\\/hemolitant-pet\\\/#breadcrumb\"},\"inLanguage\":\"es\",\"potentialAction\":[{\"@type\":\"ReadAction\",\"target\":[\"https:\\\/\\\/refarmil.com\\\/es\\\/producto\\\/hemolitant-pet\\\/\"]}]},{\"@type\":\"ImageObject\",\"inLanguage\":\"es\",\"@id\":\"https:\\\/\\\/refarmil.com\\\/es\\\/producto\\\/hemolitant-pet\\\/#primaryimage\",\"url\":\"https:\\\/\\\/refarmil.com\\\/es\\\/wp-content\\\/uploads\\\/2026\\\/03\\\/emolitan-pet.webp\",\"contentUrl\":\"https:\\\/\\\/refarmil.com\\\/es\\\/wp-content\\\/uploads\\\/2026\\\/03\\\/emolitan-pet.webp\",\"width\":700,\"height\":700},{\"@type\":\"BreadcrumbList\",\"@id\":\"https:\\\/\\\/refarmil.com\\\/es\\\/producto\\\/hemolitant-pet\\\/#breadcrumb\",\"itemListElement\":[{\"@type\":\"ListItem\",\"position\":1,\"name\":\"Portada\",\"item\":\"https:\\\/\\\/refarmil.com\\\/es\\\/\"},{\"@type\":\"ListItem\",\"position\":2,\"name\":\"Productos\",\"item\":\"https:\\\/\\\/refarmil.com\\\/es\\\/productos\\\/\"},{\"@type\":\"ListItem\",\"position\":3,\"name\":\"Hemolitant Pet\"}]},{\"@type\":\"WebSite\",\"@id\":\"https:\\\/\\\/refarmil.com\\\/es\\\/#website\",\"url\":\"https:\\\/\\\/refarmil.com\\\/es\\\/\",\"name\":\"\",\"description\":\"\",\"potentialAction\":[{\"@type\":\"SearchAction\",\"target\":{\"@type\":\"EntryPoint\",\"urlTemplate\":\"https:\\\/\\\/refarmil.com\\\/es\\\/?s={search_term_string}\"},\"query-input\":{\"@type\":\"PropertyValueSpecification\",\"valueRequired\":true,\"valueName\":\"search_term_string\"}}],\"inLanguage\":\"es\"}]}<\/script>\n<!-- \/ Yoast SEO plugin. -->","yoast_head_json":{"title":"Hemolitan Pet Vetnil en Panam\u00e1 | Vitaminas para Mascotas","description":"Hemolitan Pet Vetnil disponible en Panam\u00e1. Suplemento con vitaminas y oligoelementos que mejora el estado nutricional y apoya el crecimiento en mascotas - REFARMIL","robots":{"index":"index","follow":"follow","max-snippet":"max-snippet:-1","max-image-preview":"max-image-preview:large","max-video-preview":"max-video-preview:-1"},"canonical":"https:\/\/refarmil.com\/es\/producto\/hemolitant-pet\/","og_locale":"es_ES","og_type":"article","og_title":"Hemolitan Pet Vetnil en Panam\u00e1 | Vitaminas para Mascotas","og_description":"Hemolitan Pet Vetnil disponible en Panam\u00e1. Suplemento con vitaminas y oligoelementos que mejora el estado nutricional y apoya el crecimiento en mascotas - REFARMIL","og_url":"https:\/\/refarmil.com\/es\/producto\/hemolitant-pet\/","article_modified_time":"2026-03-03T14:03:08+00:00","og_image":[{"width":700,"height":700,"url":"https:\/\/refarmil.com\/es\/wp-content\/uploads\/2026\/03\/emolitan-pet.webp","type":"image\/webp"}],"twitter_card":"summary_large_image","twitter_misc":{"Tiempo de lectura":"1 minuto"},"schema":{"@context":"https:\/\/schema.org","@graph":[{"@type":"WebPage","@id":"https:\/\/refarmil.com\/es\/producto\/hemolitant-pet\/","url":"https:\/\/refarmil.com\/es\/producto\/hemolitant-pet\/","name":"Hemolitan Pet Vetnil en Panam\u00e1 | Vitaminas para Mascotas","isPartOf":{"@id":"https:\/\/refarmil.com\/es\/#website"},"primaryImageOfPage":{"@id":"https:\/\/refarmil.com\/es\/producto\/hemolitant-pet\/#primaryimage"},"image":{"@id":"https:\/\/refarmil.com\/es\/producto\/hemolitant-pet\/#primaryimage"},"thumbnailUrl":"https:\/\/refarmil.com\/es\/wp-content\/uploads\/2026\/03\/emolitan-pet.webp","datePublished":"2026-03-03T14:03:07+00:00","dateModified":"2026-03-03T14:03:08+00:00","description":"Hemolitan Pet Vetnil disponible en Panam\u00e1. Suplemento con vitaminas y oligoelementos que mejora el estado nutricional y apoya el crecimiento en mascotas - REFARMIL","breadcrumb":{"@id":"https:\/\/refarmil.com\/es\/producto\/hemolitant-pet\/#breadcrumb"},"inLanguage":"es","potentialAction":[{"@type":"ReadAction","target":["https:\/\/refarmil.com\/es\/producto\/hemolitant-pet\/"]}]},{"@type":"ImageObject","inLanguage":"es","@id":"https:\/\/refarmil.com\/es\/producto\/hemolitant-pet\/#primaryimage","url":"https:\/\/refarmil.com\/es\/wp-content\/uploads\/2026\/03\/emolitan-pet.webp","contentUrl":"https:\/\/refarmil.com\/es\/wp-content\/uploads\/2026\/03\/emolitan-pet.webp","width":700,"height":700},{"@type":"BreadcrumbList","@id":"https:\/\/refarmil.com\/es\/producto\/hemolitant-pet\/#breadcrumb","itemListElement":[{"@type":"ListItem","position":1,"name":"Portada","item":"https:\/\/refarmil.com\/es\/"},{"@type":"ListItem","position":2,"name":"Productos","item":"https:\/\/refarmil.com\/es\/productos\/"},{"@type":"ListItem","position":3,"name":"Hemolitant Pet"}]},{"@type":"WebSite","@id":"https:\/\/refarmil.com\/es\/#website","url":"https:\/\/refarmil.com\/es\/","name":"","description":"","potentialAction":[{"@type":"SearchAction","target":{"@type":"EntryPoint","urlTemplate":"https:\/\/refarmil.com\/es\/?s={search_term_string}"},"query-input":{"@type":"PropertyValueSpecification","valueRequired":true,"valueName":"search_term_string"}}],"inLanguage":"es"}]}},"_links":{"self":[{"href":"https:\/\/refarmil.com\/es\/wp-json\/wp\/v2\/product\/1021","targetHints":{"allow":["GET"]}}],"collection":[{"href":"https:\/\/refarmil.com\/es\/wp-json\/wp\/v2\/product"}],"about":[{"href":"https:\/\/refarmil.com\/es\/wp-json\/wp\/v2\/types\/product"}],"wp:featuredmedia":[{"embeddable":true,"href":"https:\/\/refarmil.com\/es\/wp-json\/wp\/v2\/media\/1022"}],"wp:attachment":[{"href":"https:\/\/refarmil.com\/es\/wp-json\/wp\/v2\/media?parent=1021"}],"wp:term":[{"taxonomy":"product_brand","embeddable":true,"href":"https:\/\/refarmil.com\/es\/wp-json\/wp\/v2\/product_brand?post=1021"},{"taxonomy":"product_cat","embeddable":true,"href":"https:\/\/refarmil.com\/es\/wp-json\/wp\/v2\/product_cat?post=1021"},{"taxonomy":"product_tag","embeddable":true,"href":"https:\/\/refarmil.com\/es\/wp-json\/wp\/v2\/product_tag?post=1021"}],"curies":[{"name":"wp","href":"https:\/\/api.w.org\/{rel}","templated":true}]}}