{"id":1027,"date":"2026-03-03T14:17:45","date_gmt":"2026-03-03T14:17:45","guid":{"rendered":"https:\/\/refarmil.com\/es\/?post_type=product&#038;p=1027"},"modified":"2026-03-03T14:27:29","modified_gmt":"2026-03-03T14:27:29","slug":"hep-vet","status":"publish","type":"product","link":"https:\/\/refarmil.com\/es\/producto\/hep-vet\/","title":{"rendered":"Hep Vet"},"content":{"rendered":"<p>HEP VET (30 COMPRIMIDOS) <\/p>\n<p>Hepvet\u00ae es un producto formulado especialmente para auxiliar en el metabolismo de grasas y prote\u00ednas. Contiene nutrientes que act\u00faan sin\u00e9rgicamente, favoreciendo los procesos fisiol\u00f3gicos y la acci\u00f3n de la glutationa.<\/p>\n","protected":false},"excerpt":{"rendered":"<p>HEP VET (30 COMPRIMIDOS)<\/p>\n<p>Hepvet\u00ae es un producto formulado especialmente para auxiliar en el metabolismo de grasas y prote\u00ednas. Contiene nutrientes que act\u00faan sin\u00e9rgicamente, favoreciendo los procesos fisiol\u00f3gicos y la acci\u00f3n de la glutationa.<\/p>\n","protected":false},"featured_media":1028,"template":"","meta":{"_joinchat":[]},"product_brand":[],"product_cat":[55,54],"product_tag":[64,58],"class_list":{"0":"post-1027","1":"product","2":"type-product","3":"status-publish","4":"has-post-thumbnail","6":"product_cat-linea-salud-y-cuidado-pet","7":"product_cat-vetnil","8":"product_tag-salud-hepatica","9":"product_tag-suplementos-veterinarios","11":"first","12":"instock","13":"taxable","14":"shipping-taxable","15":"product-type-simple"},"yoast_head":"<!-- This site is optimized with the Yoast SEO plugin v27.3 - https:\/\/yoast.com\/product\/yoast-seo-wordpress\/ -->\n<title>Hep Vet 30 Comprimidos Vetnil Panam\u00e1 | Salud Hep\u00e1tica Mascotas<\/title>\n<meta name=\"description\" content=\"Hep Vet en tabletas Vetnil en Panam\u00e1. Indicado para apoyar la salud hep\u00e1tica y procesos metab\u00f3licos en mascotas - REFARMIL\" \/>\n<meta name=\"robots\" content=\"index, follow, max-snippet:-1, max-image-preview:large, max-video-preview:-1\" \/>\n<link rel=\"canonical\" href=\"https:\/\/refarmil.com\/es\/producto\/hep-vet\/\" \/>\n<meta property=\"og:locale\" content=\"es_ES\" \/>\n<meta property=\"og:type\" content=\"article\" \/>\n<meta property=\"og:title\" content=\"Hep Vet 30 Comprimidos Vetnil Panam\u00e1 | Salud Hep\u00e1tica Mascotas\" \/>\n<meta property=\"og:description\" content=\"Hep Vet en tabletas Vetnil en Panam\u00e1. Indicado para apoyar la salud hep\u00e1tica y procesos metab\u00f3licos en mascotas - REFARMIL\" \/>\n<meta property=\"og:url\" content=\"https:\/\/refarmil.com\/es\/producto\/hep-vet\/\" \/>\n<meta property=\"article:modified_time\" content=\"2026-03-03T14:27:29+00:00\" \/>\n<meta property=\"og:image\" content=\"https:\/\/refarmil.com\/es\/wp-content\/uploads\/2026\/03\/hepvet.jpg\" \/>\n\t<meta property=\"og:image:width\" content=\"800\" \/>\n\t<meta property=\"og:image:height\" content=\"800\" \/>\n\t<meta property=\"og:image:type\" content=\"image\/jpeg\" \/>\n<meta name=\"twitter:card\" content=\"summary_large_image\" \/>\n<meta name=\"twitter:label1\" content=\"Tiempo de lectura\" \/>\n\t<meta name=\"twitter:data1\" content=\"1 minuto\" \/>\n<script type=\"application\/ld+json\" class=\"yoast-schema-graph\">{\"@context\":\"https:\\\/\\\/schema.org\",\"@graph\":[{\"@type\":\"WebPage\",\"@id\":\"https:\\\/\\\/refarmil.com\\\/es\\\/producto\\\/hep-vet\\\/\",\"url\":\"https:\\\/\\\/refarmil.com\\\/es\\\/producto\\\/hep-vet\\\/\",\"name\":\"Hep Vet 30 Comprimidos Vetnil Panam\u00e1 | Salud Hep\u00e1tica Mascotas\",\"isPartOf\":{\"@id\":\"https:\\\/\\\/refarmil.com\\\/es\\\/#website\"},\"primaryImageOfPage\":{\"@id\":\"https:\\\/\\\/refarmil.com\\\/es\\\/producto\\\/hep-vet\\\/#primaryimage\"},\"image\":{\"@id\":\"https:\\\/\\\/refarmil.com\\\/es\\\/producto\\\/hep-vet\\\/#primaryimage\"},\"thumbnailUrl\":\"https:\\\/\\\/refarmil.com\\\/es\\\/wp-content\\\/uploads\\\/2026\\\/03\\\/hepvet.jpg\",\"datePublished\":\"2026-03-03T14:17:45+00:00\",\"dateModified\":\"2026-03-03T14:27:29+00:00\",\"description\":\"Hep Vet en tabletas Vetnil en Panam\u00e1. Indicado para apoyar la salud hep\u00e1tica y procesos metab\u00f3licos en mascotas - REFARMIL\",\"breadcrumb\":{\"@id\":\"https:\\\/\\\/refarmil.com\\\/es\\\/producto\\\/hep-vet\\\/#breadcrumb\"},\"inLanguage\":\"es\",\"potentialAction\":[{\"@type\":\"ReadAction\",\"target\":[\"https:\\\/\\\/refarmil.com\\\/es\\\/producto\\\/hep-vet\\\/\"]}]},{\"@type\":\"ImageObject\",\"inLanguage\":\"es\",\"@id\":\"https:\\\/\\\/refarmil.com\\\/es\\\/producto\\\/hep-vet\\\/#primaryimage\",\"url\":\"https:\\\/\\\/refarmil.com\\\/es\\\/wp-content\\\/uploads\\\/2026\\\/03\\\/hepvet.jpg\",\"contentUrl\":\"https:\\\/\\\/refarmil.com\\\/es\\\/wp-content\\\/uploads\\\/2026\\\/03\\\/hepvet.jpg\",\"width\":800,\"height\":800},{\"@type\":\"BreadcrumbList\",\"@id\":\"https:\\\/\\\/refarmil.com\\\/es\\\/producto\\\/hep-vet\\\/#breadcrumb\",\"itemListElement\":[{\"@type\":\"ListItem\",\"position\":1,\"name\":\"Portada\",\"item\":\"https:\\\/\\\/refarmil.com\\\/es\\\/\"},{\"@type\":\"ListItem\",\"position\":2,\"name\":\"Productos\",\"item\":\"https:\\\/\\\/refarmil.com\\\/es\\\/productos\\\/\"},{\"@type\":\"ListItem\",\"position\":3,\"name\":\"Hep Vet\"}]},{\"@type\":\"WebSite\",\"@id\":\"https:\\\/\\\/refarmil.com\\\/es\\\/#website\",\"url\":\"https:\\\/\\\/refarmil.com\\\/es\\\/\",\"name\":\"\",\"description\":\"\",\"potentialAction\":[{\"@type\":\"SearchAction\",\"target\":{\"@type\":\"EntryPoint\",\"urlTemplate\":\"https:\\\/\\\/refarmil.com\\\/es\\\/?s={search_term_string}\"},\"query-input\":{\"@type\":\"PropertyValueSpecification\",\"valueRequired\":true,\"valueName\":\"search_term_string\"}}],\"inLanguage\":\"es\"}]}<\/script>\n<!-- \/ Yoast SEO plugin. -->","yoast_head_json":{"title":"Hep Vet 30 Comprimidos Vetnil Panam\u00e1 | Salud Hep\u00e1tica Mascotas","description":"Hep Vet en tabletas Vetnil en Panam\u00e1. Indicado para apoyar la salud hep\u00e1tica y procesos metab\u00f3licos en mascotas - REFARMIL","robots":{"index":"index","follow":"follow","max-snippet":"max-snippet:-1","max-image-preview":"max-image-preview:large","max-video-preview":"max-video-preview:-1"},"canonical":"https:\/\/refarmil.com\/es\/producto\/hep-vet\/","og_locale":"es_ES","og_type":"article","og_title":"Hep Vet 30 Comprimidos Vetnil Panam\u00e1 | Salud Hep\u00e1tica Mascotas","og_description":"Hep Vet en tabletas Vetnil en Panam\u00e1. Indicado para apoyar la salud hep\u00e1tica y procesos metab\u00f3licos en mascotas - REFARMIL","og_url":"https:\/\/refarmil.com\/es\/producto\/hep-vet\/","article_modified_time":"2026-03-03T14:27:29+00:00","og_image":[{"width":800,"height":800,"url":"https:\/\/refarmil.com\/es\/wp-content\/uploads\/2026\/03\/hepvet.jpg","type":"image\/jpeg"}],"twitter_card":"summary_large_image","twitter_misc":{"Tiempo de lectura":"1 minuto"},"schema":{"@context":"https:\/\/schema.org","@graph":[{"@type":"WebPage","@id":"https:\/\/refarmil.com\/es\/producto\/hep-vet\/","url":"https:\/\/refarmil.com\/es\/producto\/hep-vet\/","name":"Hep Vet 30 Comprimidos Vetnil Panam\u00e1 | Salud Hep\u00e1tica Mascotas","isPartOf":{"@id":"https:\/\/refarmil.com\/es\/#website"},"primaryImageOfPage":{"@id":"https:\/\/refarmil.com\/es\/producto\/hep-vet\/#primaryimage"},"image":{"@id":"https:\/\/refarmil.com\/es\/producto\/hep-vet\/#primaryimage"},"thumbnailUrl":"https:\/\/refarmil.com\/es\/wp-content\/uploads\/2026\/03\/hepvet.jpg","datePublished":"2026-03-03T14:17:45+00:00","dateModified":"2026-03-03T14:27:29+00:00","description":"Hep Vet en tabletas Vetnil en Panam\u00e1. Indicado para apoyar la salud hep\u00e1tica y procesos metab\u00f3licos en mascotas - REFARMIL","breadcrumb":{"@id":"https:\/\/refarmil.com\/es\/producto\/hep-vet\/#breadcrumb"},"inLanguage":"es","potentialAction":[{"@type":"ReadAction","target":["https:\/\/refarmil.com\/es\/producto\/hep-vet\/"]}]},{"@type":"ImageObject","inLanguage":"es","@id":"https:\/\/refarmil.com\/es\/producto\/hep-vet\/#primaryimage","url":"https:\/\/refarmil.com\/es\/wp-content\/uploads\/2026\/03\/hepvet.jpg","contentUrl":"https:\/\/refarmil.com\/es\/wp-content\/uploads\/2026\/03\/hepvet.jpg","width":800,"height":800},{"@type":"BreadcrumbList","@id":"https:\/\/refarmil.com\/es\/producto\/hep-vet\/#breadcrumb","itemListElement":[{"@type":"ListItem","position":1,"name":"Portada","item":"https:\/\/refarmil.com\/es\/"},{"@type":"ListItem","position":2,"name":"Productos","item":"https:\/\/refarmil.com\/es\/productos\/"},{"@type":"ListItem","position":3,"name":"Hep Vet"}]},{"@type":"WebSite","@id":"https:\/\/refarmil.com\/es\/#website","url":"https:\/\/refarmil.com\/es\/","name":"","description":"","potentialAction":[{"@type":"SearchAction","target":{"@type":"EntryPoint","urlTemplate":"https:\/\/refarmil.com\/es\/?s={search_term_string}"},"query-input":{"@type":"PropertyValueSpecification","valueRequired":true,"valueName":"search_term_string"}}],"inLanguage":"es"}]}},"_links":{"self":[{"href":"https:\/\/refarmil.com\/es\/wp-json\/wp\/v2\/product\/1027","targetHints":{"allow":["GET"]}}],"collection":[{"href":"https:\/\/refarmil.com\/es\/wp-json\/wp\/v2\/product"}],"about":[{"href":"https:\/\/refarmil.com\/es\/wp-json\/wp\/v2\/types\/product"}],"wp:featuredmedia":[{"embeddable":true,"href":"https:\/\/refarmil.com\/es\/wp-json\/wp\/v2\/media\/1028"}],"wp:attachment":[{"href":"https:\/\/refarmil.com\/es\/wp-json\/wp\/v2\/media?parent=1027"}],"wp:term":[{"taxonomy":"product_brand","embeddable":true,"href":"https:\/\/refarmil.com\/es\/wp-json\/wp\/v2\/product_brand?post=1027"},{"taxonomy":"product_cat","embeddable":true,"href":"https:\/\/refarmil.com\/es\/wp-json\/wp\/v2\/product_cat?post=1027"},{"taxonomy":"product_tag","embeddable":true,"href":"https:\/\/refarmil.com\/es\/wp-json\/wp\/v2\/product_tag?post=1027"}],"curies":[{"name":"wp","href":"https:\/\/api.w.org\/{rel}","templated":true}]}}