{"id":1038,"date":"2026-03-03T15:05:59","date_gmt":"2026-03-03T15:05:59","guid":{"rendered":"https:\/\/refarmil.com\/es\/?post_type=product&#038;p=1038"},"modified":"2026-03-03T15:06:00","modified_gmt":"2026-03-03T15:06:00","slug":"bio-hoof","status":"publish","type":"product","link":"https:\/\/refarmil.com\/es\/producto\/bio-hoof\/","title":{"rendered":"Bio Hoof"},"content":{"rendered":"<p>BIO HOOF (500GR)<br \/>\nMundialmente comprobada, la composici\u00f3n de biotina, lisina y metionina promueve el crecimiento y desarrollo normales de cascos. Los elementos zinc y azufre conducen estas vitaminas y amino\u00e1cidos hasta el epitelio del casco, lo propicia el est\u00edmulo del crecimiento y mantiene las caracter\u00edsticas morfol\u00f3gicas, pl\u00e1sticas y funcionales ideales de los cascos y pelos de los animales. Adem\u00e1s de lisina y metionina, Bio Hoof\u00ae contiene biotina y zinc quelatado con caracter\u00edsticas de tropismo para regiones con presencia de queratina.<\/p>\n","protected":false},"excerpt":{"rendered":"<p>BIO HOOF (500GR)<br \/>\nMundialmente comprobada, la composici\u00f3n de biotina, lisina y metionina promueve el crecimiento y desarrollo normales de cascos. Los elementos zinc y azufre conducen estas vitaminas y amino\u00e1cidos hasta el epitelio del casco, lo propicia el est\u00edmulo del crecimiento y mantiene las caracter\u00edsticas morfol\u00f3gicas, pl\u00e1sticas y funcionales ideales de los cascos y pelos de los animales. Adem\u00e1s de lisina y metionina, Bio Hoof\u00ae contiene biotina y zinc quelatado con caracter\u00edsticas de tropismo para regiones con presencia de queratina.<\/p>\n","protected":false},"featured_media":1039,"template":"","meta":{"_joinchat":[]},"product_brand":[],"product_cat":[56,54],"product_tag":[58],"class_list":{"0":"post-1038","1":"product","2":"type-product","3":"status-publish","4":"has-post-thumbnail","6":"product_cat-linea-equinos-y-alto-desempeno","7":"product_cat-vetnil","8":"product_tag-suplementos-veterinarios","10":"first","11":"instock","12":"taxable","13":"shipping-taxable","14":"product-type-simple"},"yoast_head":"<!-- This site is optimized with the Yoast SEO plugin v27.3 - https:\/\/yoast.com\/product\/yoast-seo-wordpress\/ -->\n<title>Bio Hoof Vetnil en Panam\u00e1 | Salud de Cascos Equinos<\/title>\n<meta name=\"description\" content=\"Bio Hoof Vetnil disponible en Panam\u00e1. Suplemento que fortalece y promueve el crecimiento saludable de los cascos en equinos - REFARMIL\" \/>\n<meta name=\"robots\" content=\"index, follow, max-snippet:-1, max-image-preview:large, max-video-preview:-1\" \/>\n<link rel=\"canonical\" href=\"https:\/\/refarmil.com\/es\/producto\/bio-hoof\/\" \/>\n<meta property=\"og:locale\" content=\"es_ES\" \/>\n<meta property=\"og:type\" content=\"article\" \/>\n<meta property=\"og:title\" content=\"Bio Hoof Vetnil en Panam\u00e1 | Salud de Cascos Equinos\" \/>\n<meta property=\"og:description\" content=\"Bio Hoof Vetnil disponible en Panam\u00e1. Suplemento que fortalece y promueve el crecimiento saludable de los cascos en equinos - REFARMIL\" \/>\n<meta property=\"og:url\" content=\"https:\/\/refarmil.com\/es\/producto\/bio-hoof\/\" \/>\n<meta property=\"article:modified_time\" content=\"2026-03-03T15:06:00+00:00\" \/>\n<meta property=\"og:image\" content=\"https:\/\/refarmil.com\/es\/wp-content\/uploads\/2026\/03\/bio-hoof.webp\" \/>\n\t<meta property=\"og:image:width\" content=\"700\" \/>\n\t<meta property=\"og:image:height\" content=\"700\" \/>\n\t<meta property=\"og:image:type\" content=\"image\/webp\" \/>\n<meta name=\"twitter:card\" content=\"summary_large_image\" \/>\n<meta name=\"twitter:label1\" content=\"Tiempo de lectura\" \/>\n\t<meta name=\"twitter:data1\" content=\"1 minuto\" \/>\n<script type=\"application\/ld+json\" class=\"yoast-schema-graph\">{\"@context\":\"https:\\\/\\\/schema.org\",\"@graph\":[{\"@type\":\"WebPage\",\"@id\":\"https:\\\/\\\/refarmil.com\\\/es\\\/producto\\\/bio-hoof\\\/\",\"url\":\"https:\\\/\\\/refarmil.com\\\/es\\\/producto\\\/bio-hoof\\\/\",\"name\":\"Bio Hoof Vetnil en Panam\u00e1 | Salud de Cascos Equinos\",\"isPartOf\":{\"@id\":\"https:\\\/\\\/refarmil.com\\\/es\\\/#website\"},\"primaryImageOfPage\":{\"@id\":\"https:\\\/\\\/refarmil.com\\\/es\\\/producto\\\/bio-hoof\\\/#primaryimage\"},\"image\":{\"@id\":\"https:\\\/\\\/refarmil.com\\\/es\\\/producto\\\/bio-hoof\\\/#primaryimage\"},\"thumbnailUrl\":\"https:\\\/\\\/refarmil.com\\\/es\\\/wp-content\\\/uploads\\\/2026\\\/03\\\/bio-hoof.webp\",\"datePublished\":\"2026-03-03T15:05:59+00:00\",\"dateModified\":\"2026-03-03T15:06:00+00:00\",\"description\":\"Bio Hoof Vetnil disponible en Panam\u00e1. Suplemento que fortalece y promueve el crecimiento saludable de los cascos en equinos - REFARMIL\",\"breadcrumb\":{\"@id\":\"https:\\\/\\\/refarmil.com\\\/es\\\/producto\\\/bio-hoof\\\/#breadcrumb\"},\"inLanguage\":\"es\",\"potentialAction\":[{\"@type\":\"ReadAction\",\"target\":[\"https:\\\/\\\/refarmil.com\\\/es\\\/producto\\\/bio-hoof\\\/\"]}]},{\"@type\":\"ImageObject\",\"inLanguage\":\"es\",\"@id\":\"https:\\\/\\\/refarmil.com\\\/es\\\/producto\\\/bio-hoof\\\/#primaryimage\",\"url\":\"https:\\\/\\\/refarmil.com\\\/es\\\/wp-content\\\/uploads\\\/2026\\\/03\\\/bio-hoof.webp\",\"contentUrl\":\"https:\\\/\\\/refarmil.com\\\/es\\\/wp-content\\\/uploads\\\/2026\\\/03\\\/bio-hoof.webp\",\"width\":700,\"height\":700},{\"@type\":\"BreadcrumbList\",\"@id\":\"https:\\\/\\\/refarmil.com\\\/es\\\/producto\\\/bio-hoof\\\/#breadcrumb\",\"itemListElement\":[{\"@type\":\"ListItem\",\"position\":1,\"name\":\"Portada\",\"item\":\"https:\\\/\\\/refarmil.com\\\/es\\\/\"},{\"@type\":\"ListItem\",\"position\":2,\"name\":\"Productos\",\"item\":\"https:\\\/\\\/refarmil.com\\\/es\\\/productos\\\/\"},{\"@type\":\"ListItem\",\"position\":3,\"name\":\"Bio Hoof\"}]},{\"@type\":\"WebSite\",\"@id\":\"https:\\\/\\\/refarmil.com\\\/es\\\/#website\",\"url\":\"https:\\\/\\\/refarmil.com\\\/es\\\/\",\"name\":\"\",\"description\":\"\",\"potentialAction\":[{\"@type\":\"SearchAction\",\"target\":{\"@type\":\"EntryPoint\",\"urlTemplate\":\"https:\\\/\\\/refarmil.com\\\/es\\\/?s={search_term_string}\"},\"query-input\":{\"@type\":\"PropertyValueSpecification\",\"valueRequired\":true,\"valueName\":\"search_term_string\"}}],\"inLanguage\":\"es\"}]}<\/script>\n<!-- \/ Yoast SEO plugin. -->","yoast_head_json":{"title":"Bio Hoof Vetnil en Panam\u00e1 | Salud de Cascos Equinos","description":"Bio Hoof Vetnil disponible en Panam\u00e1. Suplemento que fortalece y promueve el crecimiento saludable de los cascos en equinos - REFARMIL","robots":{"index":"index","follow":"follow","max-snippet":"max-snippet:-1","max-image-preview":"max-image-preview:large","max-video-preview":"max-video-preview:-1"},"canonical":"https:\/\/refarmil.com\/es\/producto\/bio-hoof\/","og_locale":"es_ES","og_type":"article","og_title":"Bio Hoof Vetnil en Panam\u00e1 | Salud de Cascos Equinos","og_description":"Bio Hoof Vetnil disponible en Panam\u00e1. Suplemento que fortalece y promueve el crecimiento saludable de los cascos en equinos - REFARMIL","og_url":"https:\/\/refarmil.com\/es\/producto\/bio-hoof\/","article_modified_time":"2026-03-03T15:06:00+00:00","og_image":[{"width":700,"height":700,"url":"https:\/\/refarmil.com\/es\/wp-content\/uploads\/2026\/03\/bio-hoof.webp","type":"image\/webp"}],"twitter_card":"summary_large_image","twitter_misc":{"Tiempo de lectura":"1 minuto"},"schema":{"@context":"https:\/\/schema.org","@graph":[{"@type":"WebPage","@id":"https:\/\/refarmil.com\/es\/producto\/bio-hoof\/","url":"https:\/\/refarmil.com\/es\/producto\/bio-hoof\/","name":"Bio Hoof Vetnil en Panam\u00e1 | Salud de Cascos Equinos","isPartOf":{"@id":"https:\/\/refarmil.com\/es\/#website"},"primaryImageOfPage":{"@id":"https:\/\/refarmil.com\/es\/producto\/bio-hoof\/#primaryimage"},"image":{"@id":"https:\/\/refarmil.com\/es\/producto\/bio-hoof\/#primaryimage"},"thumbnailUrl":"https:\/\/refarmil.com\/es\/wp-content\/uploads\/2026\/03\/bio-hoof.webp","datePublished":"2026-03-03T15:05:59+00:00","dateModified":"2026-03-03T15:06:00+00:00","description":"Bio Hoof Vetnil disponible en Panam\u00e1. Suplemento que fortalece y promueve el crecimiento saludable de los cascos en equinos - REFARMIL","breadcrumb":{"@id":"https:\/\/refarmil.com\/es\/producto\/bio-hoof\/#breadcrumb"},"inLanguage":"es","potentialAction":[{"@type":"ReadAction","target":["https:\/\/refarmil.com\/es\/producto\/bio-hoof\/"]}]},{"@type":"ImageObject","inLanguage":"es","@id":"https:\/\/refarmil.com\/es\/producto\/bio-hoof\/#primaryimage","url":"https:\/\/refarmil.com\/es\/wp-content\/uploads\/2026\/03\/bio-hoof.webp","contentUrl":"https:\/\/refarmil.com\/es\/wp-content\/uploads\/2026\/03\/bio-hoof.webp","width":700,"height":700},{"@type":"BreadcrumbList","@id":"https:\/\/refarmil.com\/es\/producto\/bio-hoof\/#breadcrumb","itemListElement":[{"@type":"ListItem","position":1,"name":"Portada","item":"https:\/\/refarmil.com\/es\/"},{"@type":"ListItem","position":2,"name":"Productos","item":"https:\/\/refarmil.com\/es\/productos\/"},{"@type":"ListItem","position":3,"name":"Bio Hoof"}]},{"@type":"WebSite","@id":"https:\/\/refarmil.com\/es\/#website","url":"https:\/\/refarmil.com\/es\/","name":"","description":"","potentialAction":[{"@type":"SearchAction","target":{"@type":"EntryPoint","urlTemplate":"https:\/\/refarmil.com\/es\/?s={search_term_string}"},"query-input":{"@type":"PropertyValueSpecification","valueRequired":true,"valueName":"search_term_string"}}],"inLanguage":"es"}]}},"_links":{"self":[{"href":"https:\/\/refarmil.com\/es\/wp-json\/wp\/v2\/product\/1038","targetHints":{"allow":["GET"]}}],"collection":[{"href":"https:\/\/refarmil.com\/es\/wp-json\/wp\/v2\/product"}],"about":[{"href":"https:\/\/refarmil.com\/es\/wp-json\/wp\/v2\/types\/product"}],"wp:featuredmedia":[{"embeddable":true,"href":"https:\/\/refarmil.com\/es\/wp-json\/wp\/v2\/media\/1039"}],"wp:attachment":[{"href":"https:\/\/refarmil.com\/es\/wp-json\/wp\/v2\/media?parent=1038"}],"wp:term":[{"taxonomy":"product_brand","embeddable":true,"href":"https:\/\/refarmil.com\/es\/wp-json\/wp\/v2\/product_brand?post=1038"},{"taxonomy":"product_cat","embeddable":true,"href":"https:\/\/refarmil.com\/es\/wp-json\/wp\/v2\/product_cat?post=1038"},{"taxonomy":"product_tag","embeddable":true,"href":"https:\/\/refarmil.com\/es\/wp-json\/wp\/v2\/product_tag?post=1038"}],"curies":[{"name":"wp","href":"https:\/\/api.w.org\/{rel}","templated":true}]}}