{"id":1044,"date":"2026-03-03T20:03:18","date_gmt":"2026-03-03T20:03:18","guid":{"rendered":"https:\/\/refarmil.com\/es\/?post_type=product&#038;p=1044"},"modified":"2026-03-03T20:03:19","modified_gmt":"2026-03-03T20:03:19","slug":"e-s-e-super","status":"publish","type":"product","link":"https:\/\/refarmil.com\/es\/producto\/e-s-e-super\/","title":{"rendered":"E-S-E  Super"},"content":{"rendered":"<p>E-S-E SUPER<\/p>\n<p>En la suplementaci\u00f3n de vitaminas E y selenio para equinos, mulares, asininos, porcinos y avestruces en estado nutricional inadecuado.<\/p>\n","protected":false},"excerpt":{"rendered":"<p>E-S-E SUPER<\/p>\n<p>En la suplementaci\u00f3n de vitaminas E y selenio para equinos, mulares, asininos, porcinos y avestruces en estado nutricional inadecuado.<\/p>\n","protected":false},"featured_media":1045,"template":"","meta":{"_joinchat":[]},"product_brand":[],"product_cat":[56,54],"product_tag":[58],"class_list":{"0":"post-1044","1":"product","2":"type-product","3":"status-publish","4":"has-post-thumbnail","6":"product_cat-linea-equinos-y-alto-desempeno","7":"product_cat-vetnil","8":"product_tag-suplementos-veterinarios","10":"first","11":"instock","12":"taxable","13":"shipping-taxable","14":"product-type-simple"},"yoast_head":"<!-- This site is optimized with the Yoast SEO plugin v27.3 - https:\/\/yoast.com\/product\/yoast-seo-wordpress\/ -->\n<title>E-S-E Super Vetnil en Panam\u00e1 | Vitamina E y Selenio Equinos<\/title>\n<meta name=\"description\" content=\"E-S-E Super Vetnil disponible en Panam\u00e1. Suplemento con vitamina E y selenio que apoya la nutrici\u00f3n y condici\u00f3n f\u00edsica en equinos - REFARMIL\" \/>\n<meta name=\"robots\" content=\"index, follow, max-snippet:-1, max-image-preview:large, max-video-preview:-1\" \/>\n<link rel=\"canonical\" href=\"https:\/\/refarmil.com\/es\/producto\/e-s-e-super\/\" \/>\n<meta property=\"og:locale\" content=\"es_ES\" \/>\n<meta property=\"og:type\" content=\"article\" \/>\n<meta property=\"og:title\" content=\"E-S-E Super Vetnil en Panam\u00e1 | Vitamina E y Selenio Equinos\" \/>\n<meta property=\"og:description\" content=\"E-S-E Super Vetnil disponible en Panam\u00e1. Suplemento con vitamina E y selenio que apoya la nutrici\u00f3n y condici\u00f3n f\u00edsica en equinos - REFARMIL\" \/>\n<meta property=\"og:url\" content=\"https:\/\/refarmil.com\/es\/producto\/e-s-e-super\/\" \/>\n<meta property=\"article:modified_time\" content=\"2026-03-03T20:03:19+00:00\" \/>\n<meta property=\"og:image\" content=\"https:\/\/refarmil.com\/es\/wp-content\/uploads\/2026\/03\/ese-super.webp\" \/>\n\t<meta property=\"og:image:width\" content=\"700\" \/>\n\t<meta property=\"og:image:height\" content=\"700\" \/>\n\t<meta property=\"og:image:type\" content=\"image\/webp\" \/>\n<meta name=\"twitter:card\" content=\"summary_large_image\" \/>\n<meta name=\"twitter:label1\" content=\"Tiempo de lectura\" \/>\n\t<meta name=\"twitter:data1\" content=\"1 minuto\" \/>\n<script type=\"application\/ld+json\" class=\"yoast-schema-graph\">{\"@context\":\"https:\\\/\\\/schema.org\",\"@graph\":[{\"@type\":\"WebPage\",\"@id\":\"https:\\\/\\\/refarmil.com\\\/es\\\/producto\\\/e-s-e-super\\\/\",\"url\":\"https:\\\/\\\/refarmil.com\\\/es\\\/producto\\\/e-s-e-super\\\/\",\"name\":\"E-S-E Super Vetnil en Panam\u00e1 | Vitamina E y Selenio Equinos\",\"isPartOf\":{\"@id\":\"https:\\\/\\\/refarmil.com\\\/es\\\/#website\"},\"primaryImageOfPage\":{\"@id\":\"https:\\\/\\\/refarmil.com\\\/es\\\/producto\\\/e-s-e-super\\\/#primaryimage\"},\"image\":{\"@id\":\"https:\\\/\\\/refarmil.com\\\/es\\\/producto\\\/e-s-e-super\\\/#primaryimage\"},\"thumbnailUrl\":\"https:\\\/\\\/refarmil.com\\\/es\\\/wp-content\\\/uploads\\\/2026\\\/03\\\/ese-super.webp\",\"datePublished\":\"2026-03-03T20:03:18+00:00\",\"dateModified\":\"2026-03-03T20:03:19+00:00\",\"description\":\"E-S-E Super Vetnil disponible en Panam\u00e1. Suplemento con vitamina E y selenio que apoya la nutrici\u00f3n y condici\u00f3n f\u00edsica en equinos - REFARMIL\",\"breadcrumb\":{\"@id\":\"https:\\\/\\\/refarmil.com\\\/es\\\/producto\\\/e-s-e-super\\\/#breadcrumb\"},\"inLanguage\":\"es\",\"potentialAction\":[{\"@type\":\"ReadAction\",\"target\":[\"https:\\\/\\\/refarmil.com\\\/es\\\/producto\\\/e-s-e-super\\\/\"]}]},{\"@type\":\"ImageObject\",\"inLanguage\":\"es\",\"@id\":\"https:\\\/\\\/refarmil.com\\\/es\\\/producto\\\/e-s-e-super\\\/#primaryimage\",\"url\":\"https:\\\/\\\/refarmil.com\\\/es\\\/wp-content\\\/uploads\\\/2026\\\/03\\\/ese-super.webp\",\"contentUrl\":\"https:\\\/\\\/refarmil.com\\\/es\\\/wp-content\\\/uploads\\\/2026\\\/03\\\/ese-super.webp\",\"width\":700,\"height\":700},{\"@type\":\"BreadcrumbList\",\"@id\":\"https:\\\/\\\/refarmil.com\\\/es\\\/producto\\\/e-s-e-super\\\/#breadcrumb\",\"itemListElement\":[{\"@type\":\"ListItem\",\"position\":1,\"name\":\"Portada\",\"item\":\"https:\\\/\\\/refarmil.com\\\/es\\\/\"},{\"@type\":\"ListItem\",\"position\":2,\"name\":\"Productos\",\"item\":\"https:\\\/\\\/refarmil.com\\\/es\\\/productos\\\/\"},{\"@type\":\"ListItem\",\"position\":3,\"name\":\"E-S-E Super\"}]},{\"@type\":\"WebSite\",\"@id\":\"https:\\\/\\\/refarmil.com\\\/es\\\/#website\",\"url\":\"https:\\\/\\\/refarmil.com\\\/es\\\/\",\"name\":\"\",\"description\":\"\",\"potentialAction\":[{\"@type\":\"SearchAction\",\"target\":{\"@type\":\"EntryPoint\",\"urlTemplate\":\"https:\\\/\\\/refarmil.com\\\/es\\\/?s={search_term_string}\"},\"query-input\":{\"@type\":\"PropertyValueSpecification\",\"valueRequired\":true,\"valueName\":\"search_term_string\"}}],\"inLanguage\":\"es\"}]}<\/script>\n<!-- \/ Yoast SEO plugin. -->","yoast_head_json":{"title":"E-S-E Super Vetnil en Panam\u00e1 | Vitamina E y Selenio Equinos","description":"E-S-E Super Vetnil disponible en Panam\u00e1. Suplemento con vitamina E y selenio que apoya la nutrici\u00f3n y condici\u00f3n f\u00edsica en equinos - REFARMIL","robots":{"index":"index","follow":"follow","max-snippet":"max-snippet:-1","max-image-preview":"max-image-preview:large","max-video-preview":"max-video-preview:-1"},"canonical":"https:\/\/refarmil.com\/es\/producto\/e-s-e-super\/","og_locale":"es_ES","og_type":"article","og_title":"E-S-E Super Vetnil en Panam\u00e1 | Vitamina E y Selenio Equinos","og_description":"E-S-E Super Vetnil disponible en Panam\u00e1. Suplemento con vitamina E y selenio que apoya la nutrici\u00f3n y condici\u00f3n f\u00edsica en equinos - REFARMIL","og_url":"https:\/\/refarmil.com\/es\/producto\/e-s-e-super\/","article_modified_time":"2026-03-03T20:03:19+00:00","og_image":[{"width":700,"height":700,"url":"https:\/\/refarmil.com\/es\/wp-content\/uploads\/2026\/03\/ese-super.webp","type":"image\/webp"}],"twitter_card":"summary_large_image","twitter_misc":{"Tiempo de lectura":"1 minuto"},"schema":{"@context":"https:\/\/schema.org","@graph":[{"@type":"WebPage","@id":"https:\/\/refarmil.com\/es\/producto\/e-s-e-super\/","url":"https:\/\/refarmil.com\/es\/producto\/e-s-e-super\/","name":"E-S-E Super Vetnil en Panam\u00e1 | Vitamina E y Selenio Equinos","isPartOf":{"@id":"https:\/\/refarmil.com\/es\/#website"},"primaryImageOfPage":{"@id":"https:\/\/refarmil.com\/es\/producto\/e-s-e-super\/#primaryimage"},"image":{"@id":"https:\/\/refarmil.com\/es\/producto\/e-s-e-super\/#primaryimage"},"thumbnailUrl":"https:\/\/refarmil.com\/es\/wp-content\/uploads\/2026\/03\/ese-super.webp","datePublished":"2026-03-03T20:03:18+00:00","dateModified":"2026-03-03T20:03:19+00:00","description":"E-S-E Super Vetnil disponible en Panam\u00e1. Suplemento con vitamina E y selenio que apoya la nutrici\u00f3n y condici\u00f3n f\u00edsica en equinos - REFARMIL","breadcrumb":{"@id":"https:\/\/refarmil.com\/es\/producto\/e-s-e-super\/#breadcrumb"},"inLanguage":"es","potentialAction":[{"@type":"ReadAction","target":["https:\/\/refarmil.com\/es\/producto\/e-s-e-super\/"]}]},{"@type":"ImageObject","inLanguage":"es","@id":"https:\/\/refarmil.com\/es\/producto\/e-s-e-super\/#primaryimage","url":"https:\/\/refarmil.com\/es\/wp-content\/uploads\/2026\/03\/ese-super.webp","contentUrl":"https:\/\/refarmil.com\/es\/wp-content\/uploads\/2026\/03\/ese-super.webp","width":700,"height":700},{"@type":"BreadcrumbList","@id":"https:\/\/refarmil.com\/es\/producto\/e-s-e-super\/#breadcrumb","itemListElement":[{"@type":"ListItem","position":1,"name":"Portada","item":"https:\/\/refarmil.com\/es\/"},{"@type":"ListItem","position":2,"name":"Productos","item":"https:\/\/refarmil.com\/es\/productos\/"},{"@type":"ListItem","position":3,"name":"E-S-E Super"}]},{"@type":"WebSite","@id":"https:\/\/refarmil.com\/es\/#website","url":"https:\/\/refarmil.com\/es\/","name":"","description":"","potentialAction":[{"@type":"SearchAction","target":{"@type":"EntryPoint","urlTemplate":"https:\/\/refarmil.com\/es\/?s={search_term_string}"},"query-input":{"@type":"PropertyValueSpecification","valueRequired":true,"valueName":"search_term_string"}}],"inLanguage":"es"}]}},"_links":{"self":[{"href":"https:\/\/refarmil.com\/es\/wp-json\/wp\/v2\/product\/1044","targetHints":{"allow":["GET"]}}],"collection":[{"href":"https:\/\/refarmil.com\/es\/wp-json\/wp\/v2\/product"}],"about":[{"href":"https:\/\/refarmil.com\/es\/wp-json\/wp\/v2\/types\/product"}],"wp:featuredmedia":[{"embeddable":true,"href":"https:\/\/refarmil.com\/es\/wp-json\/wp\/v2\/media\/1045"}],"wp:attachment":[{"href":"https:\/\/refarmil.com\/es\/wp-json\/wp\/v2\/media?parent=1044"}],"wp:term":[{"taxonomy":"product_brand","embeddable":true,"href":"https:\/\/refarmil.com\/es\/wp-json\/wp\/v2\/product_brand?post=1044"},{"taxonomy":"product_cat","embeddable":true,"href":"https:\/\/refarmil.com\/es\/wp-json\/wp\/v2\/product_cat?post=1044"},{"taxonomy":"product_tag","embeddable":true,"href":"https:\/\/refarmil.com\/es\/wp-json\/wp\/v2\/product_tag?post=1044"}],"curies":[{"name":"wp","href":"https:\/\/api.w.org\/{rel}","templated":true}]}}