{"id":1046,"date":"2026-03-03T20:07:17","date_gmt":"2026-03-03T20:07:17","guid":{"rendered":"https:\/\/refarmil.com\/es\/?post_type=product&#038;p=1046"},"modified":"2026-03-03T20:07:40","modified_gmt":"2026-03-03T20:07:40","slug":"nutralife-intensiv","status":"publish","type":"product","link":"https:\/\/refarmil.com\/es\/producto\/nutralife-intensiv\/","title":{"rendered":"Nutralife Intensiv"},"content":{"rendered":"<p>Nutralife\u00ae Intensiv es un producto de alta calor\u00eda, con excelente solubilidad. Es fuente de prote\u00ednas, l\u00edpidos, vitaminas y minerales, con perfil nutricional adecuado para perros y gatos con alta demanda cal\u00f3rica. Contiene tambi\u00e9n altos niveles de Glutamina, importante para nutrici\u00f3n del enterocito.<\/p>\n<p>Indicado para la nutrici\u00f3n de perros y gatos en estado nutricional inadecuado. Ideal para la nutrici\u00f3n enteral (v\u00eda sondas o alimentaci\u00f3n forzada), pudiendo incluso ser utilizado en bomba de infusi\u00f3n.<\/p>\n","protected":false},"excerpt":{"rendered":"<p>Nutralife\u00ae Intensiv es un producto de alta calor\u00eda, con excelente solubilidad. Es fuente de prote\u00ednas, l\u00edpidos, vitaminas y minerales, con perfil nutricional adecuado para perros y gatos con alta demanda cal\u00f3rica. Contiene tambi\u00e9n altos niveles de Glutamina, importante para nutrici\u00f3n del enterocito.<\/p>\n<p>Indicado para la nutrici\u00f3n de perros y gatos en estado nutricional inadecuado. Ideal para la nutrici\u00f3n enteral (v\u00eda sondas o alimentaci\u00f3n forzada), pudiendo incluso ser utilizado en bomba de infusi\u00f3n.<\/p>\n","protected":false},"featured_media":1047,"template":"","meta":{"_joinchat":[]},"product_brand":[],"product_cat":[55,54],"product_tag":[63,58],"class_list":{"0":"post-1046","1":"product","2":"type-product","3":"status-publish","4":"has-post-thumbnail","6":"product_cat-linea-salud-y-cuidado-pet","7":"product_cat-vetnil","8":"product_tag-nutricion","9":"product_tag-suplementos-veterinarios","11":"first","12":"instock","13":"taxable","14":"shipping-taxable","15":"product-type-simple"},"yoast_head":"<!-- This site is optimized with the Yoast SEO plugin v27.3 - https:\/\/yoast.com\/product\/yoast-seo-wordpress\/ -->\n<title>Nutralife Intensiv Vetnil Panam\u00e1 | Alta Calor\u00eda para Mascotas<\/title>\n<meta name=\"description\" content=\"Nutralife Intensiv Vetnil disponible en Panam\u00e1. F\u00f3rmula de alta energ\u00eda con prote\u00ednas y vitaminas para mascotas en recuperaci\u00f3n o con alta demanda nutricional | REFARMIL\" \/>\n<meta name=\"robots\" content=\"index, follow, max-snippet:-1, max-image-preview:large, max-video-preview:-1\" \/>\n<link rel=\"canonical\" href=\"https:\/\/refarmil.com\/es\/producto\/nutralife-intensiv\/\" \/>\n<meta property=\"og:locale\" content=\"es_ES\" \/>\n<meta property=\"og:type\" content=\"article\" \/>\n<meta property=\"og:title\" content=\"Nutralife Intensiv Vetnil Panam\u00e1 | Alta Calor\u00eda para Mascotas\" \/>\n<meta property=\"og:description\" content=\"Nutralife Intensiv Vetnil disponible en Panam\u00e1. F\u00f3rmula de alta energ\u00eda con prote\u00ednas y vitaminas para mascotas en recuperaci\u00f3n o con alta demanda nutricional | REFARMIL\" \/>\n<meta property=\"og:url\" content=\"https:\/\/refarmil.com\/es\/producto\/nutralife-intensiv\/\" \/>\n<meta property=\"article:modified_time\" content=\"2026-03-03T20:07:40+00:00\" \/>\n<meta property=\"og:image\" content=\"https:\/\/refarmil.com\/es\/wp-content\/uploads\/2026\/03\/nutralife.webp\" \/>\n\t<meta property=\"og:image:width\" content=\"700\" \/>\n\t<meta property=\"og:image:height\" content=\"700\" \/>\n\t<meta property=\"og:image:type\" content=\"image\/webp\" \/>\n<meta name=\"twitter:card\" content=\"summary_large_image\" \/>\n<meta name=\"twitter:label1\" content=\"Tiempo de lectura\" \/>\n\t<meta name=\"twitter:data1\" content=\"1 minuto\" \/>\n<script type=\"application\/ld+json\" class=\"yoast-schema-graph\">{\"@context\":\"https:\\\/\\\/schema.org\",\"@graph\":[{\"@type\":\"WebPage\",\"@id\":\"https:\\\/\\\/refarmil.com\\\/es\\\/producto\\\/nutralife-intensiv\\\/\",\"url\":\"https:\\\/\\\/refarmil.com\\\/es\\\/producto\\\/nutralife-intensiv\\\/\",\"name\":\"Nutralife Intensiv Vetnil Panam\u00e1 | Alta Calor\u00eda para Mascotas\",\"isPartOf\":{\"@id\":\"https:\\\/\\\/refarmil.com\\\/es\\\/#website\"},\"primaryImageOfPage\":{\"@id\":\"https:\\\/\\\/refarmil.com\\\/es\\\/producto\\\/nutralife-intensiv\\\/#primaryimage\"},\"image\":{\"@id\":\"https:\\\/\\\/refarmil.com\\\/es\\\/producto\\\/nutralife-intensiv\\\/#primaryimage\"},\"thumbnailUrl\":\"https:\\\/\\\/refarmil.com\\\/es\\\/wp-content\\\/uploads\\\/2026\\\/03\\\/nutralife.webp\",\"datePublished\":\"2026-03-03T20:07:17+00:00\",\"dateModified\":\"2026-03-03T20:07:40+00:00\",\"description\":\"Nutralife Intensiv Vetnil disponible en Panam\u00e1. F\u00f3rmula de alta energ\u00eda con prote\u00ednas y vitaminas para mascotas en recuperaci\u00f3n o con alta demanda nutricional | REFARMIL\",\"breadcrumb\":{\"@id\":\"https:\\\/\\\/refarmil.com\\\/es\\\/producto\\\/nutralife-intensiv\\\/#breadcrumb\"},\"inLanguage\":\"es\",\"potentialAction\":[{\"@type\":\"ReadAction\",\"target\":[\"https:\\\/\\\/refarmil.com\\\/es\\\/producto\\\/nutralife-intensiv\\\/\"]}]},{\"@type\":\"ImageObject\",\"inLanguage\":\"es\",\"@id\":\"https:\\\/\\\/refarmil.com\\\/es\\\/producto\\\/nutralife-intensiv\\\/#primaryimage\",\"url\":\"https:\\\/\\\/refarmil.com\\\/es\\\/wp-content\\\/uploads\\\/2026\\\/03\\\/nutralife.webp\",\"contentUrl\":\"https:\\\/\\\/refarmil.com\\\/es\\\/wp-content\\\/uploads\\\/2026\\\/03\\\/nutralife.webp\",\"width\":700,\"height\":700},{\"@type\":\"BreadcrumbList\",\"@id\":\"https:\\\/\\\/refarmil.com\\\/es\\\/producto\\\/nutralife-intensiv\\\/#breadcrumb\",\"itemListElement\":[{\"@type\":\"ListItem\",\"position\":1,\"name\":\"Portada\",\"item\":\"https:\\\/\\\/refarmil.com\\\/es\\\/\"},{\"@type\":\"ListItem\",\"position\":2,\"name\":\"Productos\",\"item\":\"https:\\\/\\\/refarmil.com\\\/es\\\/productos\\\/\"},{\"@type\":\"ListItem\",\"position\":3,\"name\":\"Nutralife Intensiv\"}]},{\"@type\":\"WebSite\",\"@id\":\"https:\\\/\\\/refarmil.com\\\/es\\\/#website\",\"url\":\"https:\\\/\\\/refarmil.com\\\/es\\\/\",\"name\":\"\",\"description\":\"\",\"potentialAction\":[{\"@type\":\"SearchAction\",\"target\":{\"@type\":\"EntryPoint\",\"urlTemplate\":\"https:\\\/\\\/refarmil.com\\\/es\\\/?s={search_term_string}\"},\"query-input\":{\"@type\":\"PropertyValueSpecification\",\"valueRequired\":true,\"valueName\":\"search_term_string\"}}],\"inLanguage\":\"es\"}]}<\/script>\n<!-- \/ Yoast SEO plugin. -->","yoast_head_json":{"title":"Nutralife Intensiv Vetnil Panam\u00e1 | Alta Calor\u00eda para Mascotas","description":"Nutralife Intensiv Vetnil disponible en Panam\u00e1. F\u00f3rmula de alta energ\u00eda con prote\u00ednas y vitaminas para mascotas en recuperaci\u00f3n o con alta demanda nutricional | REFARMIL","robots":{"index":"index","follow":"follow","max-snippet":"max-snippet:-1","max-image-preview":"max-image-preview:large","max-video-preview":"max-video-preview:-1"},"canonical":"https:\/\/refarmil.com\/es\/producto\/nutralife-intensiv\/","og_locale":"es_ES","og_type":"article","og_title":"Nutralife Intensiv Vetnil Panam\u00e1 | Alta Calor\u00eda para Mascotas","og_description":"Nutralife Intensiv Vetnil disponible en Panam\u00e1. F\u00f3rmula de alta energ\u00eda con prote\u00ednas y vitaminas para mascotas en recuperaci\u00f3n o con alta demanda nutricional | REFARMIL","og_url":"https:\/\/refarmil.com\/es\/producto\/nutralife-intensiv\/","article_modified_time":"2026-03-03T20:07:40+00:00","og_image":[{"width":700,"height":700,"url":"https:\/\/refarmil.com\/es\/wp-content\/uploads\/2026\/03\/nutralife.webp","type":"image\/webp"}],"twitter_card":"summary_large_image","twitter_misc":{"Tiempo de lectura":"1 minuto"},"schema":{"@context":"https:\/\/schema.org","@graph":[{"@type":"WebPage","@id":"https:\/\/refarmil.com\/es\/producto\/nutralife-intensiv\/","url":"https:\/\/refarmil.com\/es\/producto\/nutralife-intensiv\/","name":"Nutralife Intensiv Vetnil Panam\u00e1 | Alta Calor\u00eda para Mascotas","isPartOf":{"@id":"https:\/\/refarmil.com\/es\/#website"},"primaryImageOfPage":{"@id":"https:\/\/refarmil.com\/es\/producto\/nutralife-intensiv\/#primaryimage"},"image":{"@id":"https:\/\/refarmil.com\/es\/producto\/nutralife-intensiv\/#primaryimage"},"thumbnailUrl":"https:\/\/refarmil.com\/es\/wp-content\/uploads\/2026\/03\/nutralife.webp","datePublished":"2026-03-03T20:07:17+00:00","dateModified":"2026-03-03T20:07:40+00:00","description":"Nutralife Intensiv Vetnil disponible en Panam\u00e1. F\u00f3rmula de alta energ\u00eda con prote\u00ednas y vitaminas para mascotas en recuperaci\u00f3n o con alta demanda nutricional | REFARMIL","breadcrumb":{"@id":"https:\/\/refarmil.com\/es\/producto\/nutralife-intensiv\/#breadcrumb"},"inLanguage":"es","potentialAction":[{"@type":"ReadAction","target":["https:\/\/refarmil.com\/es\/producto\/nutralife-intensiv\/"]}]},{"@type":"ImageObject","inLanguage":"es","@id":"https:\/\/refarmil.com\/es\/producto\/nutralife-intensiv\/#primaryimage","url":"https:\/\/refarmil.com\/es\/wp-content\/uploads\/2026\/03\/nutralife.webp","contentUrl":"https:\/\/refarmil.com\/es\/wp-content\/uploads\/2026\/03\/nutralife.webp","width":700,"height":700},{"@type":"BreadcrumbList","@id":"https:\/\/refarmil.com\/es\/producto\/nutralife-intensiv\/#breadcrumb","itemListElement":[{"@type":"ListItem","position":1,"name":"Portada","item":"https:\/\/refarmil.com\/es\/"},{"@type":"ListItem","position":2,"name":"Productos","item":"https:\/\/refarmil.com\/es\/productos\/"},{"@type":"ListItem","position":3,"name":"Nutralife Intensiv"}]},{"@type":"WebSite","@id":"https:\/\/refarmil.com\/es\/#website","url":"https:\/\/refarmil.com\/es\/","name":"","description":"","potentialAction":[{"@type":"SearchAction","target":{"@type":"EntryPoint","urlTemplate":"https:\/\/refarmil.com\/es\/?s={search_term_string}"},"query-input":{"@type":"PropertyValueSpecification","valueRequired":true,"valueName":"search_term_string"}}],"inLanguage":"es"}]}},"_links":{"self":[{"href":"https:\/\/refarmil.com\/es\/wp-json\/wp\/v2\/product\/1046","targetHints":{"allow":["GET"]}}],"collection":[{"href":"https:\/\/refarmil.com\/es\/wp-json\/wp\/v2\/product"}],"about":[{"href":"https:\/\/refarmil.com\/es\/wp-json\/wp\/v2\/types\/product"}],"wp:featuredmedia":[{"embeddable":true,"href":"https:\/\/refarmil.com\/es\/wp-json\/wp\/v2\/media\/1047"}],"wp:attachment":[{"href":"https:\/\/refarmil.com\/es\/wp-json\/wp\/v2\/media?parent=1046"}],"wp:term":[{"taxonomy":"product_brand","embeddable":true,"href":"https:\/\/refarmil.com\/es\/wp-json\/wp\/v2\/product_brand?post=1046"},{"taxonomy":"product_cat","embeddable":true,"href":"https:\/\/refarmil.com\/es\/wp-json\/wp\/v2\/product_cat?post=1046"},{"taxonomy":"product_tag","embeddable":true,"href":"https:\/\/refarmil.com\/es\/wp-json\/wp\/v2\/product_tag?post=1046"}],"curies":[{"name":"wp","href":"https:\/\/api.w.org\/{rel}","templated":true}]}}