{"id":1049,"date":"2026-03-03T20:10:58","date_gmt":"2026-03-03T20:10:58","guid":{"rendered":"https:\/\/refarmil.com\/es\/?post_type=product&#038;p=1049"},"modified":"2026-03-03T20:13:51","modified_gmt":"2026-03-03T20:13:51","slug":"pelo-derm","status":"publish","type":"product","link":"https:\/\/refarmil.com\/es\/producto\/pelo-derm\/","title":{"rendered":"Pelo Derm"},"content":{"rendered":"<p>Pelo Derme 750<br \/>\nPelo Derme 1500<\/p>\n<p>F\u00f3rmula que contiene \u00e1cidos grasos esenciales a la dieta de los peque\u00f1os animales, asociados a la Biotina, Zinc, Vitamina A y Vitamina E, elementos que, cuando asociados, act\u00faan manteniendo ideales las caracter\u00edsticas del pelaje y de la piel.<\/p>\n<p>INDICACI\u00d3N<br \/>\nSuplemento conteniendo \u00e1cidos grasos esenciales, como Omega 3 (\u00c1cido Eicosapentaenoico y \u00c1cido Docosahexaenoico) y Omega 6 (\u00c1cido Linoleico), vitaminas y minerales, los cuales act\u00faan en la piel y pelos de perros y gatos. Indicado para el fortalecimiento y mantenimiento de la estructura y funci\u00f3n de la piel y pelos de los animales.<\/p>\n","protected":false},"excerpt":{"rendered":"<p>Pelo Derme 750<br \/>\nPelo Derme 1500<\/p>\n<p>F\u00f3rmula que contiene \u00e1cidos grasos esenciales a la dieta de los peque\u00f1os animales, asociados a la Biotina, Zinc, Vitamina A y Vitamina E, elementos que, cuando asociados, act\u00faan manteniendo ideales las caracter\u00edsticas del pelaje y de la piel.<\/p>\n","protected":false},"featured_media":1050,"template":"","meta":{"_joinchat":[]},"product_brand":[],"product_cat":[55,54],"product_tag":[65,58],"class_list":{"0":"post-1049","1":"product","2":"type-product","3":"status-publish","4":"has-post-thumbnail","6":"product_cat-linea-salud-y-cuidado-pet","7":"product_cat-vetnil","8":"product_tag-piel-y-pelaje","9":"product_tag-suplementos-veterinarios","11":"first","12":"instock","13":"taxable","14":"shipping-taxable","15":"product-type-simple"},"yoast_head":"<!-- This site is optimized with the Yoast SEO plugin v27.3 - https:\/\/yoast.com\/product\/yoast-seo-wordpress\/ -->\n<title>Pelo Derme Vetnil en Panam\u00e1 | Piel y Pelaje Mascotas<\/title>\n<meta name=\"description\" content=\"Pelo Derme Vetnil disponible en Panam\u00e1. Suplemento con Omega 3 y 6, vitaminas y minerales que mejora la piel y el pelaje en mascotas | REFARMIL\" \/>\n<meta name=\"robots\" content=\"index, follow, max-snippet:-1, max-image-preview:large, max-video-preview:-1\" \/>\n<link rel=\"canonical\" href=\"https:\/\/refarmil.com\/es\/producto\/pelo-derm\/\" \/>\n<meta property=\"og:locale\" content=\"es_ES\" \/>\n<meta property=\"og:type\" content=\"article\" \/>\n<meta property=\"og:title\" content=\"Pelo Derme Vetnil en Panam\u00e1 | Piel y Pelaje Mascotas\" \/>\n<meta property=\"og:description\" content=\"Pelo Derme Vetnil disponible en Panam\u00e1. Suplemento con Omega 3 y 6, vitaminas y minerales que mejora la piel y el pelaje en mascotas | REFARMIL\" \/>\n<meta property=\"og:url\" content=\"https:\/\/refarmil.com\/es\/producto\/pelo-derm\/\" \/>\n<meta property=\"article:modified_time\" content=\"2026-03-03T20:13:51+00:00\" \/>\n<meta property=\"og:image\" content=\"https:\/\/refarmil.com\/es\/wp-content\/uploads\/2026\/03\/pelo-derme.webp\" \/>\n\t<meta property=\"og:image:width\" content=\"700\" \/>\n\t<meta property=\"og:image:height\" content=\"700\" \/>\n\t<meta property=\"og:image:type\" content=\"image\/webp\" \/>\n<meta name=\"twitter:card\" content=\"summary_large_image\" \/>\n<meta name=\"twitter:label1\" content=\"Tiempo de lectura\" \/>\n\t<meta name=\"twitter:data1\" content=\"1 minuto\" \/>\n<script type=\"application\/ld+json\" class=\"yoast-schema-graph\">{\"@context\":\"https:\\\/\\\/schema.org\",\"@graph\":[{\"@type\":\"WebPage\",\"@id\":\"https:\\\/\\\/refarmil.com\\\/es\\\/producto\\\/pelo-derm\\\/\",\"url\":\"https:\\\/\\\/refarmil.com\\\/es\\\/producto\\\/pelo-derm\\\/\",\"name\":\"Pelo Derme Vetnil en Panam\u00e1 | Piel y Pelaje Mascotas\",\"isPartOf\":{\"@id\":\"https:\\\/\\\/refarmil.com\\\/es\\\/#website\"},\"primaryImageOfPage\":{\"@id\":\"https:\\\/\\\/refarmil.com\\\/es\\\/producto\\\/pelo-derm\\\/#primaryimage\"},\"image\":{\"@id\":\"https:\\\/\\\/refarmil.com\\\/es\\\/producto\\\/pelo-derm\\\/#primaryimage\"},\"thumbnailUrl\":\"https:\\\/\\\/refarmil.com\\\/es\\\/wp-content\\\/uploads\\\/2026\\\/03\\\/pelo-derme.webp\",\"datePublished\":\"2026-03-03T20:10:58+00:00\",\"dateModified\":\"2026-03-03T20:13:51+00:00\",\"description\":\"Pelo Derme Vetnil disponible en Panam\u00e1. Suplemento con Omega 3 y 6, vitaminas y minerales que mejora la piel y el pelaje en mascotas | REFARMIL\",\"breadcrumb\":{\"@id\":\"https:\\\/\\\/refarmil.com\\\/es\\\/producto\\\/pelo-derm\\\/#breadcrumb\"},\"inLanguage\":\"es\",\"potentialAction\":[{\"@type\":\"ReadAction\",\"target\":[\"https:\\\/\\\/refarmil.com\\\/es\\\/producto\\\/pelo-derm\\\/\"]}]},{\"@type\":\"ImageObject\",\"inLanguage\":\"es\",\"@id\":\"https:\\\/\\\/refarmil.com\\\/es\\\/producto\\\/pelo-derm\\\/#primaryimage\",\"url\":\"https:\\\/\\\/refarmil.com\\\/es\\\/wp-content\\\/uploads\\\/2026\\\/03\\\/pelo-derme.webp\",\"contentUrl\":\"https:\\\/\\\/refarmil.com\\\/es\\\/wp-content\\\/uploads\\\/2026\\\/03\\\/pelo-derme.webp\",\"width\":700,\"height\":700},{\"@type\":\"BreadcrumbList\",\"@id\":\"https:\\\/\\\/refarmil.com\\\/es\\\/producto\\\/pelo-derm\\\/#breadcrumb\",\"itemListElement\":[{\"@type\":\"ListItem\",\"position\":1,\"name\":\"Portada\",\"item\":\"https:\\\/\\\/refarmil.com\\\/es\\\/\"},{\"@type\":\"ListItem\",\"position\":2,\"name\":\"Productos\",\"item\":\"https:\\\/\\\/refarmil.com\\\/es\\\/productos\\\/\"},{\"@type\":\"ListItem\",\"position\":3,\"name\":\"Pelo Derm\"}]},{\"@type\":\"WebSite\",\"@id\":\"https:\\\/\\\/refarmil.com\\\/es\\\/#website\",\"url\":\"https:\\\/\\\/refarmil.com\\\/es\\\/\",\"name\":\"\",\"description\":\"\",\"potentialAction\":[{\"@type\":\"SearchAction\",\"target\":{\"@type\":\"EntryPoint\",\"urlTemplate\":\"https:\\\/\\\/refarmil.com\\\/es\\\/?s={search_term_string}\"},\"query-input\":{\"@type\":\"PropertyValueSpecification\",\"valueRequired\":true,\"valueName\":\"search_term_string\"}}],\"inLanguage\":\"es\"}]}<\/script>\n<!-- \/ Yoast SEO plugin. -->","yoast_head_json":{"title":"Pelo Derme Vetnil en Panam\u00e1 | Piel y Pelaje Mascotas","description":"Pelo Derme Vetnil disponible en Panam\u00e1. Suplemento con Omega 3 y 6, vitaminas y minerales que mejora la piel y el pelaje en mascotas | REFARMIL","robots":{"index":"index","follow":"follow","max-snippet":"max-snippet:-1","max-image-preview":"max-image-preview:large","max-video-preview":"max-video-preview:-1"},"canonical":"https:\/\/refarmil.com\/es\/producto\/pelo-derm\/","og_locale":"es_ES","og_type":"article","og_title":"Pelo Derme Vetnil en Panam\u00e1 | Piel y Pelaje Mascotas","og_description":"Pelo Derme Vetnil disponible en Panam\u00e1. Suplemento con Omega 3 y 6, vitaminas y minerales que mejora la piel y el pelaje en mascotas | REFARMIL","og_url":"https:\/\/refarmil.com\/es\/producto\/pelo-derm\/","article_modified_time":"2026-03-03T20:13:51+00:00","og_image":[{"width":700,"height":700,"url":"https:\/\/refarmil.com\/es\/wp-content\/uploads\/2026\/03\/pelo-derme.webp","type":"image\/webp"}],"twitter_card":"summary_large_image","twitter_misc":{"Tiempo de lectura":"1 minuto"},"schema":{"@context":"https:\/\/schema.org","@graph":[{"@type":"WebPage","@id":"https:\/\/refarmil.com\/es\/producto\/pelo-derm\/","url":"https:\/\/refarmil.com\/es\/producto\/pelo-derm\/","name":"Pelo Derme Vetnil en Panam\u00e1 | Piel y Pelaje Mascotas","isPartOf":{"@id":"https:\/\/refarmil.com\/es\/#website"},"primaryImageOfPage":{"@id":"https:\/\/refarmil.com\/es\/producto\/pelo-derm\/#primaryimage"},"image":{"@id":"https:\/\/refarmil.com\/es\/producto\/pelo-derm\/#primaryimage"},"thumbnailUrl":"https:\/\/refarmil.com\/es\/wp-content\/uploads\/2026\/03\/pelo-derme.webp","datePublished":"2026-03-03T20:10:58+00:00","dateModified":"2026-03-03T20:13:51+00:00","description":"Pelo Derme Vetnil disponible en Panam\u00e1. Suplemento con Omega 3 y 6, vitaminas y minerales que mejora la piel y el pelaje en mascotas | REFARMIL","breadcrumb":{"@id":"https:\/\/refarmil.com\/es\/producto\/pelo-derm\/#breadcrumb"},"inLanguage":"es","potentialAction":[{"@type":"ReadAction","target":["https:\/\/refarmil.com\/es\/producto\/pelo-derm\/"]}]},{"@type":"ImageObject","inLanguage":"es","@id":"https:\/\/refarmil.com\/es\/producto\/pelo-derm\/#primaryimage","url":"https:\/\/refarmil.com\/es\/wp-content\/uploads\/2026\/03\/pelo-derme.webp","contentUrl":"https:\/\/refarmil.com\/es\/wp-content\/uploads\/2026\/03\/pelo-derme.webp","width":700,"height":700},{"@type":"BreadcrumbList","@id":"https:\/\/refarmil.com\/es\/producto\/pelo-derm\/#breadcrumb","itemListElement":[{"@type":"ListItem","position":1,"name":"Portada","item":"https:\/\/refarmil.com\/es\/"},{"@type":"ListItem","position":2,"name":"Productos","item":"https:\/\/refarmil.com\/es\/productos\/"},{"@type":"ListItem","position":3,"name":"Pelo Derm"}]},{"@type":"WebSite","@id":"https:\/\/refarmil.com\/es\/#website","url":"https:\/\/refarmil.com\/es\/","name":"","description":"","potentialAction":[{"@type":"SearchAction","target":{"@type":"EntryPoint","urlTemplate":"https:\/\/refarmil.com\/es\/?s={search_term_string}"},"query-input":{"@type":"PropertyValueSpecification","valueRequired":true,"valueName":"search_term_string"}}],"inLanguage":"es"}]}},"_links":{"self":[{"href":"https:\/\/refarmil.com\/es\/wp-json\/wp\/v2\/product\/1049","targetHints":{"allow":["GET"]}}],"collection":[{"href":"https:\/\/refarmil.com\/es\/wp-json\/wp\/v2\/product"}],"about":[{"href":"https:\/\/refarmil.com\/es\/wp-json\/wp\/v2\/types\/product"}],"wp:featuredmedia":[{"embeddable":true,"href":"https:\/\/refarmil.com\/es\/wp-json\/wp\/v2\/media\/1050"}],"wp:attachment":[{"href":"https:\/\/refarmil.com\/es\/wp-json\/wp\/v2\/media?parent=1049"}],"wp:term":[{"taxonomy":"product_brand","embeddable":true,"href":"https:\/\/refarmil.com\/es\/wp-json\/wp\/v2\/product_brand?post=1049"},{"taxonomy":"product_cat","embeddable":true,"href":"https:\/\/refarmil.com\/es\/wp-json\/wp\/v2\/product_cat?post=1049"},{"taxonomy":"product_tag","embeddable":true,"href":"https:\/\/refarmil.com\/es\/wp-json\/wp\/v2\/product_tag?post=1049"}],"curies":[{"name":"wp","href":"https:\/\/api.w.org\/{rel}","templated":true}]}}