{"id":1090,"date":"2026-03-09T20:52:42","date_gmt":"2026-03-09T20:52:42","guid":{"rendered":"https:\/\/refarmil.com\/es\/?post_type=product&#038;p=1090"},"modified":"2026-03-25T17:05:57","modified_gmt":"2026-03-25T17:05:57","slug":"small-medium-breed-puppy","status":"publish","type":"product","link":"https:\/\/refarmil.com\/es\/producto\/small-medium-breed-puppy\/","title":{"rendered":"Small &#038; Medium Breed Puppy"},"content":{"rendered":"<p>\u2022 Formulado para cachorros de razas peque\u00f1as y medianas y perros adultos lactantes.<br \/>\n\u2022 DHA para un desarrollo adecuado del cerebro y la visi\u00f3n<br \/>\n\u2022 Equilibrio de grasas, prote\u00ednas y otros nutrientes esenciales para un crecimiento adecuado<br \/>\n\u2022 Enriquecido con superalimentos y probi\u00f3ticos garantizados.<\/p>\n","protected":false},"excerpt":{"rendered":"<p>\u2022 Formulado para cachorros de razas peque\u00f1as y medianas y perros adultos lactantes.<br \/>\n\u2022 DHA para un desarrollo adecuado del cerebro y la visi\u00f3n<br \/>\n\u2022 Equilibrio de grasas, prote\u00ednas y otros nutrientes esenciales para un crecimiento adecuado<br \/>\n\u2022 Enriquecido con superalimentos y probi\u00f3ticos garantizados.<\/p>\n","protected":false},"featured_media":2330,"template":"","meta":{"_joinchat":[]},"product_brand":[],"product_cat":[67,66],"product_tag":[33,63,77,34],"class_list":{"0":"post-1090","1":"product","2":"type-product","3":"status-publish","4":"has-post-thumbnail","6":"product_cat-cachorro-daimond","7":"product_cat-diamond","8":"product_tag-crecimiento","9":"product_tag-nutricion","10":"product_tag-perros","11":"product_tag-raza-pequena","13":"first","14":"instock","15":"taxable","16":"shipping-taxable","17":"product-type-simple"},"yoast_head":"<!-- This site is optimized with the Yoast SEO plugin v27.3 - https:\/\/yoast.com\/product\/yoast-seo-wordpress\/ -->\n<title>Diamond Naturals Small &amp; Medium Breed Puppy<\/title>\n<meta name=\"description\" content=\"Diamond Naturals Small &amp; Medium Breed Puppy para cachorros de razas peque\u00f1as y medianas. Con DHA, probi\u00f3ticos y superalimentos para un crecimiento saludable.. | Refarmil Panam\u00e1\" \/>\n<meta name=\"robots\" content=\"index, follow, max-snippet:-1, max-image-preview:large, max-video-preview:-1\" \/>\n<link rel=\"canonical\" href=\"https:\/\/refarmil.com\/es\/producto\/small-medium-breed-puppy\/\" \/>\n<meta property=\"og:locale\" content=\"es_ES\" \/>\n<meta property=\"og:type\" content=\"article\" \/>\n<meta property=\"og:title\" content=\"Diamond Naturals Small &amp; Medium Breed Puppy\" \/>\n<meta property=\"og:description\" content=\"Diamond Naturals Small &amp; Medium Breed Puppy para cachorros de razas peque\u00f1as y medianas. Con DHA, probi\u00f3ticos y superalimentos para un crecimiento saludable.. | Refarmil Panam\u00e1\" \/>\n<meta property=\"og:url\" content=\"https:\/\/refarmil.com\/es\/producto\/small-medium-breed-puppy\/\" \/>\n<meta property=\"article:modified_time\" content=\"2026-03-25T17:05:57+00:00\" \/>\n<meta property=\"og:image\" content=\"https:\/\/refarmil.com\/es\/wp-content\/uploads\/2026\/03\/Small-Medium-Breeed-Puppy2.webp\" \/>\n\t<meta property=\"og:image:width\" content=\"700\" \/>\n\t<meta property=\"og:image:height\" content=\"700\" \/>\n\t<meta property=\"og:image:type\" content=\"image\/webp\" \/>\n<meta name=\"twitter:card\" content=\"summary_large_image\" \/>\n<meta name=\"twitter:label1\" content=\"Tiempo de lectura\" \/>\n\t<meta name=\"twitter:data1\" content=\"1 minuto\" \/>\n<script type=\"application\/ld+json\" class=\"yoast-schema-graph\">{\"@context\":\"https:\\\/\\\/schema.org\",\"@graph\":[{\"@type\":\"WebPage\",\"@id\":\"https:\\\/\\\/refarmil.com\\\/es\\\/producto\\\/small-medium-breed-puppy\\\/\",\"url\":\"https:\\\/\\\/refarmil.com\\\/es\\\/producto\\\/small-medium-breed-puppy\\\/\",\"name\":\"Diamond Naturals Small & Medium Breed Puppy\",\"isPartOf\":{\"@id\":\"https:\\\/\\\/refarmil.com\\\/es\\\/#website\"},\"primaryImageOfPage\":{\"@id\":\"https:\\\/\\\/refarmil.com\\\/es\\\/producto\\\/small-medium-breed-puppy\\\/#primaryimage\"},\"image\":{\"@id\":\"https:\\\/\\\/refarmil.com\\\/es\\\/producto\\\/small-medium-breed-puppy\\\/#primaryimage\"},\"thumbnailUrl\":\"https:\\\/\\\/refarmil.com\\\/es\\\/wp-content\\\/uploads\\\/2026\\\/03\\\/Small-Medium-Breeed-Puppy2.webp\",\"datePublished\":\"2026-03-09T20:52:42+00:00\",\"dateModified\":\"2026-03-25T17:05:57+00:00\",\"description\":\"Diamond Naturals Small & Medium Breed Puppy para cachorros de razas peque\u00f1as y medianas. Con DHA, probi\u00f3ticos y superalimentos para un crecimiento saludable.. | Refarmil Panam\u00e1\",\"breadcrumb\":{\"@id\":\"https:\\\/\\\/refarmil.com\\\/es\\\/producto\\\/small-medium-breed-puppy\\\/#breadcrumb\"},\"inLanguage\":\"es\",\"potentialAction\":[{\"@type\":\"ReadAction\",\"target\":[\"https:\\\/\\\/refarmil.com\\\/es\\\/producto\\\/small-medium-breed-puppy\\\/\"]}]},{\"@type\":\"ImageObject\",\"inLanguage\":\"es\",\"@id\":\"https:\\\/\\\/refarmil.com\\\/es\\\/producto\\\/small-medium-breed-puppy\\\/#primaryimage\",\"url\":\"https:\\\/\\\/refarmil.com\\\/es\\\/wp-content\\\/uploads\\\/2026\\\/03\\\/Small-Medium-Breeed-Puppy2.webp\",\"contentUrl\":\"https:\\\/\\\/refarmil.com\\\/es\\\/wp-content\\\/uploads\\\/2026\\\/03\\\/Small-Medium-Breeed-Puppy2.webp\",\"width\":700,\"height\":700},{\"@type\":\"BreadcrumbList\",\"@id\":\"https:\\\/\\\/refarmil.com\\\/es\\\/producto\\\/small-medium-breed-puppy\\\/#breadcrumb\",\"itemListElement\":[{\"@type\":\"ListItem\",\"position\":1,\"name\":\"Portada\",\"item\":\"https:\\\/\\\/refarmil.com\\\/es\\\/\"},{\"@type\":\"ListItem\",\"position\":2,\"name\":\"Productos\",\"item\":\"https:\\\/\\\/refarmil.com\\\/es\\\/productos\\\/\"},{\"@type\":\"ListItem\",\"position\":3,\"name\":\"Small &#038; Medium Breed Puppy\"}]},{\"@type\":\"WebSite\",\"@id\":\"https:\\\/\\\/refarmil.com\\\/es\\\/#website\",\"url\":\"https:\\\/\\\/refarmil.com\\\/es\\\/\",\"name\":\"\",\"description\":\"\",\"potentialAction\":[{\"@type\":\"SearchAction\",\"target\":{\"@type\":\"EntryPoint\",\"urlTemplate\":\"https:\\\/\\\/refarmil.com\\\/es\\\/?s={search_term_string}\"},\"query-input\":{\"@type\":\"PropertyValueSpecification\",\"valueRequired\":true,\"valueName\":\"search_term_string\"}}],\"inLanguage\":\"es\"}]}<\/script>\n<!-- \/ Yoast SEO plugin. -->","yoast_head_json":{"title":"Diamond Naturals Small & Medium Breed Puppy","description":"Diamond Naturals Small & Medium Breed Puppy para cachorros de razas peque\u00f1as y medianas. Con DHA, probi\u00f3ticos y superalimentos para un crecimiento saludable.. | Refarmil Panam\u00e1","robots":{"index":"index","follow":"follow","max-snippet":"max-snippet:-1","max-image-preview":"max-image-preview:large","max-video-preview":"max-video-preview:-1"},"canonical":"https:\/\/refarmil.com\/es\/producto\/small-medium-breed-puppy\/","og_locale":"es_ES","og_type":"article","og_title":"Diamond Naturals Small & Medium Breed Puppy","og_description":"Diamond Naturals Small & Medium Breed Puppy para cachorros de razas peque\u00f1as y medianas. Con DHA, probi\u00f3ticos y superalimentos para un crecimiento saludable.. | Refarmil Panam\u00e1","og_url":"https:\/\/refarmil.com\/es\/producto\/small-medium-breed-puppy\/","article_modified_time":"2026-03-25T17:05:57+00:00","og_image":[{"width":700,"height":700,"url":"https:\/\/refarmil.com\/es\/wp-content\/uploads\/2026\/03\/Small-Medium-Breeed-Puppy2.webp","type":"image\/webp"}],"twitter_card":"summary_large_image","twitter_misc":{"Tiempo de lectura":"1 minuto"},"schema":{"@context":"https:\/\/schema.org","@graph":[{"@type":"WebPage","@id":"https:\/\/refarmil.com\/es\/producto\/small-medium-breed-puppy\/","url":"https:\/\/refarmil.com\/es\/producto\/small-medium-breed-puppy\/","name":"Diamond Naturals Small & Medium Breed Puppy","isPartOf":{"@id":"https:\/\/refarmil.com\/es\/#website"},"primaryImageOfPage":{"@id":"https:\/\/refarmil.com\/es\/producto\/small-medium-breed-puppy\/#primaryimage"},"image":{"@id":"https:\/\/refarmil.com\/es\/producto\/small-medium-breed-puppy\/#primaryimage"},"thumbnailUrl":"https:\/\/refarmil.com\/es\/wp-content\/uploads\/2026\/03\/Small-Medium-Breeed-Puppy2.webp","datePublished":"2026-03-09T20:52:42+00:00","dateModified":"2026-03-25T17:05:57+00:00","description":"Diamond Naturals Small & Medium Breed Puppy para cachorros de razas peque\u00f1as y medianas. Con DHA, probi\u00f3ticos y superalimentos para un crecimiento saludable.. | Refarmil Panam\u00e1","breadcrumb":{"@id":"https:\/\/refarmil.com\/es\/producto\/small-medium-breed-puppy\/#breadcrumb"},"inLanguage":"es","potentialAction":[{"@type":"ReadAction","target":["https:\/\/refarmil.com\/es\/producto\/small-medium-breed-puppy\/"]}]},{"@type":"ImageObject","inLanguage":"es","@id":"https:\/\/refarmil.com\/es\/producto\/small-medium-breed-puppy\/#primaryimage","url":"https:\/\/refarmil.com\/es\/wp-content\/uploads\/2026\/03\/Small-Medium-Breeed-Puppy2.webp","contentUrl":"https:\/\/refarmil.com\/es\/wp-content\/uploads\/2026\/03\/Small-Medium-Breeed-Puppy2.webp","width":700,"height":700},{"@type":"BreadcrumbList","@id":"https:\/\/refarmil.com\/es\/producto\/small-medium-breed-puppy\/#breadcrumb","itemListElement":[{"@type":"ListItem","position":1,"name":"Portada","item":"https:\/\/refarmil.com\/es\/"},{"@type":"ListItem","position":2,"name":"Productos","item":"https:\/\/refarmil.com\/es\/productos\/"},{"@type":"ListItem","position":3,"name":"Small &#038; Medium Breed Puppy"}]},{"@type":"WebSite","@id":"https:\/\/refarmil.com\/es\/#website","url":"https:\/\/refarmil.com\/es\/","name":"","description":"","potentialAction":[{"@type":"SearchAction","target":{"@type":"EntryPoint","urlTemplate":"https:\/\/refarmil.com\/es\/?s={search_term_string}"},"query-input":{"@type":"PropertyValueSpecification","valueRequired":true,"valueName":"search_term_string"}}],"inLanguage":"es"}]}},"_links":{"self":[{"href":"https:\/\/refarmil.com\/es\/wp-json\/wp\/v2\/product\/1090","targetHints":{"allow":["GET"]}}],"collection":[{"href":"https:\/\/refarmil.com\/es\/wp-json\/wp\/v2\/product"}],"about":[{"href":"https:\/\/refarmil.com\/es\/wp-json\/wp\/v2\/types\/product"}],"wp:featuredmedia":[{"embeddable":true,"href":"https:\/\/refarmil.com\/es\/wp-json\/wp\/v2\/media\/2330"}],"wp:attachment":[{"href":"https:\/\/refarmil.com\/es\/wp-json\/wp\/v2\/media?parent=1090"}],"wp:term":[{"taxonomy":"product_brand","embeddable":true,"href":"https:\/\/refarmil.com\/es\/wp-json\/wp\/v2\/product_brand?post=1090"},{"taxonomy":"product_cat","embeddable":true,"href":"https:\/\/refarmil.com\/es\/wp-json\/wp\/v2\/product_cat?post=1090"},{"taxonomy":"product_tag","embeddable":true,"href":"https:\/\/refarmil.com\/es\/wp-json\/wp\/v2\/product_tag?post=1090"}],"curies":[{"name":"wp","href":"https:\/\/api.w.org\/{rel}","templated":true}]}}