{"id":1095,"date":"2026-03-09T21:39:01","date_gmt":"2026-03-09T21:39:01","guid":{"rendered":"https:\/\/refarmil.com\/es\/?post_type=product&#038;p=1095"},"modified":"2026-03-09T21:42:47","modified_gmt":"2026-03-09T21:42:47","slug":"diamond-naturals-puppy-all-life-stages","status":"publish","type":"product","link":"https:\/\/refarmil.com\/es\/producto\/diamond-naturals-puppy-all-life-stages\/","title":{"rendered":"Diamond Naturals Puppy All Life Stages"},"content":{"rendered":"<p>\u2022 Formulado para todas las etapas de la vida, incluidos cachorros y perras adultas embarazadas o lactantes.<br \/>\n\u2022 31% de prote\u00edna y 20% de grasa<br \/>\n\u2022 DHA para un desarrollo adecuado del cerebro y la visi\u00f3n<br \/>\n\u2022 Probi\u00f3ticos garantizados: 80 millones de unidades formadoras de colonias (UFC) por libra para apoyar el sistema digestivo e inmunol\u00f3gico.<br \/>\n\u2022 Elaborado con ingredientes de calidad y con un prop\u00f3sito espec\u00edfico.<\/p>\n","protected":false},"excerpt":{"rendered":"<p>\u2022 Formulado para todas las etapas de la vida, incluidos cachorros y perras adultas embarazadas o lactantes.<br \/>\n\u2022 31% de prote\u00edna y 20% de grasa<br \/>\n\u2022 DHA para un desarrollo adecuado del cerebro y la visi\u00f3n<br \/>\n\u2022 Probi\u00f3ticos garantizados: 80 millones de unidades formadoras de colonias (UFC) por libra para apoyar el sistema digestivo e inmunol\u00f3gico.<br \/>\n\u2022 Elaborado con ingredientes de calidad y con un prop\u00f3sito espec\u00edfico.<\/p>\n","protected":false},"featured_media":1096,"template":"","meta":{"_joinchat":[]},"product_brand":[],"product_cat":[67,66],"product_tag":[32,33,63,77],"class_list":{"0":"post-1095","1":"product","2":"type-product","3":"status-publish","4":"has-post-thumbnail","6":"product_cat-cachorro-daimond","7":"product_cat-diamond","8":"product_tag-cachorro","9":"product_tag-crecimiento","10":"product_tag-nutricion","11":"product_tag-perros","13":"first","14":"instock","15":"taxable","16":"shipping-taxable","17":"product-type-simple"},"yoast_head":"<!-- This site is optimized with the Yoast SEO plugin v27.3 - https:\/\/yoast.com\/product\/yoast-seo-wordpress\/ -->\n<title>Naturals Puppy All Life Stages | Alimento para Cachorros Panam\u00e1<\/title>\n<meta name=\"description\" content=\"Diamond Naturals Puppy All Life Stages con 31% de prote\u00edna y DHA para el desarrollo del cerebro y la visi\u00f3n. Con probi\u00f3ticos que apoyan la digesti\u00f3n. REFARMIL\" \/>\n<meta name=\"robots\" content=\"index, follow, max-snippet:-1, max-image-preview:large, max-video-preview:-1\" \/>\n<link rel=\"canonical\" href=\"https:\/\/refarmil.com\/es\/producto\/diamond-naturals-puppy-all-life-stages\/\" \/>\n<meta property=\"og:locale\" content=\"es_ES\" \/>\n<meta property=\"og:type\" content=\"article\" \/>\n<meta property=\"og:title\" content=\"Naturals Puppy All Life Stages | Alimento para Cachorros Panam\u00e1\" \/>\n<meta property=\"og:description\" content=\"Diamond Naturals Puppy All Life Stages con 31% de prote\u00edna y DHA para el desarrollo del cerebro y la visi\u00f3n. Con probi\u00f3ticos que apoyan la digesti\u00f3n. REFARMIL\" \/>\n<meta property=\"og:url\" content=\"https:\/\/refarmil.com\/es\/producto\/diamond-naturals-puppy-all-life-stages\/\" \/>\n<meta property=\"article:modified_time\" content=\"2026-03-09T21:42:47+00:00\" \/>\n<meta property=\"og:image\" content=\"https:\/\/refarmil.com\/es\/wp-content\/uploads\/2026\/03\/Puppy-Complete-Balanced-Food.webp\" \/>\n\t<meta property=\"og:image:width\" content=\"700\" \/>\n\t<meta property=\"og:image:height\" content=\"700\" \/>\n\t<meta property=\"og:image:type\" content=\"image\/webp\" \/>\n<meta name=\"twitter:card\" content=\"summary_large_image\" \/>\n<meta name=\"twitter:label1\" content=\"Tiempo de lectura\" \/>\n\t<meta name=\"twitter:data1\" content=\"1 minuto\" \/>\n<script type=\"application\/ld+json\" class=\"yoast-schema-graph\">{\"@context\":\"https:\\\/\\\/schema.org\",\"@graph\":[{\"@type\":\"WebPage\",\"@id\":\"https:\\\/\\\/refarmil.com\\\/es\\\/producto\\\/diamond-naturals-puppy-all-life-stages\\\/\",\"url\":\"https:\\\/\\\/refarmil.com\\\/es\\\/producto\\\/diamond-naturals-puppy-all-life-stages\\\/\",\"name\":\"Naturals Puppy All Life Stages | Alimento para Cachorros Panam\u00e1\",\"isPartOf\":{\"@id\":\"https:\\\/\\\/refarmil.com\\\/es\\\/#website\"},\"primaryImageOfPage\":{\"@id\":\"https:\\\/\\\/refarmil.com\\\/es\\\/producto\\\/diamond-naturals-puppy-all-life-stages\\\/#primaryimage\"},\"image\":{\"@id\":\"https:\\\/\\\/refarmil.com\\\/es\\\/producto\\\/diamond-naturals-puppy-all-life-stages\\\/#primaryimage\"},\"thumbnailUrl\":\"https:\\\/\\\/refarmil.com\\\/es\\\/wp-content\\\/uploads\\\/2026\\\/03\\\/Puppy-Complete-Balanced-Food.webp\",\"datePublished\":\"2026-03-09T21:39:01+00:00\",\"dateModified\":\"2026-03-09T21:42:47+00:00\",\"description\":\"Diamond Naturals Puppy All Life Stages con 31% de prote\u00edna y DHA para el desarrollo del cerebro y la visi\u00f3n. Con probi\u00f3ticos que apoyan la digesti\u00f3n. REFARMIL\",\"breadcrumb\":{\"@id\":\"https:\\\/\\\/refarmil.com\\\/es\\\/producto\\\/diamond-naturals-puppy-all-life-stages\\\/#breadcrumb\"},\"inLanguage\":\"es\",\"potentialAction\":[{\"@type\":\"ReadAction\",\"target\":[\"https:\\\/\\\/refarmil.com\\\/es\\\/producto\\\/diamond-naturals-puppy-all-life-stages\\\/\"]}]},{\"@type\":\"ImageObject\",\"inLanguage\":\"es\",\"@id\":\"https:\\\/\\\/refarmil.com\\\/es\\\/producto\\\/diamond-naturals-puppy-all-life-stages\\\/#primaryimage\",\"url\":\"https:\\\/\\\/refarmil.com\\\/es\\\/wp-content\\\/uploads\\\/2026\\\/03\\\/Puppy-Complete-Balanced-Food.webp\",\"contentUrl\":\"https:\\\/\\\/refarmil.com\\\/es\\\/wp-content\\\/uploads\\\/2026\\\/03\\\/Puppy-Complete-Balanced-Food.webp\",\"width\":700,\"height\":700},{\"@type\":\"BreadcrumbList\",\"@id\":\"https:\\\/\\\/refarmil.com\\\/es\\\/producto\\\/diamond-naturals-puppy-all-life-stages\\\/#breadcrumb\",\"itemListElement\":[{\"@type\":\"ListItem\",\"position\":1,\"name\":\"Portada\",\"item\":\"https:\\\/\\\/refarmil.com\\\/es\\\/\"},{\"@type\":\"ListItem\",\"position\":2,\"name\":\"Productos\",\"item\":\"https:\\\/\\\/refarmil.com\\\/es\\\/productos\\\/\"},{\"@type\":\"ListItem\",\"position\":3,\"name\":\"Diamond Naturals Puppy All Life Stages\"}]},{\"@type\":\"WebSite\",\"@id\":\"https:\\\/\\\/refarmil.com\\\/es\\\/#website\",\"url\":\"https:\\\/\\\/refarmil.com\\\/es\\\/\",\"name\":\"\",\"description\":\"\",\"potentialAction\":[{\"@type\":\"SearchAction\",\"target\":{\"@type\":\"EntryPoint\",\"urlTemplate\":\"https:\\\/\\\/refarmil.com\\\/es\\\/?s={search_term_string}\"},\"query-input\":{\"@type\":\"PropertyValueSpecification\",\"valueRequired\":true,\"valueName\":\"search_term_string\"}}],\"inLanguage\":\"es\"}]}<\/script>\n<!-- \/ Yoast SEO plugin. -->","yoast_head_json":{"title":"Naturals Puppy All Life Stages | Alimento para Cachorros Panam\u00e1","description":"Diamond Naturals Puppy All Life Stages con 31% de prote\u00edna y DHA para el desarrollo del cerebro y la visi\u00f3n. Con probi\u00f3ticos que apoyan la digesti\u00f3n. REFARMIL","robots":{"index":"index","follow":"follow","max-snippet":"max-snippet:-1","max-image-preview":"max-image-preview:large","max-video-preview":"max-video-preview:-1"},"canonical":"https:\/\/refarmil.com\/es\/producto\/diamond-naturals-puppy-all-life-stages\/","og_locale":"es_ES","og_type":"article","og_title":"Naturals Puppy All Life Stages | Alimento para Cachorros Panam\u00e1","og_description":"Diamond Naturals Puppy All Life Stages con 31% de prote\u00edna y DHA para el desarrollo del cerebro y la visi\u00f3n. Con probi\u00f3ticos que apoyan la digesti\u00f3n. REFARMIL","og_url":"https:\/\/refarmil.com\/es\/producto\/diamond-naturals-puppy-all-life-stages\/","article_modified_time":"2026-03-09T21:42:47+00:00","og_image":[{"width":700,"height":700,"url":"https:\/\/refarmil.com\/es\/wp-content\/uploads\/2026\/03\/Puppy-Complete-Balanced-Food.webp","type":"image\/webp"}],"twitter_card":"summary_large_image","twitter_misc":{"Tiempo de lectura":"1 minuto"},"schema":{"@context":"https:\/\/schema.org","@graph":[{"@type":"WebPage","@id":"https:\/\/refarmil.com\/es\/producto\/diamond-naturals-puppy-all-life-stages\/","url":"https:\/\/refarmil.com\/es\/producto\/diamond-naturals-puppy-all-life-stages\/","name":"Naturals Puppy All Life Stages | Alimento para Cachorros Panam\u00e1","isPartOf":{"@id":"https:\/\/refarmil.com\/es\/#website"},"primaryImageOfPage":{"@id":"https:\/\/refarmil.com\/es\/producto\/diamond-naturals-puppy-all-life-stages\/#primaryimage"},"image":{"@id":"https:\/\/refarmil.com\/es\/producto\/diamond-naturals-puppy-all-life-stages\/#primaryimage"},"thumbnailUrl":"https:\/\/refarmil.com\/es\/wp-content\/uploads\/2026\/03\/Puppy-Complete-Balanced-Food.webp","datePublished":"2026-03-09T21:39:01+00:00","dateModified":"2026-03-09T21:42:47+00:00","description":"Diamond Naturals Puppy All Life Stages con 31% de prote\u00edna y DHA para el desarrollo del cerebro y la visi\u00f3n. Con probi\u00f3ticos que apoyan la digesti\u00f3n. REFARMIL","breadcrumb":{"@id":"https:\/\/refarmil.com\/es\/producto\/diamond-naturals-puppy-all-life-stages\/#breadcrumb"},"inLanguage":"es","potentialAction":[{"@type":"ReadAction","target":["https:\/\/refarmil.com\/es\/producto\/diamond-naturals-puppy-all-life-stages\/"]}]},{"@type":"ImageObject","inLanguage":"es","@id":"https:\/\/refarmil.com\/es\/producto\/diamond-naturals-puppy-all-life-stages\/#primaryimage","url":"https:\/\/refarmil.com\/es\/wp-content\/uploads\/2026\/03\/Puppy-Complete-Balanced-Food.webp","contentUrl":"https:\/\/refarmil.com\/es\/wp-content\/uploads\/2026\/03\/Puppy-Complete-Balanced-Food.webp","width":700,"height":700},{"@type":"BreadcrumbList","@id":"https:\/\/refarmil.com\/es\/producto\/diamond-naturals-puppy-all-life-stages\/#breadcrumb","itemListElement":[{"@type":"ListItem","position":1,"name":"Portada","item":"https:\/\/refarmil.com\/es\/"},{"@type":"ListItem","position":2,"name":"Productos","item":"https:\/\/refarmil.com\/es\/productos\/"},{"@type":"ListItem","position":3,"name":"Diamond Naturals Puppy All Life Stages"}]},{"@type":"WebSite","@id":"https:\/\/refarmil.com\/es\/#website","url":"https:\/\/refarmil.com\/es\/","name":"","description":"","potentialAction":[{"@type":"SearchAction","target":{"@type":"EntryPoint","urlTemplate":"https:\/\/refarmil.com\/es\/?s={search_term_string}"},"query-input":{"@type":"PropertyValueSpecification","valueRequired":true,"valueName":"search_term_string"}}],"inLanguage":"es"}]}},"_links":{"self":[{"href":"https:\/\/refarmil.com\/es\/wp-json\/wp\/v2\/product\/1095","targetHints":{"allow":["GET"]}}],"collection":[{"href":"https:\/\/refarmil.com\/es\/wp-json\/wp\/v2\/product"}],"about":[{"href":"https:\/\/refarmil.com\/es\/wp-json\/wp\/v2\/types\/product"}],"wp:featuredmedia":[{"embeddable":true,"href":"https:\/\/refarmil.com\/es\/wp-json\/wp\/v2\/media\/1096"}],"wp:attachment":[{"href":"https:\/\/refarmil.com\/es\/wp-json\/wp\/v2\/media?parent=1095"}],"wp:term":[{"taxonomy":"product_brand","embeddable":true,"href":"https:\/\/refarmil.com\/es\/wp-json\/wp\/v2\/product_brand?post=1095"},{"taxonomy":"product_cat","embeddable":true,"href":"https:\/\/refarmil.com\/es\/wp-json\/wp\/v2\/product_cat?post=1095"},{"taxonomy":"product_tag","embeddable":true,"href":"https:\/\/refarmil.com\/es\/wp-json\/wp\/v2\/product_tag?post=1095"}],"curies":[{"name":"wp","href":"https:\/\/api.w.org\/{rel}","templated":true}]}}