{"id":1098,"date":"2026-03-09T21:46:19","date_gmt":"2026-03-09T21:46:19","guid":{"rendered":"https:\/\/refarmil.com\/es\/?post_type=product&#038;p=1098"},"modified":"2026-03-09T21:52:09","modified_gmt":"2026-03-09T21:52:09","slug":"small-breed-adult-dog-chicken-rice","status":"publish","type":"product","link":"https:\/\/refarmil.com\/es\/producto\/small-breed-adult-dog-chicken-rice\/","title":{"rendered":"Small Breed Adult Dog-Chicken &#038; Rice"},"content":{"rendered":"<p>\u2022 Con pollo de gallinas libres para un gran sabor y nutrici\u00f3n.<br \/>\n\u2022 Las croquetas peque\u00f1as y crujientes son f\u00e1ciles de masticar para las bocas peque\u00f1as y tambi\u00e9n ayudan a limpiar los dientes.<br \/>\n\u2022 Nutrientes equilibrados necesarios para perros de razas peque\u00f1as.<br \/>\n\u2022 Enriquecido con superalimentos y probi\u00f3ticos garantizados.<\/p>\n","protected":false},"excerpt":{"rendered":"<p>\u2022 Con pollo de gallinas libres para un gran sabor y nutrici\u00f3n.<br \/>\n\u2022 Las croquetas peque\u00f1as y crujientes son f\u00e1ciles de masticar para las bocas peque\u00f1as y tambi\u00e9n ayudan a limpiar los dientes.<br \/>\n\u2022 Nutrientes equilibrados necesarios para perros de razas peque\u00f1as.<br \/>\n\u2022 Enriquecido con superalimentos y probi\u00f3ticos garantizados.<\/p>\n","protected":false},"featured_media":1099,"template":"","meta":{"_joinchat":[]},"product_brand":[],"product_cat":[68,66],"product_tag":[36,63,77,34],"class_list":{"0":"post-1098","1":"product","2":"type-product","3":"status-publish","4":"has-post-thumbnail","6":"product_cat-adulto-daimond","7":"product_cat-diamond","8":"product_tag-adulto","9":"product_tag-nutricion","10":"product_tag-perros","11":"product_tag-raza-pequena","13":"first","14":"instock","15":"taxable","16":"shipping-taxable","17":"product-type-simple"},"yoast_head":"<!-- This site is optimized with the Yoast SEO plugin v27.3 - https:\/\/yoast.com\/product\/yoast-seo-wordpress\/ -->\n<title>Small Breed Adult Chicken &amp; Rice | Alimento para Perros Panam\u00e1<\/title>\n<meta name=\"description\" content=\"Diamond Naturals Small Breed Adult Chicken &amp; Rice para perros adultos de razas peque\u00f1as en Panam\u00e1, con pollo, probi\u00f3ticos y superalimentos para una nutrici\u00f3n completa. REFARMIL\" \/>\n<meta name=\"robots\" content=\"index, follow, max-snippet:-1, max-image-preview:large, max-video-preview:-1\" \/>\n<link rel=\"canonical\" href=\"https:\/\/refarmil.com\/es\/producto\/small-breed-adult-dog-chicken-rice\/\" \/>\n<meta property=\"og:locale\" content=\"es_ES\" \/>\n<meta property=\"og:type\" content=\"article\" \/>\n<meta property=\"og:title\" content=\"Small Breed Adult Chicken &amp; Rice | Alimento para Perros Panam\u00e1\" \/>\n<meta property=\"og:description\" content=\"Diamond Naturals Small Breed Adult Chicken &amp; Rice para perros adultos de razas peque\u00f1as en Panam\u00e1, con pollo, probi\u00f3ticos y superalimentos para una nutrici\u00f3n completa. REFARMIL\" \/>\n<meta property=\"og:url\" content=\"https:\/\/refarmil.com\/es\/producto\/small-breed-adult-dog-chicken-rice\/\" \/>\n<meta property=\"article:modified_time\" content=\"2026-03-09T21:52:09+00:00\" \/>\n<meta property=\"og:image\" content=\"https:\/\/refarmil.com\/es\/wp-content\/uploads\/2026\/03\/Small-Breed-Chicken-Rice.webp\" \/>\n\t<meta property=\"og:image:width\" content=\"700\" \/>\n\t<meta property=\"og:image:height\" content=\"700\" \/>\n\t<meta property=\"og:image:type\" content=\"image\/webp\" \/>\n<meta name=\"twitter:card\" content=\"summary_large_image\" \/>\n<meta name=\"twitter:label1\" content=\"Tiempo de lectura\" \/>\n\t<meta name=\"twitter:data1\" content=\"1 minuto\" \/>\n<script type=\"application\/ld+json\" class=\"yoast-schema-graph\">{\"@context\":\"https:\\\/\\\/schema.org\",\"@graph\":[{\"@type\":\"WebPage\",\"@id\":\"https:\\\/\\\/refarmil.com\\\/es\\\/producto\\\/small-breed-adult-dog-chicken-rice\\\/\",\"url\":\"https:\\\/\\\/refarmil.com\\\/es\\\/producto\\\/small-breed-adult-dog-chicken-rice\\\/\",\"name\":\"Small Breed Adult Chicken & Rice | Alimento para Perros Panam\u00e1\",\"isPartOf\":{\"@id\":\"https:\\\/\\\/refarmil.com\\\/es\\\/#website\"},\"primaryImageOfPage\":{\"@id\":\"https:\\\/\\\/refarmil.com\\\/es\\\/producto\\\/small-breed-adult-dog-chicken-rice\\\/#primaryimage\"},\"image\":{\"@id\":\"https:\\\/\\\/refarmil.com\\\/es\\\/producto\\\/small-breed-adult-dog-chicken-rice\\\/#primaryimage\"},\"thumbnailUrl\":\"https:\\\/\\\/refarmil.com\\\/es\\\/wp-content\\\/uploads\\\/2026\\\/03\\\/Small-Breed-Chicken-Rice.webp\",\"datePublished\":\"2026-03-09T21:46:19+00:00\",\"dateModified\":\"2026-03-09T21:52:09+00:00\",\"description\":\"Diamond Naturals Small Breed Adult Chicken & Rice para perros adultos de razas peque\u00f1as en Panam\u00e1, con pollo, probi\u00f3ticos y superalimentos para una nutrici\u00f3n completa. REFARMIL\",\"breadcrumb\":{\"@id\":\"https:\\\/\\\/refarmil.com\\\/es\\\/producto\\\/small-breed-adult-dog-chicken-rice\\\/#breadcrumb\"},\"inLanguage\":\"es\",\"potentialAction\":[{\"@type\":\"ReadAction\",\"target\":[\"https:\\\/\\\/refarmil.com\\\/es\\\/producto\\\/small-breed-adult-dog-chicken-rice\\\/\"]}]},{\"@type\":\"ImageObject\",\"inLanguage\":\"es\",\"@id\":\"https:\\\/\\\/refarmil.com\\\/es\\\/producto\\\/small-breed-adult-dog-chicken-rice\\\/#primaryimage\",\"url\":\"https:\\\/\\\/refarmil.com\\\/es\\\/wp-content\\\/uploads\\\/2026\\\/03\\\/Small-Breed-Chicken-Rice.webp\",\"contentUrl\":\"https:\\\/\\\/refarmil.com\\\/es\\\/wp-content\\\/uploads\\\/2026\\\/03\\\/Small-Breed-Chicken-Rice.webp\",\"width\":700,\"height\":700},{\"@type\":\"BreadcrumbList\",\"@id\":\"https:\\\/\\\/refarmil.com\\\/es\\\/producto\\\/small-breed-adult-dog-chicken-rice\\\/#breadcrumb\",\"itemListElement\":[{\"@type\":\"ListItem\",\"position\":1,\"name\":\"Portada\",\"item\":\"https:\\\/\\\/refarmil.com\\\/es\\\/\"},{\"@type\":\"ListItem\",\"position\":2,\"name\":\"Productos\",\"item\":\"https:\\\/\\\/refarmil.com\\\/es\\\/productos\\\/\"},{\"@type\":\"ListItem\",\"position\":3,\"name\":\"Small Breed Adult Dog-Chicken &#038; Rice\"}]},{\"@type\":\"WebSite\",\"@id\":\"https:\\\/\\\/refarmil.com\\\/es\\\/#website\",\"url\":\"https:\\\/\\\/refarmil.com\\\/es\\\/\",\"name\":\"\",\"description\":\"\",\"potentialAction\":[{\"@type\":\"SearchAction\",\"target\":{\"@type\":\"EntryPoint\",\"urlTemplate\":\"https:\\\/\\\/refarmil.com\\\/es\\\/?s={search_term_string}\"},\"query-input\":{\"@type\":\"PropertyValueSpecification\",\"valueRequired\":true,\"valueName\":\"search_term_string\"}}],\"inLanguage\":\"es\"}]}<\/script>\n<!-- \/ Yoast SEO plugin. -->","yoast_head_json":{"title":"Small Breed Adult Chicken & Rice | Alimento para Perros Panam\u00e1","description":"Diamond Naturals Small Breed Adult Chicken & Rice para perros adultos de razas peque\u00f1as en Panam\u00e1, con pollo, probi\u00f3ticos y superalimentos para una nutrici\u00f3n completa. REFARMIL","robots":{"index":"index","follow":"follow","max-snippet":"max-snippet:-1","max-image-preview":"max-image-preview:large","max-video-preview":"max-video-preview:-1"},"canonical":"https:\/\/refarmil.com\/es\/producto\/small-breed-adult-dog-chicken-rice\/","og_locale":"es_ES","og_type":"article","og_title":"Small Breed Adult Chicken & Rice | Alimento para Perros Panam\u00e1","og_description":"Diamond Naturals Small Breed Adult Chicken & Rice para perros adultos de razas peque\u00f1as en Panam\u00e1, con pollo, probi\u00f3ticos y superalimentos para una nutrici\u00f3n completa. REFARMIL","og_url":"https:\/\/refarmil.com\/es\/producto\/small-breed-adult-dog-chicken-rice\/","article_modified_time":"2026-03-09T21:52:09+00:00","og_image":[{"width":700,"height":700,"url":"https:\/\/refarmil.com\/es\/wp-content\/uploads\/2026\/03\/Small-Breed-Chicken-Rice.webp","type":"image\/webp"}],"twitter_card":"summary_large_image","twitter_misc":{"Tiempo de lectura":"1 minuto"},"schema":{"@context":"https:\/\/schema.org","@graph":[{"@type":"WebPage","@id":"https:\/\/refarmil.com\/es\/producto\/small-breed-adult-dog-chicken-rice\/","url":"https:\/\/refarmil.com\/es\/producto\/small-breed-adult-dog-chicken-rice\/","name":"Small Breed Adult Chicken & Rice | Alimento para Perros Panam\u00e1","isPartOf":{"@id":"https:\/\/refarmil.com\/es\/#website"},"primaryImageOfPage":{"@id":"https:\/\/refarmil.com\/es\/producto\/small-breed-adult-dog-chicken-rice\/#primaryimage"},"image":{"@id":"https:\/\/refarmil.com\/es\/producto\/small-breed-adult-dog-chicken-rice\/#primaryimage"},"thumbnailUrl":"https:\/\/refarmil.com\/es\/wp-content\/uploads\/2026\/03\/Small-Breed-Chicken-Rice.webp","datePublished":"2026-03-09T21:46:19+00:00","dateModified":"2026-03-09T21:52:09+00:00","description":"Diamond Naturals Small Breed Adult Chicken & Rice para perros adultos de razas peque\u00f1as en Panam\u00e1, con pollo, probi\u00f3ticos y superalimentos para una nutrici\u00f3n completa. REFARMIL","breadcrumb":{"@id":"https:\/\/refarmil.com\/es\/producto\/small-breed-adult-dog-chicken-rice\/#breadcrumb"},"inLanguage":"es","potentialAction":[{"@type":"ReadAction","target":["https:\/\/refarmil.com\/es\/producto\/small-breed-adult-dog-chicken-rice\/"]}]},{"@type":"ImageObject","inLanguage":"es","@id":"https:\/\/refarmil.com\/es\/producto\/small-breed-adult-dog-chicken-rice\/#primaryimage","url":"https:\/\/refarmil.com\/es\/wp-content\/uploads\/2026\/03\/Small-Breed-Chicken-Rice.webp","contentUrl":"https:\/\/refarmil.com\/es\/wp-content\/uploads\/2026\/03\/Small-Breed-Chicken-Rice.webp","width":700,"height":700},{"@type":"BreadcrumbList","@id":"https:\/\/refarmil.com\/es\/producto\/small-breed-adult-dog-chicken-rice\/#breadcrumb","itemListElement":[{"@type":"ListItem","position":1,"name":"Portada","item":"https:\/\/refarmil.com\/es\/"},{"@type":"ListItem","position":2,"name":"Productos","item":"https:\/\/refarmil.com\/es\/productos\/"},{"@type":"ListItem","position":3,"name":"Small Breed Adult Dog-Chicken &#038; Rice"}]},{"@type":"WebSite","@id":"https:\/\/refarmil.com\/es\/#website","url":"https:\/\/refarmil.com\/es\/","name":"","description":"","potentialAction":[{"@type":"SearchAction","target":{"@type":"EntryPoint","urlTemplate":"https:\/\/refarmil.com\/es\/?s={search_term_string}"},"query-input":{"@type":"PropertyValueSpecification","valueRequired":true,"valueName":"search_term_string"}}],"inLanguage":"es"}]}},"_links":{"self":[{"href":"https:\/\/refarmil.com\/es\/wp-json\/wp\/v2\/product\/1098","targetHints":{"allow":["GET"]}}],"collection":[{"href":"https:\/\/refarmil.com\/es\/wp-json\/wp\/v2\/product"}],"about":[{"href":"https:\/\/refarmil.com\/es\/wp-json\/wp\/v2\/types\/product"}],"wp:featuredmedia":[{"embeddable":true,"href":"https:\/\/refarmil.com\/es\/wp-json\/wp\/v2\/media\/1099"}],"wp:attachment":[{"href":"https:\/\/refarmil.com\/es\/wp-json\/wp\/v2\/media?parent=1098"}],"wp:term":[{"taxonomy":"product_brand","embeddable":true,"href":"https:\/\/refarmil.com\/es\/wp-json\/wp\/v2\/product_brand?post=1098"},{"taxonomy":"product_cat","embeddable":true,"href":"https:\/\/refarmil.com\/es\/wp-json\/wp\/v2\/product_cat?post=1098"},{"taxonomy":"product_tag","embeddable":true,"href":"https:\/\/refarmil.com\/es\/wp-json\/wp\/v2\/product_tag?post=1098"}],"curies":[{"name":"wp","href":"https:\/\/api.w.org\/{rel}","templated":true}]}}