{"id":1110,"date":"2026-03-10T15:03:21","date_gmt":"2026-03-10T15:03:21","guid":{"rendered":"https:\/\/refarmil.com\/es\/?post_type=product&#038;p=1110"},"modified":"2026-03-10T15:13:52","modified_gmt":"2026-03-10T15:13:52","slug":"skin-coat-salmon-potato","status":"publish","type":"product","link":"https:\/\/refarmil.com\/es\/producto\/skin-coat-salmon-potato\/","title":{"rendered":"Skin &#038; Coat Salmon &#038; Potato"},"content":{"rendered":"<p>\u2022 El salm\u00f3n real es el primer ingrediente.<br \/>\n\u2022 Ayuda a mantener una piel y un pelaje saludables en todas las etapas de la vida.<br \/>\n\u2022 Enriquecido con probi\u00f3ticos y superalimentos garantizados.<\/p>\n","protected":false},"excerpt":{"rendered":"<p>\u2022 El salm\u00f3n real es el primer ingrediente.<br \/>\n\u2022 Ayuda a mantener una piel y un pelaje saludables en todas las etapas de la vida.<br \/>\n\u2022 Enriquecido con probi\u00f3ticos y superalimentos garantizados.<\/p>\n","protected":false},"featured_media":1112,"template":"","meta":{"_joinchat":[]},"product_brand":[],"product_cat":[69,66],"product_tag":[63,77,65],"class_list":{"0":"post-1110","1":"product","2":"type-product","3":"status-publish","4":"has-post-thumbnail","6":"product_cat-all-life","7":"product_cat-diamond","8":"product_tag-nutricion","9":"product_tag-perros","10":"product_tag-piel-y-pelaje","12":"first","13":"instock","14":"taxable","15":"shipping-taxable","16":"product-type-simple"},"yoast_head":"<!-- This site is optimized with the Yoast SEO plugin v27.3 - https:\/\/yoast.com\/product\/yoast-seo-wordpress\/ -->\n<title>Skin &amp; Coat Salmon &amp; Potato | Perros en Panam\u00e1 | Refarmil<\/title>\n<meta name=\"description\" content=\"Diamond Naturals Skin &amp; Coat Salmon &amp; Potato para perros en Panam\u00e1, con salm\u00f3n como primer ingrediente y probi\u00f3ticos que ayudan a mantener piel sana y pelaje brillante. Refarmil\" \/>\n<meta name=\"robots\" content=\"index, follow, max-snippet:-1, max-image-preview:large, max-video-preview:-1\" \/>\n<link rel=\"canonical\" href=\"https:\/\/refarmil.com\/es\/producto\/skin-coat-salmon-potato\/\" \/>\n<meta property=\"og:locale\" content=\"es_ES\" \/>\n<meta property=\"og:type\" content=\"article\" \/>\n<meta property=\"og:title\" content=\"Skin &amp; Coat Salmon &amp; Potato | Perros en Panam\u00e1 | Refarmil\" \/>\n<meta property=\"og:description\" content=\"Diamond Naturals Skin &amp; Coat Salmon &amp; Potato para perros en Panam\u00e1, con salm\u00f3n como primer ingrediente y probi\u00f3ticos que ayudan a mantener piel sana y pelaje brillante. Refarmil\" \/>\n<meta property=\"og:url\" content=\"https:\/\/refarmil.com\/es\/producto\/skin-coat-salmon-potato\/\" \/>\n<meta property=\"article:modified_time\" content=\"2026-03-10T15:13:52+00:00\" \/>\n<meta property=\"og:image\" content=\"https:\/\/refarmil.com\/es\/wp-content\/uploads\/2026\/03\/Skin-Coat-Dog-Salmon-Potato.webp\" \/>\n\t<meta property=\"og:image:width\" content=\"700\" \/>\n\t<meta property=\"og:image:height\" content=\"700\" \/>\n\t<meta property=\"og:image:type\" content=\"image\/webp\" \/>\n<meta name=\"twitter:card\" content=\"summary_large_image\" \/>\n<meta name=\"twitter:label1\" content=\"Tiempo de lectura\" \/>\n\t<meta name=\"twitter:data1\" content=\"1 minuto\" \/>\n<script type=\"application\/ld+json\" class=\"yoast-schema-graph\">{\"@context\":\"https:\\\/\\\/schema.org\",\"@graph\":[{\"@type\":\"WebPage\",\"@id\":\"https:\\\/\\\/refarmil.com\\\/es\\\/producto\\\/skin-coat-salmon-potato\\\/\",\"url\":\"https:\\\/\\\/refarmil.com\\\/es\\\/producto\\\/skin-coat-salmon-potato\\\/\",\"name\":\"Skin & Coat Salmon & Potato | Perros en Panam\u00e1 | Refarmil\",\"isPartOf\":{\"@id\":\"https:\\\/\\\/refarmil.com\\\/es\\\/#website\"},\"primaryImageOfPage\":{\"@id\":\"https:\\\/\\\/refarmil.com\\\/es\\\/producto\\\/skin-coat-salmon-potato\\\/#primaryimage\"},\"image\":{\"@id\":\"https:\\\/\\\/refarmil.com\\\/es\\\/producto\\\/skin-coat-salmon-potato\\\/#primaryimage\"},\"thumbnailUrl\":\"https:\\\/\\\/refarmil.com\\\/es\\\/wp-content\\\/uploads\\\/2026\\\/03\\\/Skin-Coat-Dog-Salmon-Potato.webp\",\"datePublished\":\"2026-03-10T15:03:21+00:00\",\"dateModified\":\"2026-03-10T15:13:52+00:00\",\"description\":\"Diamond Naturals Skin & Coat Salmon & Potato para perros en Panam\u00e1, con salm\u00f3n como primer ingrediente y probi\u00f3ticos que ayudan a mantener piel sana y pelaje brillante. Refarmil\",\"breadcrumb\":{\"@id\":\"https:\\\/\\\/refarmil.com\\\/es\\\/producto\\\/skin-coat-salmon-potato\\\/#breadcrumb\"},\"inLanguage\":\"es\",\"potentialAction\":[{\"@type\":\"ReadAction\",\"target\":[\"https:\\\/\\\/refarmil.com\\\/es\\\/producto\\\/skin-coat-salmon-potato\\\/\"]}]},{\"@type\":\"ImageObject\",\"inLanguage\":\"es\",\"@id\":\"https:\\\/\\\/refarmil.com\\\/es\\\/producto\\\/skin-coat-salmon-potato\\\/#primaryimage\",\"url\":\"https:\\\/\\\/refarmil.com\\\/es\\\/wp-content\\\/uploads\\\/2026\\\/03\\\/Skin-Coat-Dog-Salmon-Potato.webp\",\"contentUrl\":\"https:\\\/\\\/refarmil.com\\\/es\\\/wp-content\\\/uploads\\\/2026\\\/03\\\/Skin-Coat-Dog-Salmon-Potato.webp\",\"width\":700,\"height\":700},{\"@type\":\"BreadcrumbList\",\"@id\":\"https:\\\/\\\/refarmil.com\\\/es\\\/producto\\\/skin-coat-salmon-potato\\\/#breadcrumb\",\"itemListElement\":[{\"@type\":\"ListItem\",\"position\":1,\"name\":\"Portada\",\"item\":\"https:\\\/\\\/refarmil.com\\\/es\\\/\"},{\"@type\":\"ListItem\",\"position\":2,\"name\":\"Productos\",\"item\":\"https:\\\/\\\/refarmil.com\\\/es\\\/productos\\\/\"},{\"@type\":\"ListItem\",\"position\":3,\"name\":\"Skin &#038; Coat Salmon &#038; Potato\"}]},{\"@type\":\"WebSite\",\"@id\":\"https:\\\/\\\/refarmil.com\\\/es\\\/#website\",\"url\":\"https:\\\/\\\/refarmil.com\\\/es\\\/\",\"name\":\"\",\"description\":\"\",\"potentialAction\":[{\"@type\":\"SearchAction\",\"target\":{\"@type\":\"EntryPoint\",\"urlTemplate\":\"https:\\\/\\\/refarmil.com\\\/es\\\/?s={search_term_string}\"},\"query-input\":{\"@type\":\"PropertyValueSpecification\",\"valueRequired\":true,\"valueName\":\"search_term_string\"}}],\"inLanguage\":\"es\"}]}<\/script>\n<!-- \/ Yoast SEO plugin. -->","yoast_head_json":{"title":"Skin & Coat Salmon & Potato | Perros en Panam\u00e1 | Refarmil","description":"Diamond Naturals Skin & Coat Salmon & Potato para perros en Panam\u00e1, con salm\u00f3n como primer ingrediente y probi\u00f3ticos que ayudan a mantener piel sana y pelaje brillante. Refarmil","robots":{"index":"index","follow":"follow","max-snippet":"max-snippet:-1","max-image-preview":"max-image-preview:large","max-video-preview":"max-video-preview:-1"},"canonical":"https:\/\/refarmil.com\/es\/producto\/skin-coat-salmon-potato\/","og_locale":"es_ES","og_type":"article","og_title":"Skin & Coat Salmon & Potato | Perros en Panam\u00e1 | Refarmil","og_description":"Diamond Naturals Skin & Coat Salmon & Potato para perros en Panam\u00e1, con salm\u00f3n como primer ingrediente y probi\u00f3ticos que ayudan a mantener piel sana y pelaje brillante. Refarmil","og_url":"https:\/\/refarmil.com\/es\/producto\/skin-coat-salmon-potato\/","article_modified_time":"2026-03-10T15:13:52+00:00","og_image":[{"width":700,"height":700,"url":"https:\/\/refarmil.com\/es\/wp-content\/uploads\/2026\/03\/Skin-Coat-Dog-Salmon-Potato.webp","type":"image\/webp"}],"twitter_card":"summary_large_image","twitter_misc":{"Tiempo de lectura":"1 minuto"},"schema":{"@context":"https:\/\/schema.org","@graph":[{"@type":"WebPage","@id":"https:\/\/refarmil.com\/es\/producto\/skin-coat-salmon-potato\/","url":"https:\/\/refarmil.com\/es\/producto\/skin-coat-salmon-potato\/","name":"Skin & Coat Salmon & Potato | Perros en Panam\u00e1 | Refarmil","isPartOf":{"@id":"https:\/\/refarmil.com\/es\/#website"},"primaryImageOfPage":{"@id":"https:\/\/refarmil.com\/es\/producto\/skin-coat-salmon-potato\/#primaryimage"},"image":{"@id":"https:\/\/refarmil.com\/es\/producto\/skin-coat-salmon-potato\/#primaryimage"},"thumbnailUrl":"https:\/\/refarmil.com\/es\/wp-content\/uploads\/2026\/03\/Skin-Coat-Dog-Salmon-Potato.webp","datePublished":"2026-03-10T15:03:21+00:00","dateModified":"2026-03-10T15:13:52+00:00","description":"Diamond Naturals Skin & Coat Salmon & Potato para perros en Panam\u00e1, con salm\u00f3n como primer ingrediente y probi\u00f3ticos que ayudan a mantener piel sana y pelaje brillante. Refarmil","breadcrumb":{"@id":"https:\/\/refarmil.com\/es\/producto\/skin-coat-salmon-potato\/#breadcrumb"},"inLanguage":"es","potentialAction":[{"@type":"ReadAction","target":["https:\/\/refarmil.com\/es\/producto\/skin-coat-salmon-potato\/"]}]},{"@type":"ImageObject","inLanguage":"es","@id":"https:\/\/refarmil.com\/es\/producto\/skin-coat-salmon-potato\/#primaryimage","url":"https:\/\/refarmil.com\/es\/wp-content\/uploads\/2026\/03\/Skin-Coat-Dog-Salmon-Potato.webp","contentUrl":"https:\/\/refarmil.com\/es\/wp-content\/uploads\/2026\/03\/Skin-Coat-Dog-Salmon-Potato.webp","width":700,"height":700},{"@type":"BreadcrumbList","@id":"https:\/\/refarmil.com\/es\/producto\/skin-coat-salmon-potato\/#breadcrumb","itemListElement":[{"@type":"ListItem","position":1,"name":"Portada","item":"https:\/\/refarmil.com\/es\/"},{"@type":"ListItem","position":2,"name":"Productos","item":"https:\/\/refarmil.com\/es\/productos\/"},{"@type":"ListItem","position":3,"name":"Skin &#038; Coat Salmon &#038; Potato"}]},{"@type":"WebSite","@id":"https:\/\/refarmil.com\/es\/#website","url":"https:\/\/refarmil.com\/es\/","name":"","description":"","potentialAction":[{"@type":"SearchAction","target":{"@type":"EntryPoint","urlTemplate":"https:\/\/refarmil.com\/es\/?s={search_term_string}"},"query-input":{"@type":"PropertyValueSpecification","valueRequired":true,"valueName":"search_term_string"}}],"inLanguage":"es"}]}},"_links":{"self":[{"href":"https:\/\/refarmil.com\/es\/wp-json\/wp\/v2\/product\/1110","targetHints":{"allow":["GET"]}}],"collection":[{"href":"https:\/\/refarmil.com\/es\/wp-json\/wp\/v2\/product"}],"about":[{"href":"https:\/\/refarmil.com\/es\/wp-json\/wp\/v2\/types\/product"}],"wp:featuredmedia":[{"embeddable":true,"href":"https:\/\/refarmil.com\/es\/wp-json\/wp\/v2\/media\/1112"}],"wp:attachment":[{"href":"https:\/\/refarmil.com\/es\/wp-json\/wp\/v2\/media?parent=1110"}],"wp:term":[{"taxonomy":"product_brand","embeddable":true,"href":"https:\/\/refarmil.com\/es\/wp-json\/wp\/v2\/product_brand?post=1110"},{"taxonomy":"product_cat","embeddable":true,"href":"https:\/\/refarmil.com\/es\/wp-json\/wp\/v2\/product_cat?post=1110"},{"taxonomy":"product_tag","embeddable":true,"href":"https:\/\/refarmil.com\/es\/wp-json\/wp\/v2\/product_tag?post=1110"}],"curies":[{"name":"wp","href":"https:\/\/api.w.org\/{rel}","templated":true}]}}