{"id":1117,"date":"2026-03-10T15:28:41","date_gmt":"2026-03-10T15:28:41","guid":{"rendered":"https:\/\/refarmil.com\/es\/?post_type=product&#038;p=1117"},"modified":"2026-03-10T15:30:36","modified_gmt":"2026-03-10T15:30:36","slug":"senior-dog-chicken-egg-oatmeal","status":"publish","type":"product","link":"https:\/\/refarmil.com\/es\/producto\/senior-dog-chicken-egg-oatmeal\/","title":{"rendered":"Senior Dog Chicken, Egg &#038; Oatmeal"},"content":{"rendered":"<p>\u2022 Formulado con niveles cuidadosamente determinados de prote\u00ednas y grasas para satisfacer las necesidades de los perros que envejecen.<br \/>\n\u2022 Probi\u00f3ticos y fibra garantizados para facilitar la digesti\u00f3n.<br \/>\n\u2022 Glucosamina y condroitina para las articulaciones<br \/>\n\u2022 Los superalimentos, el selenio y la vitamina E aportan antioxidantes<\/p>\n","protected":false},"excerpt":{"rendered":"<p>\u2022 Formulado con niveles cuidadosamente determinados de prote\u00ednas y grasas para satisfacer las necesidades de los perros que envejecen.<br \/>\n\u2022 Probi\u00f3ticos y fibra garantizados para facilitar la digesti\u00f3n.<br \/>\n\u2022 Glucosamina y condroitina para las articulaciones<br \/>\n\u2022 Los superalimentos, el selenio y la vitamina E aportan antioxidantes<\/p>\n","protected":false},"featured_media":1119,"template":"","meta":{"_joinchat":[]},"product_brand":[],"product_cat":[66,70],"product_tag":[63,77,41],"class_list":{"0":"post-1117","1":"product","2":"type-product","3":"status-publish","4":"has-post-thumbnail","6":"product_cat-diamond","7":"product_cat-senior-daimond","8":"product_tag-nutricion","9":"product_tag-perros","10":"product_tag-senior","12":"first","13":"instock","14":"taxable","15":"shipping-taxable","16":"product-type-simple"},"yoast_head":"<!-- This site is optimized with the Yoast SEO plugin v27.3 - https:\/\/yoast.com\/product\/yoast-seo-wordpress\/ -->\n<title>Senior Dog Chicken, Egg &amp; Oatmeal | Perros en Panam\u00e1 | Refarmil<\/title>\n<meta name=\"description\" content=\"Diamond Naturals Senior Dog Chicken, Egg &amp; Oatmeal para perros mayores en Panam\u00e1, con glucosamina, probi\u00f3ticos y antioxidantes que apoyan digesti\u00f3n, movilidad y bienestar. Refarmil\" \/>\n<meta name=\"robots\" content=\"index, follow, max-snippet:-1, max-image-preview:large, max-video-preview:-1\" \/>\n<link rel=\"canonical\" href=\"https:\/\/refarmil.com\/es\/producto\/senior-dog-chicken-egg-oatmeal\/\" \/>\n<meta property=\"og:locale\" content=\"es_ES\" \/>\n<meta property=\"og:type\" content=\"article\" \/>\n<meta property=\"og:title\" content=\"Senior Dog Chicken, Egg &amp; Oatmeal | Perros en Panam\u00e1 | Refarmil\" \/>\n<meta property=\"og:description\" content=\"Diamond Naturals Senior Dog Chicken, Egg &amp; Oatmeal para perros mayores en Panam\u00e1, con glucosamina, probi\u00f3ticos y antioxidantes que apoyan digesti\u00f3n, movilidad y bienestar. Refarmil\" \/>\n<meta property=\"og:url\" content=\"https:\/\/refarmil.com\/es\/producto\/senior-dog-chicken-egg-oatmeal\/\" \/>\n<meta property=\"article:modified_time\" content=\"2026-03-10T15:30:36+00:00\" \/>\n<meta property=\"og:image\" content=\"https:\/\/refarmil.com\/es\/wp-content\/uploads\/2026\/03\/senior.webp\" \/>\n\t<meta property=\"og:image:width\" content=\"700\" \/>\n\t<meta property=\"og:image:height\" content=\"700\" \/>\n\t<meta property=\"og:image:type\" content=\"image\/webp\" \/>\n<meta name=\"twitter:card\" content=\"summary_large_image\" \/>\n<meta name=\"twitter:label1\" content=\"Tiempo de lectura\" \/>\n\t<meta name=\"twitter:data1\" content=\"1 minuto\" \/>\n<script type=\"application\/ld+json\" class=\"yoast-schema-graph\">{\"@context\":\"https:\\\/\\\/schema.org\",\"@graph\":[{\"@type\":\"WebPage\",\"@id\":\"https:\\\/\\\/refarmil.com\\\/es\\\/producto\\\/senior-dog-chicken-egg-oatmeal\\\/\",\"url\":\"https:\\\/\\\/refarmil.com\\\/es\\\/producto\\\/senior-dog-chicken-egg-oatmeal\\\/\",\"name\":\"Senior Dog Chicken, Egg & Oatmeal | Perros en Panam\u00e1 | Refarmil\",\"isPartOf\":{\"@id\":\"https:\\\/\\\/refarmil.com\\\/es\\\/#website\"},\"primaryImageOfPage\":{\"@id\":\"https:\\\/\\\/refarmil.com\\\/es\\\/producto\\\/senior-dog-chicken-egg-oatmeal\\\/#primaryimage\"},\"image\":{\"@id\":\"https:\\\/\\\/refarmil.com\\\/es\\\/producto\\\/senior-dog-chicken-egg-oatmeal\\\/#primaryimage\"},\"thumbnailUrl\":\"https:\\\/\\\/refarmil.com\\\/es\\\/wp-content\\\/uploads\\\/2026\\\/03\\\/senior.webp\",\"datePublished\":\"2026-03-10T15:28:41+00:00\",\"dateModified\":\"2026-03-10T15:30:36+00:00\",\"description\":\"Diamond Naturals Senior Dog Chicken, Egg & Oatmeal para perros mayores en Panam\u00e1, con glucosamina, probi\u00f3ticos y antioxidantes que apoyan digesti\u00f3n, movilidad y bienestar. Refarmil\",\"breadcrumb\":{\"@id\":\"https:\\\/\\\/refarmil.com\\\/es\\\/producto\\\/senior-dog-chicken-egg-oatmeal\\\/#breadcrumb\"},\"inLanguage\":\"es\",\"potentialAction\":[{\"@type\":\"ReadAction\",\"target\":[\"https:\\\/\\\/refarmil.com\\\/es\\\/producto\\\/senior-dog-chicken-egg-oatmeal\\\/\"]}]},{\"@type\":\"ImageObject\",\"inLanguage\":\"es\",\"@id\":\"https:\\\/\\\/refarmil.com\\\/es\\\/producto\\\/senior-dog-chicken-egg-oatmeal\\\/#primaryimage\",\"url\":\"https:\\\/\\\/refarmil.com\\\/es\\\/wp-content\\\/uploads\\\/2026\\\/03\\\/senior.webp\",\"contentUrl\":\"https:\\\/\\\/refarmil.com\\\/es\\\/wp-content\\\/uploads\\\/2026\\\/03\\\/senior.webp\",\"width\":700,\"height\":700},{\"@type\":\"BreadcrumbList\",\"@id\":\"https:\\\/\\\/refarmil.com\\\/es\\\/producto\\\/senior-dog-chicken-egg-oatmeal\\\/#breadcrumb\",\"itemListElement\":[{\"@type\":\"ListItem\",\"position\":1,\"name\":\"Portada\",\"item\":\"https:\\\/\\\/refarmil.com\\\/es\\\/\"},{\"@type\":\"ListItem\",\"position\":2,\"name\":\"Productos\",\"item\":\"https:\\\/\\\/refarmil.com\\\/es\\\/productos\\\/\"},{\"@type\":\"ListItem\",\"position\":3,\"name\":\"Senior Dog Chicken, Egg &#038; Oatmeal\"}]},{\"@type\":\"WebSite\",\"@id\":\"https:\\\/\\\/refarmil.com\\\/es\\\/#website\",\"url\":\"https:\\\/\\\/refarmil.com\\\/es\\\/\",\"name\":\"\",\"description\":\"\",\"potentialAction\":[{\"@type\":\"SearchAction\",\"target\":{\"@type\":\"EntryPoint\",\"urlTemplate\":\"https:\\\/\\\/refarmil.com\\\/es\\\/?s={search_term_string}\"},\"query-input\":{\"@type\":\"PropertyValueSpecification\",\"valueRequired\":true,\"valueName\":\"search_term_string\"}}],\"inLanguage\":\"es\"}]}<\/script>\n<!-- \/ Yoast SEO plugin. -->","yoast_head_json":{"title":"Senior Dog Chicken, Egg & Oatmeal | Perros en Panam\u00e1 | Refarmil","description":"Diamond Naturals Senior Dog Chicken, Egg & Oatmeal para perros mayores en Panam\u00e1, con glucosamina, probi\u00f3ticos y antioxidantes que apoyan digesti\u00f3n, movilidad y bienestar. Refarmil","robots":{"index":"index","follow":"follow","max-snippet":"max-snippet:-1","max-image-preview":"max-image-preview:large","max-video-preview":"max-video-preview:-1"},"canonical":"https:\/\/refarmil.com\/es\/producto\/senior-dog-chicken-egg-oatmeal\/","og_locale":"es_ES","og_type":"article","og_title":"Senior Dog Chicken, Egg & Oatmeal | Perros en Panam\u00e1 | Refarmil","og_description":"Diamond Naturals Senior Dog Chicken, Egg & Oatmeal para perros mayores en Panam\u00e1, con glucosamina, probi\u00f3ticos y antioxidantes que apoyan digesti\u00f3n, movilidad y bienestar. Refarmil","og_url":"https:\/\/refarmil.com\/es\/producto\/senior-dog-chicken-egg-oatmeal\/","article_modified_time":"2026-03-10T15:30:36+00:00","og_image":[{"width":700,"height":700,"url":"https:\/\/refarmil.com\/es\/wp-content\/uploads\/2026\/03\/senior.webp","type":"image\/webp"}],"twitter_card":"summary_large_image","twitter_misc":{"Tiempo de lectura":"1 minuto"},"schema":{"@context":"https:\/\/schema.org","@graph":[{"@type":"WebPage","@id":"https:\/\/refarmil.com\/es\/producto\/senior-dog-chicken-egg-oatmeal\/","url":"https:\/\/refarmil.com\/es\/producto\/senior-dog-chicken-egg-oatmeal\/","name":"Senior Dog Chicken, Egg & Oatmeal | Perros en Panam\u00e1 | Refarmil","isPartOf":{"@id":"https:\/\/refarmil.com\/es\/#website"},"primaryImageOfPage":{"@id":"https:\/\/refarmil.com\/es\/producto\/senior-dog-chicken-egg-oatmeal\/#primaryimage"},"image":{"@id":"https:\/\/refarmil.com\/es\/producto\/senior-dog-chicken-egg-oatmeal\/#primaryimage"},"thumbnailUrl":"https:\/\/refarmil.com\/es\/wp-content\/uploads\/2026\/03\/senior.webp","datePublished":"2026-03-10T15:28:41+00:00","dateModified":"2026-03-10T15:30:36+00:00","description":"Diamond Naturals Senior Dog Chicken, Egg & Oatmeal para perros mayores en Panam\u00e1, con glucosamina, probi\u00f3ticos y antioxidantes que apoyan digesti\u00f3n, movilidad y bienestar. Refarmil","breadcrumb":{"@id":"https:\/\/refarmil.com\/es\/producto\/senior-dog-chicken-egg-oatmeal\/#breadcrumb"},"inLanguage":"es","potentialAction":[{"@type":"ReadAction","target":["https:\/\/refarmil.com\/es\/producto\/senior-dog-chicken-egg-oatmeal\/"]}]},{"@type":"ImageObject","inLanguage":"es","@id":"https:\/\/refarmil.com\/es\/producto\/senior-dog-chicken-egg-oatmeal\/#primaryimage","url":"https:\/\/refarmil.com\/es\/wp-content\/uploads\/2026\/03\/senior.webp","contentUrl":"https:\/\/refarmil.com\/es\/wp-content\/uploads\/2026\/03\/senior.webp","width":700,"height":700},{"@type":"BreadcrumbList","@id":"https:\/\/refarmil.com\/es\/producto\/senior-dog-chicken-egg-oatmeal\/#breadcrumb","itemListElement":[{"@type":"ListItem","position":1,"name":"Portada","item":"https:\/\/refarmil.com\/es\/"},{"@type":"ListItem","position":2,"name":"Productos","item":"https:\/\/refarmil.com\/es\/productos\/"},{"@type":"ListItem","position":3,"name":"Senior Dog Chicken, Egg &#038; Oatmeal"}]},{"@type":"WebSite","@id":"https:\/\/refarmil.com\/es\/#website","url":"https:\/\/refarmil.com\/es\/","name":"","description":"","potentialAction":[{"@type":"SearchAction","target":{"@type":"EntryPoint","urlTemplate":"https:\/\/refarmil.com\/es\/?s={search_term_string}"},"query-input":{"@type":"PropertyValueSpecification","valueRequired":true,"valueName":"search_term_string"}}],"inLanguage":"es"}]}},"_links":{"self":[{"href":"https:\/\/refarmil.com\/es\/wp-json\/wp\/v2\/product\/1117","targetHints":{"allow":["GET"]}}],"collection":[{"href":"https:\/\/refarmil.com\/es\/wp-json\/wp\/v2\/product"}],"about":[{"href":"https:\/\/refarmil.com\/es\/wp-json\/wp\/v2\/types\/product"}],"wp:featuredmedia":[{"embeddable":true,"href":"https:\/\/refarmil.com\/es\/wp-json\/wp\/v2\/media\/1119"}],"wp:attachment":[{"href":"https:\/\/refarmil.com\/es\/wp-json\/wp\/v2\/media?parent=1117"}],"wp:term":[{"taxonomy":"product_brand","embeddable":true,"href":"https:\/\/refarmil.com\/es\/wp-json\/wp\/v2\/product_brand?post=1117"},{"taxonomy":"product_cat","embeddable":true,"href":"https:\/\/refarmil.com\/es\/wp-json\/wp\/v2\/product_cat?post=1117"},{"taxonomy":"product_tag","embeddable":true,"href":"https:\/\/refarmil.com\/es\/wp-json\/wp\/v2\/product_tag?post=1117"}],"curies":[{"name":"wp","href":"https:\/\/api.w.org\/{rel}","templated":true}]}}