{"id":1123,"date":"2026-03-10T15:44:23","date_gmt":"2026-03-10T15:44:23","guid":{"rendered":"https:\/\/refarmil.com\/es\/?post_type=product&#038;p=1123"},"modified":"2026-03-10T15:45:43","modified_gmt":"2026-03-10T15:45:43","slug":"indoor-cat-chicken-rice","status":"publish","type":"product","link":"https:\/\/refarmil.com\/es\/producto\/indoor-cat-chicken-rice\/","title":{"rendered":"Indoor Cat Chicken &#038; Rice"},"content":{"rendered":"<p>\u2022 Formulado para satisfacer las necesidades diarias de los gatos adultos.<br \/>\n\u2022 Con pollo de gallinas libres para un gran sabor y nutrici\u00f3n.<br \/>\n\u2022 \u00c1cidos grasos omega-6 y omega-3 para la piel y el pelaje<br \/>\n\u2022 Ayuda a controlar y reducir la formaci\u00f3n de bolas de pelo.<br \/>\n\u2022 Enriquecido con superalimentos y probi\u00f3ticos.<\/p>\n","protected":false},"excerpt":{"rendered":"<p>\u2022 Formulado para satisfacer las necesidades diarias de los gatos adultos.<br \/>\n\u2022 Con pollo de gallinas libres para un gran sabor y nutrici\u00f3n.<br \/>\n\u2022 \u00c1cidos grasos omega-6 y omega-3 para la piel y el pelaje<br \/>\n\u2022 Ayuda a controlar y reducir la formaci\u00f3n de bolas de pelo.<br \/>\n\u2022 Enriquecido con superalimentos y probi\u00f3ticos.<\/p>\n","protected":false},"featured_media":1121,"template":"","meta":{"_joinchat":[]},"product_brand":[],"product_cat":[66,75],"product_tag":[78,63],"class_list":{"0":"post-1123","1":"product","2":"type-product","3":"status-publish","4":"has-post-thumbnail","6":"product_cat-diamond","7":"product_cat-gatos-adultos","8":"product_tag-gatos","9":"product_tag-nutricion","11":"first","12":"instock","13":"taxable","14":"shipping-taxable","15":"product-type-simple"},"yoast_head":"<!-- This site is optimized with the Yoast SEO plugin v27.3 - https:\/\/yoast.com\/product\/yoast-seo-wordpress\/ -->\n<title>Indoor Cat Chicken &amp; Rice | Gatos en Panam\u00e1 | Refarmil<\/title>\n<meta name=\"description\" content=\"Diamond Naturals Indoor Cat Chicken &amp; Rice para gatos adultos en Panam\u00e1, con pollo, probi\u00f3ticos y omega 3 y 6 que ayudan a la digesti\u00f3n, piel saludable y control de bolas de pelo - REFARMIL\" \/>\n<meta name=\"robots\" content=\"index, follow, max-snippet:-1, max-image-preview:large, max-video-preview:-1\" \/>\n<link rel=\"canonical\" href=\"https:\/\/refarmil.com\/es\/producto\/indoor-cat-chicken-rice\/\" \/>\n<meta property=\"og:locale\" content=\"es_ES\" \/>\n<meta property=\"og:type\" content=\"article\" \/>\n<meta property=\"og:title\" content=\"Indoor Cat Chicken &amp; Rice | Gatos en Panam\u00e1 | Refarmil\" \/>\n<meta property=\"og:description\" content=\"Diamond Naturals Indoor Cat Chicken &amp; Rice para gatos adultos en Panam\u00e1, con pollo, probi\u00f3ticos y omega 3 y 6 que ayudan a la digesti\u00f3n, piel saludable y control de bolas de pelo - REFARMIL\" \/>\n<meta property=\"og:url\" content=\"https:\/\/refarmil.com\/es\/producto\/indoor-cat-chicken-rice\/\" \/>\n<meta property=\"article:modified_time\" content=\"2026-03-10T15:45:43+00:00\" \/>\n<meta property=\"og:image\" content=\"https:\/\/refarmil.com\/es\/wp-content\/uploads\/2026\/03\/Indoor-Cat-Chicken-Rice.webp\" \/>\n\t<meta property=\"og:image:width\" content=\"700\" \/>\n\t<meta property=\"og:image:height\" content=\"700\" \/>\n\t<meta property=\"og:image:type\" content=\"image\/webp\" \/>\n<meta name=\"twitter:card\" content=\"summary_large_image\" \/>\n<meta name=\"twitter:label1\" content=\"Tiempo de lectura\" \/>\n\t<meta name=\"twitter:data1\" content=\"1 minuto\" \/>\n<script type=\"application\/ld+json\" class=\"yoast-schema-graph\">{\"@context\":\"https:\\\/\\\/schema.org\",\"@graph\":[{\"@type\":\"WebPage\",\"@id\":\"https:\\\/\\\/refarmil.com\\\/es\\\/producto\\\/indoor-cat-chicken-rice\\\/\",\"url\":\"https:\\\/\\\/refarmil.com\\\/es\\\/producto\\\/indoor-cat-chicken-rice\\\/\",\"name\":\"Indoor Cat Chicken & Rice | Gatos en Panam\u00e1 | Refarmil\",\"isPartOf\":{\"@id\":\"https:\\\/\\\/refarmil.com\\\/es\\\/#website\"},\"primaryImageOfPage\":{\"@id\":\"https:\\\/\\\/refarmil.com\\\/es\\\/producto\\\/indoor-cat-chicken-rice\\\/#primaryimage\"},\"image\":{\"@id\":\"https:\\\/\\\/refarmil.com\\\/es\\\/producto\\\/indoor-cat-chicken-rice\\\/#primaryimage\"},\"thumbnailUrl\":\"https:\\\/\\\/refarmil.com\\\/es\\\/wp-content\\\/uploads\\\/2026\\\/03\\\/Indoor-Cat-Chicken-Rice.webp\",\"datePublished\":\"2026-03-10T15:44:23+00:00\",\"dateModified\":\"2026-03-10T15:45:43+00:00\",\"description\":\"Diamond Naturals Indoor Cat Chicken & Rice para gatos adultos en Panam\u00e1, con pollo, probi\u00f3ticos y omega 3 y 6 que ayudan a la digesti\u00f3n, piel saludable y control de bolas de pelo - REFARMIL\",\"breadcrumb\":{\"@id\":\"https:\\\/\\\/refarmil.com\\\/es\\\/producto\\\/indoor-cat-chicken-rice\\\/#breadcrumb\"},\"inLanguage\":\"es\",\"potentialAction\":[{\"@type\":\"ReadAction\",\"target\":[\"https:\\\/\\\/refarmil.com\\\/es\\\/producto\\\/indoor-cat-chicken-rice\\\/\"]}]},{\"@type\":\"ImageObject\",\"inLanguage\":\"es\",\"@id\":\"https:\\\/\\\/refarmil.com\\\/es\\\/producto\\\/indoor-cat-chicken-rice\\\/#primaryimage\",\"url\":\"https:\\\/\\\/refarmil.com\\\/es\\\/wp-content\\\/uploads\\\/2026\\\/03\\\/Indoor-Cat-Chicken-Rice.webp\",\"contentUrl\":\"https:\\\/\\\/refarmil.com\\\/es\\\/wp-content\\\/uploads\\\/2026\\\/03\\\/Indoor-Cat-Chicken-Rice.webp\",\"width\":700,\"height\":700},{\"@type\":\"BreadcrumbList\",\"@id\":\"https:\\\/\\\/refarmil.com\\\/es\\\/producto\\\/indoor-cat-chicken-rice\\\/#breadcrumb\",\"itemListElement\":[{\"@type\":\"ListItem\",\"position\":1,\"name\":\"Portada\",\"item\":\"https:\\\/\\\/refarmil.com\\\/es\\\/\"},{\"@type\":\"ListItem\",\"position\":2,\"name\":\"Productos\",\"item\":\"https:\\\/\\\/refarmil.com\\\/es\\\/productos\\\/\"},{\"@type\":\"ListItem\",\"position\":3,\"name\":\"Indoor Cat Chicken &#038; Rice\"}]},{\"@type\":\"WebSite\",\"@id\":\"https:\\\/\\\/refarmil.com\\\/es\\\/#website\",\"url\":\"https:\\\/\\\/refarmil.com\\\/es\\\/\",\"name\":\"\",\"description\":\"\",\"potentialAction\":[{\"@type\":\"SearchAction\",\"target\":{\"@type\":\"EntryPoint\",\"urlTemplate\":\"https:\\\/\\\/refarmil.com\\\/es\\\/?s={search_term_string}\"},\"query-input\":{\"@type\":\"PropertyValueSpecification\",\"valueRequired\":true,\"valueName\":\"search_term_string\"}}],\"inLanguage\":\"es\"}]}<\/script>\n<!-- \/ Yoast SEO plugin. -->","yoast_head_json":{"title":"Indoor Cat Chicken & Rice | Gatos en Panam\u00e1 | Refarmil","description":"Diamond Naturals Indoor Cat Chicken & Rice para gatos adultos en Panam\u00e1, con pollo, probi\u00f3ticos y omega 3 y 6 que ayudan a la digesti\u00f3n, piel saludable y control de bolas de pelo - REFARMIL","robots":{"index":"index","follow":"follow","max-snippet":"max-snippet:-1","max-image-preview":"max-image-preview:large","max-video-preview":"max-video-preview:-1"},"canonical":"https:\/\/refarmil.com\/es\/producto\/indoor-cat-chicken-rice\/","og_locale":"es_ES","og_type":"article","og_title":"Indoor Cat Chicken & Rice | Gatos en Panam\u00e1 | Refarmil","og_description":"Diamond Naturals Indoor Cat Chicken & Rice para gatos adultos en Panam\u00e1, con pollo, probi\u00f3ticos y omega 3 y 6 que ayudan a la digesti\u00f3n, piel saludable y control de bolas de pelo - REFARMIL","og_url":"https:\/\/refarmil.com\/es\/producto\/indoor-cat-chicken-rice\/","article_modified_time":"2026-03-10T15:45:43+00:00","og_image":[{"width":700,"height":700,"url":"https:\/\/refarmil.com\/es\/wp-content\/uploads\/2026\/03\/Indoor-Cat-Chicken-Rice.webp","type":"image\/webp"}],"twitter_card":"summary_large_image","twitter_misc":{"Tiempo de lectura":"1 minuto"},"schema":{"@context":"https:\/\/schema.org","@graph":[{"@type":"WebPage","@id":"https:\/\/refarmil.com\/es\/producto\/indoor-cat-chicken-rice\/","url":"https:\/\/refarmil.com\/es\/producto\/indoor-cat-chicken-rice\/","name":"Indoor Cat Chicken & Rice | Gatos en Panam\u00e1 | Refarmil","isPartOf":{"@id":"https:\/\/refarmil.com\/es\/#website"},"primaryImageOfPage":{"@id":"https:\/\/refarmil.com\/es\/producto\/indoor-cat-chicken-rice\/#primaryimage"},"image":{"@id":"https:\/\/refarmil.com\/es\/producto\/indoor-cat-chicken-rice\/#primaryimage"},"thumbnailUrl":"https:\/\/refarmil.com\/es\/wp-content\/uploads\/2026\/03\/Indoor-Cat-Chicken-Rice.webp","datePublished":"2026-03-10T15:44:23+00:00","dateModified":"2026-03-10T15:45:43+00:00","description":"Diamond Naturals Indoor Cat Chicken & Rice para gatos adultos en Panam\u00e1, con pollo, probi\u00f3ticos y omega 3 y 6 que ayudan a la digesti\u00f3n, piel saludable y control de bolas de pelo - REFARMIL","breadcrumb":{"@id":"https:\/\/refarmil.com\/es\/producto\/indoor-cat-chicken-rice\/#breadcrumb"},"inLanguage":"es","potentialAction":[{"@type":"ReadAction","target":["https:\/\/refarmil.com\/es\/producto\/indoor-cat-chicken-rice\/"]}]},{"@type":"ImageObject","inLanguage":"es","@id":"https:\/\/refarmil.com\/es\/producto\/indoor-cat-chicken-rice\/#primaryimage","url":"https:\/\/refarmil.com\/es\/wp-content\/uploads\/2026\/03\/Indoor-Cat-Chicken-Rice.webp","contentUrl":"https:\/\/refarmil.com\/es\/wp-content\/uploads\/2026\/03\/Indoor-Cat-Chicken-Rice.webp","width":700,"height":700},{"@type":"BreadcrumbList","@id":"https:\/\/refarmil.com\/es\/producto\/indoor-cat-chicken-rice\/#breadcrumb","itemListElement":[{"@type":"ListItem","position":1,"name":"Portada","item":"https:\/\/refarmil.com\/es\/"},{"@type":"ListItem","position":2,"name":"Productos","item":"https:\/\/refarmil.com\/es\/productos\/"},{"@type":"ListItem","position":3,"name":"Indoor Cat Chicken &#038; Rice"}]},{"@type":"WebSite","@id":"https:\/\/refarmil.com\/es\/#website","url":"https:\/\/refarmil.com\/es\/","name":"","description":"","potentialAction":[{"@type":"SearchAction","target":{"@type":"EntryPoint","urlTemplate":"https:\/\/refarmil.com\/es\/?s={search_term_string}"},"query-input":{"@type":"PropertyValueSpecification","valueRequired":true,"valueName":"search_term_string"}}],"inLanguage":"es"}]}},"_links":{"self":[{"href":"https:\/\/refarmil.com\/es\/wp-json\/wp\/v2\/product\/1123","targetHints":{"allow":["GET"]}}],"collection":[{"href":"https:\/\/refarmil.com\/es\/wp-json\/wp\/v2\/product"}],"about":[{"href":"https:\/\/refarmil.com\/es\/wp-json\/wp\/v2\/types\/product"}],"wp:featuredmedia":[{"embeddable":true,"href":"https:\/\/refarmil.com\/es\/wp-json\/wp\/v2\/media\/1121"}],"wp:attachment":[{"href":"https:\/\/refarmil.com\/es\/wp-json\/wp\/v2\/media?parent=1123"}],"wp:term":[{"taxonomy":"product_brand","embeddable":true,"href":"https:\/\/refarmil.com\/es\/wp-json\/wp\/v2\/product_brand?post=1123"},{"taxonomy":"product_cat","embeddable":true,"href":"https:\/\/refarmil.com\/es\/wp-json\/wp\/v2\/product_cat?post=1123"},{"taxonomy":"product_tag","embeddable":true,"href":"https:\/\/refarmil.com\/es\/wp-json\/wp\/v2\/product_tag?post=1123"}],"curies":[{"name":"wp","href":"https:\/\/api.w.org\/{rel}","templated":true}]}}