{"id":1130,"date":"2026-03-11T13:18:40","date_gmt":"2026-03-11T13:18:40","guid":{"rendered":"https:\/\/refarmil.com\/es\/?post_type=product&#038;p=1130"},"modified":"2026-03-11T13:18:40","modified_gmt":"2026-03-11T13:18:40","slug":"cobertor-de-mascota-para-auto-51-x-91-cm","status":"publish","type":"product","link":"https:\/\/refarmil.com\/es\/producto\/cobertor-de-mascota-para-auto-51-x-91-cm\/","title":{"rendered":"Cobertor de Mascota para Auto 51 \u00d7 91 cm"},"content":{"rendered":"<p>Cobertor de mascota Premium Pet Products para auto dise\u00f1ado para proteger el asiento durante el transporte de mascotas. Tama\u00f1o aproximado de 51 \u00d7 91 cm.<\/p>\n","protected":false},"excerpt":{"rendered":"<p>Cobertor de mascota Premium Pet Products para auto dise\u00f1ado para proteger el asiento durante el transporte de mascotas. Tama\u00f1o aproximado de 51 \u00d7 91 cm.<\/p>\n","protected":false},"featured_media":1131,"template":"","meta":{"_joinchat":[]},"product_brand":[],"product_cat":[80,79],"product_tag":[],"class_list":{"0":"post-1130","1":"product","2":"type-product","3":"status-publish","4":"has-post-thumbnail","6":"product_cat-accesorios","7":"product_cat-premium-pet-products","9":"first","10":"instock","11":"taxable","12":"shipping-taxable","13":"product-type-simple"},"yoast_head":"<!-- This site is optimized with the Yoast SEO plugin v27.3 - https:\/\/yoast.com\/product\/yoast-seo-wordpress\/ -->\n<title>Cobertor de Mascota para Auto 51 \u00d7 91 cm | REFARMIL Panam\u00e1<\/title>\n<meta name=\"description\" content=\"Premium Pet Products cobertor de mascota para auto 51 \u00d7 91 cm que ayuda a proteger el asiento del veh\u00edculo durante el transporte de mascotas en Panam\u00e1. Refarmil\" \/>\n<meta name=\"robots\" content=\"index, follow, max-snippet:-1, max-image-preview:large, max-video-preview:-1\" \/>\n<link rel=\"canonical\" href=\"https:\/\/refarmil.com\/es\/producto\/cobertor-de-mascota-para-auto-51-x-91-cm\/\" \/>\n<meta property=\"og:locale\" content=\"es_ES\" \/>\n<meta property=\"og:type\" content=\"article\" \/>\n<meta property=\"og:title\" content=\"Cobertor de Mascota para Auto 51 \u00d7 91 cm | REFARMIL Panam\u00e1\" \/>\n<meta property=\"og:description\" content=\"Premium Pet Products cobertor de mascota para auto 51 \u00d7 91 cm que ayuda a proteger el asiento del veh\u00edculo durante el transporte de mascotas en Panam\u00e1. Refarmil\" \/>\n<meta property=\"og:url\" content=\"https:\/\/refarmil.com\/es\/producto\/cobertor-de-mascota-para-auto-51-x-91-cm\/\" \/>\n<meta property=\"og:image\" content=\"https:\/\/refarmil.com\/es\/wp-content\/uploads\/2026\/03\/cobertor-51.webp\" \/>\n\t<meta property=\"og:image:width\" content=\"700\" \/>\n\t<meta property=\"og:image:height\" content=\"700\" \/>\n\t<meta property=\"og:image:type\" content=\"image\/webp\" \/>\n<meta name=\"twitter:card\" content=\"summary_large_image\" \/>\n<meta name=\"twitter:label1\" content=\"Tiempo de lectura\" \/>\n\t<meta name=\"twitter:data1\" content=\"1 minuto\" \/>\n<script type=\"application\/ld+json\" class=\"yoast-schema-graph\">{\"@context\":\"https:\\\/\\\/schema.org\",\"@graph\":[{\"@type\":\"WebPage\",\"@id\":\"https:\\\/\\\/refarmil.com\\\/es\\\/producto\\\/cobertor-de-mascota-para-auto-51-x-91-cm\\\/\",\"url\":\"https:\\\/\\\/refarmil.com\\\/es\\\/producto\\\/cobertor-de-mascota-para-auto-51-x-91-cm\\\/\",\"name\":\"Cobertor de Mascota para Auto 51 \u00d7 91 cm | REFARMIL Panam\u00e1\",\"isPartOf\":{\"@id\":\"https:\\\/\\\/refarmil.com\\\/es\\\/#website\"},\"primaryImageOfPage\":{\"@id\":\"https:\\\/\\\/refarmil.com\\\/es\\\/producto\\\/cobertor-de-mascota-para-auto-51-x-91-cm\\\/#primaryimage\"},\"image\":{\"@id\":\"https:\\\/\\\/refarmil.com\\\/es\\\/producto\\\/cobertor-de-mascota-para-auto-51-x-91-cm\\\/#primaryimage\"},\"thumbnailUrl\":\"https:\\\/\\\/refarmil.com\\\/es\\\/wp-content\\\/uploads\\\/2026\\\/03\\\/cobertor-51.webp\",\"datePublished\":\"2026-03-11T13:18:40+00:00\",\"description\":\"Premium Pet Products cobertor de mascota para auto 51 \u00d7 91 cm que ayuda a proteger el asiento del veh\u00edculo durante el transporte de mascotas en Panam\u00e1. Refarmil\",\"breadcrumb\":{\"@id\":\"https:\\\/\\\/refarmil.com\\\/es\\\/producto\\\/cobertor-de-mascota-para-auto-51-x-91-cm\\\/#breadcrumb\"},\"inLanguage\":\"es\",\"potentialAction\":[{\"@type\":\"ReadAction\",\"target\":[\"https:\\\/\\\/refarmil.com\\\/es\\\/producto\\\/cobertor-de-mascota-para-auto-51-x-91-cm\\\/\"]}]},{\"@type\":\"ImageObject\",\"inLanguage\":\"es\",\"@id\":\"https:\\\/\\\/refarmil.com\\\/es\\\/producto\\\/cobertor-de-mascota-para-auto-51-x-91-cm\\\/#primaryimage\",\"url\":\"https:\\\/\\\/refarmil.com\\\/es\\\/wp-content\\\/uploads\\\/2026\\\/03\\\/cobertor-51.webp\",\"contentUrl\":\"https:\\\/\\\/refarmil.com\\\/es\\\/wp-content\\\/uploads\\\/2026\\\/03\\\/cobertor-51.webp\",\"width\":700,\"height\":700},{\"@type\":\"BreadcrumbList\",\"@id\":\"https:\\\/\\\/refarmil.com\\\/es\\\/producto\\\/cobertor-de-mascota-para-auto-51-x-91-cm\\\/#breadcrumb\",\"itemListElement\":[{\"@type\":\"ListItem\",\"position\":1,\"name\":\"Portada\",\"item\":\"https:\\\/\\\/refarmil.com\\\/es\\\/\"},{\"@type\":\"ListItem\",\"position\":2,\"name\":\"Productos\",\"item\":\"https:\\\/\\\/refarmil.com\\\/es\\\/productos\\\/\"},{\"@type\":\"ListItem\",\"position\":3,\"name\":\"Cobertor de Mascota para Auto 51 \u00d7 91 cm\"}]},{\"@type\":\"WebSite\",\"@id\":\"https:\\\/\\\/refarmil.com\\\/es\\\/#website\",\"url\":\"https:\\\/\\\/refarmil.com\\\/es\\\/\",\"name\":\"\",\"description\":\"\",\"potentialAction\":[{\"@type\":\"SearchAction\",\"target\":{\"@type\":\"EntryPoint\",\"urlTemplate\":\"https:\\\/\\\/refarmil.com\\\/es\\\/?s={search_term_string}\"},\"query-input\":{\"@type\":\"PropertyValueSpecification\",\"valueRequired\":true,\"valueName\":\"search_term_string\"}}],\"inLanguage\":\"es\"}]}<\/script>\n<!-- \/ Yoast SEO plugin. -->","yoast_head_json":{"title":"Cobertor de Mascota para Auto 51 \u00d7 91 cm | REFARMIL Panam\u00e1","description":"Premium Pet Products cobertor de mascota para auto 51 \u00d7 91 cm que ayuda a proteger el asiento del veh\u00edculo durante el transporte de mascotas en Panam\u00e1. Refarmil","robots":{"index":"index","follow":"follow","max-snippet":"max-snippet:-1","max-image-preview":"max-image-preview:large","max-video-preview":"max-video-preview:-1"},"canonical":"https:\/\/refarmil.com\/es\/producto\/cobertor-de-mascota-para-auto-51-x-91-cm\/","og_locale":"es_ES","og_type":"article","og_title":"Cobertor de Mascota para Auto 51 \u00d7 91 cm | REFARMIL Panam\u00e1","og_description":"Premium Pet Products cobertor de mascota para auto 51 \u00d7 91 cm que ayuda a proteger el asiento del veh\u00edculo durante el transporte de mascotas en Panam\u00e1. Refarmil","og_url":"https:\/\/refarmil.com\/es\/producto\/cobertor-de-mascota-para-auto-51-x-91-cm\/","og_image":[{"width":700,"height":700,"url":"https:\/\/refarmil.com\/es\/wp-content\/uploads\/2026\/03\/cobertor-51.webp","type":"image\/webp"}],"twitter_card":"summary_large_image","twitter_misc":{"Tiempo de lectura":"1 minuto"},"schema":{"@context":"https:\/\/schema.org","@graph":[{"@type":"WebPage","@id":"https:\/\/refarmil.com\/es\/producto\/cobertor-de-mascota-para-auto-51-x-91-cm\/","url":"https:\/\/refarmil.com\/es\/producto\/cobertor-de-mascota-para-auto-51-x-91-cm\/","name":"Cobertor de Mascota para Auto 51 \u00d7 91 cm | REFARMIL Panam\u00e1","isPartOf":{"@id":"https:\/\/refarmil.com\/es\/#website"},"primaryImageOfPage":{"@id":"https:\/\/refarmil.com\/es\/producto\/cobertor-de-mascota-para-auto-51-x-91-cm\/#primaryimage"},"image":{"@id":"https:\/\/refarmil.com\/es\/producto\/cobertor-de-mascota-para-auto-51-x-91-cm\/#primaryimage"},"thumbnailUrl":"https:\/\/refarmil.com\/es\/wp-content\/uploads\/2026\/03\/cobertor-51.webp","datePublished":"2026-03-11T13:18:40+00:00","description":"Premium Pet Products cobertor de mascota para auto 51 \u00d7 91 cm que ayuda a proteger el asiento del veh\u00edculo durante el transporte de mascotas en Panam\u00e1. Refarmil","breadcrumb":{"@id":"https:\/\/refarmil.com\/es\/producto\/cobertor-de-mascota-para-auto-51-x-91-cm\/#breadcrumb"},"inLanguage":"es","potentialAction":[{"@type":"ReadAction","target":["https:\/\/refarmil.com\/es\/producto\/cobertor-de-mascota-para-auto-51-x-91-cm\/"]}]},{"@type":"ImageObject","inLanguage":"es","@id":"https:\/\/refarmil.com\/es\/producto\/cobertor-de-mascota-para-auto-51-x-91-cm\/#primaryimage","url":"https:\/\/refarmil.com\/es\/wp-content\/uploads\/2026\/03\/cobertor-51.webp","contentUrl":"https:\/\/refarmil.com\/es\/wp-content\/uploads\/2026\/03\/cobertor-51.webp","width":700,"height":700},{"@type":"BreadcrumbList","@id":"https:\/\/refarmil.com\/es\/producto\/cobertor-de-mascota-para-auto-51-x-91-cm\/#breadcrumb","itemListElement":[{"@type":"ListItem","position":1,"name":"Portada","item":"https:\/\/refarmil.com\/es\/"},{"@type":"ListItem","position":2,"name":"Productos","item":"https:\/\/refarmil.com\/es\/productos\/"},{"@type":"ListItem","position":3,"name":"Cobertor de Mascota para Auto 51 \u00d7 91 cm"}]},{"@type":"WebSite","@id":"https:\/\/refarmil.com\/es\/#website","url":"https:\/\/refarmil.com\/es\/","name":"","description":"","potentialAction":[{"@type":"SearchAction","target":{"@type":"EntryPoint","urlTemplate":"https:\/\/refarmil.com\/es\/?s={search_term_string}"},"query-input":{"@type":"PropertyValueSpecification","valueRequired":true,"valueName":"search_term_string"}}],"inLanguage":"es"}]}},"_links":{"self":[{"href":"https:\/\/refarmil.com\/es\/wp-json\/wp\/v2\/product\/1130","targetHints":{"allow":["GET"]}}],"collection":[{"href":"https:\/\/refarmil.com\/es\/wp-json\/wp\/v2\/product"}],"about":[{"href":"https:\/\/refarmil.com\/es\/wp-json\/wp\/v2\/types\/product"}],"wp:featuredmedia":[{"embeddable":true,"href":"https:\/\/refarmil.com\/es\/wp-json\/wp\/v2\/media\/1131"}],"wp:attachment":[{"href":"https:\/\/refarmil.com\/es\/wp-json\/wp\/v2\/media?parent=1130"}],"wp:term":[{"taxonomy":"product_brand","embeddable":true,"href":"https:\/\/refarmil.com\/es\/wp-json\/wp\/v2\/product_brand?post=1130"},{"taxonomy":"product_cat","embeddable":true,"href":"https:\/\/refarmil.com\/es\/wp-json\/wp\/v2\/product_cat?post=1130"},{"taxonomy":"product_tag","embeddable":true,"href":"https:\/\/refarmil.com\/es\/wp-json\/wp\/v2\/product_tag?post=1130"}],"curies":[{"name":"wp","href":"https:\/\/api.w.org\/{rel}","templated":true}]}}