{"id":937,"date":"2026-02-24T19:19:48","date_gmt":"2026-02-24T19:19:48","guid":{"rendered":"https:\/\/refarmil.com\/es\/?post_type=product&#038;p=937"},"modified":"2026-02-24T19:30:27","modified_gmt":"2026-02-24T19:30:27","slug":"eukanuba-puppy-medium-breed","status":"publish","type":"product","link":"https:\/\/refarmil.com\/es\/producto\/eukanuba-puppy-medium-breed\/","title":{"rendered":"Eukanuba Puppy Medium Breed"},"content":{"rendered":"<p><span data-path-to-node=\"5,3,1,0,1\"><span class=\"citation-115\">Eukanuba Puppy Medium Breed es un alimento balanceado completo para cachorros entre 1 y 12 meses de edad, <\/span><span class=\"citation-115 citation-116 citation-end-116\">de razas medianas como Bulldog Franc\u00e9s, Beagle, Bret\u00f3n, Cocker, Boxer, Schnauzer Standard y otras razas o perros mestizos que en su etapa adulta pesan entre 10 y 25 kg<\/span><\/span><span data-path-to-node=\"5,3,1,0,3\"><span class=\"citation-114 citation-end-114\">.<\/span><\/span><\/p>\n","protected":false},"excerpt":{"rendered":"<p><span data-path-to-node=\"5,3,1,0,1\"><span class=\"citation-115\">Eukanuba Puppy Medium Breed es un alimento balanceado completo para cachorros entre 1 y 12 meses de edad, <\/span><span class=\"citation-115 citation-116 citation-end-116\">de razas medianas como Bulldog Franc\u00e9s, Beagle, Bret\u00f3n, Cocker, Boxer, Schnauzer Standard y otras razas o perros mestizos que en su etapa adulta pesan entre 10 y 25 kg<\/span><\/span><span data-path-to-node=\"5,3,1,0,3\"><span class=\"citation-114 citation-end-114\">.<\/span><\/span><\/p>\n<div class=\"source-inline-chip-container ng-star-inserted\"><\/div>\n","protected":false},"featured_media":938,"template":"","meta":{"_joinchat":[]},"product_brand":[],"product_cat":[30,29],"product_tag":[31,33,39],"class_list":{"0":"post-937","1":"product","2":"type-product","3":"status-publish","4":"has-post-thumbnail","6":"product_cat-cachorro","7":"product_cat-eukanuba","8":"product_tag-alimento-seco","9":"product_tag-crecimiento","10":"product_tag-raza-mediana","12":"first","13":"instock","14":"taxable","15":"shipping-taxable","16":"product-type-simple"},"yoast_head":"<!-- This site is optimized with the Yoast SEO plugin v27.3 - https:\/\/yoast.com\/product\/yoast-seo-wordpress\/ -->\n<title>Eukanuba Puppy Medium Breed Panam\u00e1<\/title>\n<meta name=\"description\" content=\"Alimento balanceado completo para cachorros (1-12 meses) de razas medianas como Bulldog Franc\u00e9s, Beagle y Cocker en Panam\u00e1. \u00a1Nutrici\u00f3n \u00f3ptima en Refarmil!\" \/>\n<meta name=\"robots\" content=\"index, follow, max-snippet:-1, max-image-preview:large, max-video-preview:-1\" \/>\n<link rel=\"canonical\" href=\"https:\/\/refarmil.com\/es\/producto\/eukanuba-puppy-medium-breed\/\" \/>\n<meta property=\"og:locale\" content=\"es_ES\" \/>\n<meta property=\"og:type\" content=\"article\" \/>\n<meta property=\"og:title\" content=\"Eukanuba Puppy Medium Breed Panam\u00e1\" \/>\n<meta property=\"og:description\" content=\"Alimento balanceado completo para cachorros (1-12 meses) de razas medianas como Bulldog Franc\u00e9s, Beagle y Cocker en Panam\u00e1. \u00a1Nutrici\u00f3n \u00f3ptima en Refarmil!\" \/>\n<meta property=\"og:url\" content=\"https:\/\/refarmil.com\/es\/producto\/eukanuba-puppy-medium-breed\/\" \/>\n<meta property=\"article:modified_time\" content=\"2026-02-24T19:30:27+00:00\" \/>\n<meta property=\"og:image\" content=\"https:\/\/refarmil.com\/es\/wp-content\/uploads\/2026\/02\/eukanuba-Puppy-mediano-1-3-15-kg1.webp\" \/>\n\t<meta property=\"og:image:width\" content=\"700\" \/>\n\t<meta property=\"og:image:height\" content=\"700\" \/>\n\t<meta property=\"og:image:type\" content=\"image\/webp\" \/>\n<meta name=\"twitter:card\" content=\"summary_large_image\" \/>\n<meta name=\"twitter:label1\" content=\"Tiempo de lectura\" \/>\n\t<meta name=\"twitter:data1\" content=\"1 minuto\" \/>\n<script type=\"application\/ld+json\" class=\"yoast-schema-graph\">{\"@context\":\"https:\\\/\\\/schema.org\",\"@graph\":[{\"@type\":\"WebPage\",\"@id\":\"https:\\\/\\\/refarmil.com\\\/es\\\/producto\\\/eukanuba-puppy-medium-breed\\\/\",\"url\":\"https:\\\/\\\/refarmil.com\\\/es\\\/producto\\\/eukanuba-puppy-medium-breed\\\/\",\"name\":\"Eukanuba Puppy Medium Breed Panam\u00e1\",\"isPartOf\":{\"@id\":\"https:\\\/\\\/refarmil.com\\\/es\\\/#website\"},\"primaryImageOfPage\":{\"@id\":\"https:\\\/\\\/refarmil.com\\\/es\\\/producto\\\/eukanuba-puppy-medium-breed\\\/#primaryimage\"},\"image\":{\"@id\":\"https:\\\/\\\/refarmil.com\\\/es\\\/producto\\\/eukanuba-puppy-medium-breed\\\/#primaryimage\"},\"thumbnailUrl\":\"https:\\\/\\\/refarmil.com\\\/es\\\/wp-content\\\/uploads\\\/2026\\\/02\\\/eukanuba-Puppy-mediano-1-3-15-kg1.webp\",\"datePublished\":\"2026-02-24T19:19:48+00:00\",\"dateModified\":\"2026-02-24T19:30:27+00:00\",\"description\":\"Alimento balanceado completo para cachorros (1-12 meses) de razas medianas como Bulldog Franc\u00e9s, Beagle y Cocker en Panam\u00e1. \u00a1Nutrici\u00f3n \u00f3ptima en Refarmil!\",\"breadcrumb\":{\"@id\":\"https:\\\/\\\/refarmil.com\\\/es\\\/producto\\\/eukanuba-puppy-medium-breed\\\/#breadcrumb\"},\"inLanguage\":\"es\",\"potentialAction\":[{\"@type\":\"ReadAction\",\"target\":[\"https:\\\/\\\/refarmil.com\\\/es\\\/producto\\\/eukanuba-puppy-medium-breed\\\/\"]}]},{\"@type\":\"ImageObject\",\"inLanguage\":\"es\",\"@id\":\"https:\\\/\\\/refarmil.com\\\/es\\\/producto\\\/eukanuba-puppy-medium-breed\\\/#primaryimage\",\"url\":\"https:\\\/\\\/refarmil.com\\\/es\\\/wp-content\\\/uploads\\\/2026\\\/02\\\/eukanuba-Puppy-mediano-1-3-15-kg1.webp\",\"contentUrl\":\"https:\\\/\\\/refarmil.com\\\/es\\\/wp-content\\\/uploads\\\/2026\\\/02\\\/eukanuba-Puppy-mediano-1-3-15-kg1.webp\",\"width\":700,\"height\":700},{\"@type\":\"BreadcrumbList\",\"@id\":\"https:\\\/\\\/refarmil.com\\\/es\\\/producto\\\/eukanuba-puppy-medium-breed\\\/#breadcrumb\",\"itemListElement\":[{\"@type\":\"ListItem\",\"position\":1,\"name\":\"Portada\",\"item\":\"https:\\\/\\\/refarmil.com\\\/es\\\/\"},{\"@type\":\"ListItem\",\"position\":2,\"name\":\"Productos\",\"item\":\"https:\\\/\\\/refarmil.com\\\/es\\\/productos\\\/\"},{\"@type\":\"ListItem\",\"position\":3,\"name\":\"Eukanuba Puppy Medium Breed\"}]},{\"@type\":\"WebSite\",\"@id\":\"https:\\\/\\\/refarmil.com\\\/es\\\/#website\",\"url\":\"https:\\\/\\\/refarmil.com\\\/es\\\/\",\"name\":\"\",\"description\":\"\",\"potentialAction\":[{\"@type\":\"SearchAction\",\"target\":{\"@type\":\"EntryPoint\",\"urlTemplate\":\"https:\\\/\\\/refarmil.com\\\/es\\\/?s={search_term_string}\"},\"query-input\":{\"@type\":\"PropertyValueSpecification\",\"valueRequired\":true,\"valueName\":\"search_term_string\"}}],\"inLanguage\":\"es\"}]}<\/script>\n<!-- \/ Yoast SEO plugin. -->","yoast_head_json":{"title":"Eukanuba Puppy Medium Breed Panam\u00e1","description":"Alimento balanceado completo para cachorros (1-12 meses) de razas medianas como Bulldog Franc\u00e9s, Beagle y Cocker en Panam\u00e1. \u00a1Nutrici\u00f3n \u00f3ptima en Refarmil!","robots":{"index":"index","follow":"follow","max-snippet":"max-snippet:-1","max-image-preview":"max-image-preview:large","max-video-preview":"max-video-preview:-1"},"canonical":"https:\/\/refarmil.com\/es\/producto\/eukanuba-puppy-medium-breed\/","og_locale":"es_ES","og_type":"article","og_title":"Eukanuba Puppy Medium Breed Panam\u00e1","og_description":"Alimento balanceado completo para cachorros (1-12 meses) de razas medianas como Bulldog Franc\u00e9s, Beagle y Cocker en Panam\u00e1. \u00a1Nutrici\u00f3n \u00f3ptima en Refarmil!","og_url":"https:\/\/refarmil.com\/es\/producto\/eukanuba-puppy-medium-breed\/","article_modified_time":"2026-02-24T19:30:27+00:00","og_image":[{"width":700,"height":700,"url":"https:\/\/refarmil.com\/es\/wp-content\/uploads\/2026\/02\/eukanuba-Puppy-mediano-1-3-15-kg1.webp","type":"image\/webp"}],"twitter_card":"summary_large_image","twitter_misc":{"Tiempo de lectura":"1 minuto"},"schema":{"@context":"https:\/\/schema.org","@graph":[{"@type":"WebPage","@id":"https:\/\/refarmil.com\/es\/producto\/eukanuba-puppy-medium-breed\/","url":"https:\/\/refarmil.com\/es\/producto\/eukanuba-puppy-medium-breed\/","name":"Eukanuba Puppy Medium Breed Panam\u00e1","isPartOf":{"@id":"https:\/\/refarmil.com\/es\/#website"},"primaryImageOfPage":{"@id":"https:\/\/refarmil.com\/es\/producto\/eukanuba-puppy-medium-breed\/#primaryimage"},"image":{"@id":"https:\/\/refarmil.com\/es\/producto\/eukanuba-puppy-medium-breed\/#primaryimage"},"thumbnailUrl":"https:\/\/refarmil.com\/es\/wp-content\/uploads\/2026\/02\/eukanuba-Puppy-mediano-1-3-15-kg1.webp","datePublished":"2026-02-24T19:19:48+00:00","dateModified":"2026-02-24T19:30:27+00:00","description":"Alimento balanceado completo para cachorros (1-12 meses) de razas medianas como Bulldog Franc\u00e9s, Beagle y Cocker en Panam\u00e1. \u00a1Nutrici\u00f3n \u00f3ptima en Refarmil!","breadcrumb":{"@id":"https:\/\/refarmil.com\/es\/producto\/eukanuba-puppy-medium-breed\/#breadcrumb"},"inLanguage":"es","potentialAction":[{"@type":"ReadAction","target":["https:\/\/refarmil.com\/es\/producto\/eukanuba-puppy-medium-breed\/"]}]},{"@type":"ImageObject","inLanguage":"es","@id":"https:\/\/refarmil.com\/es\/producto\/eukanuba-puppy-medium-breed\/#primaryimage","url":"https:\/\/refarmil.com\/es\/wp-content\/uploads\/2026\/02\/eukanuba-Puppy-mediano-1-3-15-kg1.webp","contentUrl":"https:\/\/refarmil.com\/es\/wp-content\/uploads\/2026\/02\/eukanuba-Puppy-mediano-1-3-15-kg1.webp","width":700,"height":700},{"@type":"BreadcrumbList","@id":"https:\/\/refarmil.com\/es\/producto\/eukanuba-puppy-medium-breed\/#breadcrumb","itemListElement":[{"@type":"ListItem","position":1,"name":"Portada","item":"https:\/\/refarmil.com\/es\/"},{"@type":"ListItem","position":2,"name":"Productos","item":"https:\/\/refarmil.com\/es\/productos\/"},{"@type":"ListItem","position":3,"name":"Eukanuba Puppy Medium Breed"}]},{"@type":"WebSite","@id":"https:\/\/refarmil.com\/es\/#website","url":"https:\/\/refarmil.com\/es\/","name":"","description":"","potentialAction":[{"@type":"SearchAction","target":{"@type":"EntryPoint","urlTemplate":"https:\/\/refarmil.com\/es\/?s={search_term_string}"},"query-input":{"@type":"PropertyValueSpecification","valueRequired":true,"valueName":"search_term_string"}}],"inLanguage":"es"}]}},"_links":{"self":[{"href":"https:\/\/refarmil.com\/es\/wp-json\/wp\/v2\/product\/937","targetHints":{"allow":["GET"]}}],"collection":[{"href":"https:\/\/refarmil.com\/es\/wp-json\/wp\/v2\/product"}],"about":[{"href":"https:\/\/refarmil.com\/es\/wp-json\/wp\/v2\/types\/product"}],"wp:featuredmedia":[{"embeddable":true,"href":"https:\/\/refarmil.com\/es\/wp-json\/wp\/v2\/media\/938"}],"wp:attachment":[{"href":"https:\/\/refarmil.com\/es\/wp-json\/wp\/v2\/media?parent=937"}],"wp:term":[{"taxonomy":"product_brand","embeddable":true,"href":"https:\/\/refarmil.com\/es\/wp-json\/wp\/v2\/product_brand?post=937"},{"taxonomy":"product_cat","embeddable":true,"href":"https:\/\/refarmil.com\/es\/wp-json\/wp\/v2\/product_cat?post=937"},{"taxonomy":"product_tag","embeddable":true,"href":"https:\/\/refarmil.com\/es\/wp-json\/wp\/v2\/product_tag?post=937"}],"curies":[{"name":"wp","href":"https:\/\/api.w.org\/{rel}","templated":true}]}}