{"id":962,"date":"2026-02-25T14:29:54","date_gmt":"2026-02-25T14:29:54","guid":{"rendered":"https:\/\/refarmil.com\/es\/?post_type=product&#038;p=962"},"modified":"2026-02-25T15:49:34","modified_gmt":"2026-02-25T15:49:34","slug":"eukanuba-adult-medium-breed-lamb-rice","status":"publish","type":"product","link":"https:\/\/refarmil.com\/es\/producto\/eukanuba-adult-medium-breed-lamb-rice\/","title":{"rendered":"Eukanuba Adult Medium Breed Lamb &#038; Rice"},"content":{"rendered":"<p>Eukanuba Adult Large Breed (1 kg, 3 kg, 15 kg, 18 kg), es un alimento balanceado completo para perros adultos de m\u00e1<span class=\"citation-124\">s de 12 meses de edad en el caso de razas grandes o 24 meses para razas gigantes. Recomendado para perros adultos de: Labrador Retriever<\/span><span class=\"citation-122 citation-123 citation-124 citation-end-124\">, Ovejero Alem\u00e1n, Golden Retriever, Boyero de Berna, Cane Corso, Dogo de Burdeos, Bullmastiff y otras razas o perr<\/span><span class=\"citation-122 citation-123 citation-end-123\">os mestizos que en su etapa adulta pesan m\u00e1s de 25 kg (razas grandes) o m\u00e1s de 50 kg (razas gigantes).<\/span><\/p>\n","protected":false},"excerpt":{"rendered":"<p>Eukanuba Adult Large Breed (1 kg, 3 kg, 15 kg, 18 kg), es un alimento balanceado completo para perros adultos de m\u00e1<span class=\"citation-124\">s de 12 meses de edad en el caso de razas grandes o 24 meses para razas gigantes. Recomendado para perros adultos de: Labrador Retriever<\/span><span class=\"citation-122 citation-123 citation-124 citation-end-124\">, Ovejero Alem\u00e1n, Golden Retriever, Boyero de Berna, Cane Corso, Dogo de Burdeos, Bullmastiff y otras razas o perr<\/span><span class=\"citation-122 citation-123 citation-end-123\">os mestizos que en su etapa adulta pesan m\u00e1s de 25 kg (razas grandes) o m\u00e1s de 50 kg (razas gigantes).<\/span><\/p>\n<div class=\"source-inline-chip-container ng-star-inserted\"><\/div>\n","protected":false},"featured_media":963,"template":"","meta":{"_joinchat":[]},"product_brand":[],"product_cat":[35,29],"product_tag":[31,48],"class_list":{"0":"post-962","1":"product","2":"type-product","3":"status-publish","4":"has-post-thumbnail","6":"product_cat-adulto","7":"product_cat-eukanuba","8":"product_tag-alimento-seco","9":"product_tag-raza-grande","11":"first","12":"instock","13":"taxable","14":"shipping-taxable","15":"product-type-simple"},"yoast_head":"<!-- This site is optimized with the Yoast SEO plugin v27.3 - https:\/\/yoast.com\/product\/yoast-seo-wordpress\/ -->\n<title>Eukanuba Adult Large Breed Panam\u00e1 | Refarmil<\/title>\n<meta name=\"description\" content=\"Alimento Eukanuba Adult Large Breed para perros adultos de raza grande en Panam\u00e1. Nutrici\u00f3n premium para perros de m\u00e1s de 25 kg.\" \/>\n<meta name=\"robots\" content=\"index, follow, max-snippet:-1, max-image-preview:large, max-video-preview:-1\" \/>\n<link rel=\"canonical\" href=\"https:\/\/refarmil.com\/es\/producto\/eukanuba-adult-medium-breed-lamb-rice\/\" \/>\n<meta property=\"og:locale\" content=\"es_ES\" \/>\n<meta property=\"og:type\" content=\"article\" \/>\n<meta property=\"og:title\" content=\"Eukanuba Adult Large Breed Panam\u00e1 | Refarmil\" \/>\n<meta property=\"og:description\" content=\"Alimento Eukanuba Adult Large Breed para perros adultos de raza grande en Panam\u00e1. Nutrici\u00f3n premium para perros de m\u00e1s de 25 kg.\" \/>\n<meta property=\"og:url\" content=\"https:\/\/refarmil.com\/es\/producto\/eukanuba-adult-medium-breed-lamb-rice\/\" \/>\n<meta property=\"article:modified_time\" content=\"2026-02-25T15:49:34+00:00\" \/>\n<meta property=\"og:image\" content=\"https:\/\/refarmil.com\/es\/wp-content\/uploads\/2026\/02\/eukanuba-Adulto-grande-1-3-15-18-kg.webp\" \/>\n\t<meta property=\"og:image:width\" content=\"700\" \/>\n\t<meta property=\"og:image:height\" content=\"700\" \/>\n\t<meta property=\"og:image:type\" content=\"image\/webp\" \/>\n<meta name=\"twitter:card\" content=\"summary_large_image\" \/>\n<meta name=\"twitter:label1\" content=\"Tiempo de lectura\" \/>\n\t<meta name=\"twitter:data1\" content=\"1 minuto\" \/>\n<script type=\"application\/ld+json\" class=\"yoast-schema-graph\">{\"@context\":\"https:\\\/\\\/schema.org\",\"@graph\":[{\"@type\":\"WebPage\",\"@id\":\"https:\\\/\\\/refarmil.com\\\/es\\\/producto\\\/eukanuba-adult-medium-breed-lamb-rice\\\/\",\"url\":\"https:\\\/\\\/refarmil.com\\\/es\\\/producto\\\/eukanuba-adult-medium-breed-lamb-rice\\\/\",\"name\":\"Eukanuba Adult Large Breed Panam\u00e1 | Refarmil\",\"isPartOf\":{\"@id\":\"https:\\\/\\\/refarmil.com\\\/es\\\/#website\"},\"primaryImageOfPage\":{\"@id\":\"https:\\\/\\\/refarmil.com\\\/es\\\/producto\\\/eukanuba-adult-medium-breed-lamb-rice\\\/#primaryimage\"},\"image\":{\"@id\":\"https:\\\/\\\/refarmil.com\\\/es\\\/producto\\\/eukanuba-adult-medium-breed-lamb-rice\\\/#primaryimage\"},\"thumbnailUrl\":\"https:\\\/\\\/refarmil.com\\\/es\\\/wp-content\\\/uploads\\\/2026\\\/02\\\/eukanuba-Adulto-grande-1-3-15-18-kg.webp\",\"datePublished\":\"2026-02-25T14:29:54+00:00\",\"dateModified\":\"2026-02-25T15:49:34+00:00\",\"description\":\"Alimento Eukanuba Adult Large Breed para perros adultos de raza grande en Panam\u00e1. Nutrici\u00f3n premium para perros de m\u00e1s de 25 kg.\",\"breadcrumb\":{\"@id\":\"https:\\\/\\\/refarmil.com\\\/es\\\/producto\\\/eukanuba-adult-medium-breed-lamb-rice\\\/#breadcrumb\"},\"inLanguage\":\"es\",\"potentialAction\":[{\"@type\":\"ReadAction\",\"target\":[\"https:\\\/\\\/refarmil.com\\\/es\\\/producto\\\/eukanuba-adult-medium-breed-lamb-rice\\\/\"]}]},{\"@type\":\"ImageObject\",\"inLanguage\":\"es\",\"@id\":\"https:\\\/\\\/refarmil.com\\\/es\\\/producto\\\/eukanuba-adult-medium-breed-lamb-rice\\\/#primaryimage\",\"url\":\"https:\\\/\\\/refarmil.com\\\/es\\\/wp-content\\\/uploads\\\/2026\\\/02\\\/eukanuba-Adulto-grande-1-3-15-18-kg.webp\",\"contentUrl\":\"https:\\\/\\\/refarmil.com\\\/es\\\/wp-content\\\/uploads\\\/2026\\\/02\\\/eukanuba-Adulto-grande-1-3-15-18-kg.webp\",\"width\":700,\"height\":700},{\"@type\":\"BreadcrumbList\",\"@id\":\"https:\\\/\\\/refarmil.com\\\/es\\\/producto\\\/eukanuba-adult-medium-breed-lamb-rice\\\/#breadcrumb\",\"itemListElement\":[{\"@type\":\"ListItem\",\"position\":1,\"name\":\"Portada\",\"item\":\"https:\\\/\\\/refarmil.com\\\/es\\\/\"},{\"@type\":\"ListItem\",\"position\":2,\"name\":\"Productos\",\"item\":\"https:\\\/\\\/refarmil.com\\\/es\\\/productos\\\/\"},{\"@type\":\"ListItem\",\"position\":3,\"name\":\"Eukanuba Adult Medium Breed Lamb &#038; Rice\"}]},{\"@type\":\"WebSite\",\"@id\":\"https:\\\/\\\/refarmil.com\\\/es\\\/#website\",\"url\":\"https:\\\/\\\/refarmil.com\\\/es\\\/\",\"name\":\"\",\"description\":\"\",\"potentialAction\":[{\"@type\":\"SearchAction\",\"target\":{\"@type\":\"EntryPoint\",\"urlTemplate\":\"https:\\\/\\\/refarmil.com\\\/es\\\/?s={search_term_string}\"},\"query-input\":{\"@type\":\"PropertyValueSpecification\",\"valueRequired\":true,\"valueName\":\"search_term_string\"}}],\"inLanguage\":\"es\"}]}<\/script>\n<!-- \/ Yoast SEO plugin. -->","yoast_head_json":{"title":"Eukanuba Adult Large Breed Panam\u00e1 | Refarmil","description":"Alimento Eukanuba Adult Large Breed para perros adultos de raza grande en Panam\u00e1. Nutrici\u00f3n premium para perros de m\u00e1s de 25 kg.","robots":{"index":"index","follow":"follow","max-snippet":"max-snippet:-1","max-image-preview":"max-image-preview:large","max-video-preview":"max-video-preview:-1"},"canonical":"https:\/\/refarmil.com\/es\/producto\/eukanuba-adult-medium-breed-lamb-rice\/","og_locale":"es_ES","og_type":"article","og_title":"Eukanuba Adult Large Breed Panam\u00e1 | Refarmil","og_description":"Alimento Eukanuba Adult Large Breed para perros adultos de raza grande en Panam\u00e1. Nutrici\u00f3n premium para perros de m\u00e1s de 25 kg.","og_url":"https:\/\/refarmil.com\/es\/producto\/eukanuba-adult-medium-breed-lamb-rice\/","article_modified_time":"2026-02-25T15:49:34+00:00","og_image":[{"width":700,"height":700,"url":"https:\/\/refarmil.com\/es\/wp-content\/uploads\/2026\/02\/eukanuba-Adulto-grande-1-3-15-18-kg.webp","type":"image\/webp"}],"twitter_card":"summary_large_image","twitter_misc":{"Tiempo de lectura":"1 minuto"},"schema":{"@context":"https:\/\/schema.org","@graph":[{"@type":"WebPage","@id":"https:\/\/refarmil.com\/es\/producto\/eukanuba-adult-medium-breed-lamb-rice\/","url":"https:\/\/refarmil.com\/es\/producto\/eukanuba-adult-medium-breed-lamb-rice\/","name":"Eukanuba Adult Large Breed Panam\u00e1 | Refarmil","isPartOf":{"@id":"https:\/\/refarmil.com\/es\/#website"},"primaryImageOfPage":{"@id":"https:\/\/refarmil.com\/es\/producto\/eukanuba-adult-medium-breed-lamb-rice\/#primaryimage"},"image":{"@id":"https:\/\/refarmil.com\/es\/producto\/eukanuba-adult-medium-breed-lamb-rice\/#primaryimage"},"thumbnailUrl":"https:\/\/refarmil.com\/es\/wp-content\/uploads\/2026\/02\/eukanuba-Adulto-grande-1-3-15-18-kg.webp","datePublished":"2026-02-25T14:29:54+00:00","dateModified":"2026-02-25T15:49:34+00:00","description":"Alimento Eukanuba Adult Large Breed para perros adultos de raza grande en Panam\u00e1. Nutrici\u00f3n premium para perros de m\u00e1s de 25 kg.","breadcrumb":{"@id":"https:\/\/refarmil.com\/es\/producto\/eukanuba-adult-medium-breed-lamb-rice\/#breadcrumb"},"inLanguage":"es","potentialAction":[{"@type":"ReadAction","target":["https:\/\/refarmil.com\/es\/producto\/eukanuba-adult-medium-breed-lamb-rice\/"]}]},{"@type":"ImageObject","inLanguage":"es","@id":"https:\/\/refarmil.com\/es\/producto\/eukanuba-adult-medium-breed-lamb-rice\/#primaryimage","url":"https:\/\/refarmil.com\/es\/wp-content\/uploads\/2026\/02\/eukanuba-Adulto-grande-1-3-15-18-kg.webp","contentUrl":"https:\/\/refarmil.com\/es\/wp-content\/uploads\/2026\/02\/eukanuba-Adulto-grande-1-3-15-18-kg.webp","width":700,"height":700},{"@type":"BreadcrumbList","@id":"https:\/\/refarmil.com\/es\/producto\/eukanuba-adult-medium-breed-lamb-rice\/#breadcrumb","itemListElement":[{"@type":"ListItem","position":1,"name":"Portada","item":"https:\/\/refarmil.com\/es\/"},{"@type":"ListItem","position":2,"name":"Productos","item":"https:\/\/refarmil.com\/es\/productos\/"},{"@type":"ListItem","position":3,"name":"Eukanuba Adult Medium Breed Lamb &#038; Rice"}]},{"@type":"WebSite","@id":"https:\/\/refarmil.com\/es\/#website","url":"https:\/\/refarmil.com\/es\/","name":"","description":"","potentialAction":[{"@type":"SearchAction","target":{"@type":"EntryPoint","urlTemplate":"https:\/\/refarmil.com\/es\/?s={search_term_string}"},"query-input":{"@type":"PropertyValueSpecification","valueRequired":true,"valueName":"search_term_string"}}],"inLanguage":"es"}]}},"_links":{"self":[{"href":"https:\/\/refarmil.com\/es\/wp-json\/wp\/v2\/product\/962","targetHints":{"allow":["GET"]}}],"collection":[{"href":"https:\/\/refarmil.com\/es\/wp-json\/wp\/v2\/product"}],"about":[{"href":"https:\/\/refarmil.com\/es\/wp-json\/wp\/v2\/types\/product"}],"wp:featuredmedia":[{"embeddable":true,"href":"https:\/\/refarmil.com\/es\/wp-json\/wp\/v2\/media\/963"}],"wp:attachment":[{"href":"https:\/\/refarmil.com\/es\/wp-json\/wp\/v2\/media?parent=962"}],"wp:term":[{"taxonomy":"product_brand","embeddable":true,"href":"https:\/\/refarmil.com\/es\/wp-json\/wp\/v2\/product_brand?post=962"},{"taxonomy":"product_cat","embeddable":true,"href":"https:\/\/refarmil.com\/es\/wp-json\/wp\/v2\/product_cat?post=962"},{"taxonomy":"product_tag","embeddable":true,"href":"https:\/\/refarmil.com\/es\/wp-json\/wp\/v2\/product_tag?post=962"}],"curies":[{"name":"wp","href":"https:\/\/api.w.org\/{rel}","templated":true}]}}