{"id":967,"date":"2026-02-25T14:54:50","date_gmt":"2026-02-25T14:54:50","guid":{"rendered":"https:\/\/refarmil.com\/es\/?post_type=product&#038;p=967"},"modified":"2026-02-25T14:54:51","modified_gmt":"2026-02-25T14:54:51","slug":"eukanuba-adult-large-breed-lamb-rice","status":"publish","type":"product","link":"https:\/\/refarmil.com\/es\/producto\/eukanuba-adult-large-breed-lamb-rice\/","title":{"rendered":"Eukanuba Adult Large Breed Lamb &#038; Rice"},"content":{"rendered":"<p>Eukanuba Adult Large Breed Lamb &amp; Rice, es un alimento seco para perros adultos de razas grandes, formulado con cordero y arroz para una digesti\u00f3n sensible, que apoya la salud de articulaciones (glucosamina, condroitina) y el mantenimiento de m\u00fasculos magros mediante prote\u00ednas animales.<\/p>\n","protected":false},"excerpt":{"rendered":"<p>Eukanuba Adult Large Breed Lamb &amp; Rice, es un alimento seco para perros adultos de razas grandes, formulado con cordero y arroz para una digesti\u00f3n sensible, que apoya la salud de articulaciones (glucosamina, condroitina) y el mantenimiento de m\u00fasculos magros mediante prote\u00ednas animales.<\/p>\n","protected":false},"featured_media":968,"template":"","meta":{"_joinchat":[]},"product_brand":[],"product_cat":[35,29],"product_tag":[31,49,50,48,40],"class_list":{"0":"post-967","1":"product","2":"type-product","3":"status-publish","4":"has-post-thumbnail","6":"product_cat-adulto","7":"product_cat-eukanuba","8":"product_tag-alimento-seco","9":"product_tag-cordero-y-arroz","10":"product_tag-digestion-sensible","11":"product_tag-raza-grande","12":"product_tag-salud-articular","14":"first","15":"instock","16":"taxable","17":"shipping-taxable","18":"product-type-simple"},"yoast_head":"<!-- This site is optimized with the Yoast SEO plugin v27.3 - https:\/\/yoast.com\/product\/yoast-seo-wordpress\/ -->\n<title>Eukanuba Adult Large Breed Lamb &amp; Rice | Refarmil<\/title>\n<meta name=\"description\" content=\"Alimento de cordero y arroz para perros adultos de raza grande en Panam\u00e1. Apoya la salud de articulaciones y m\u00fasculos magros.\" \/>\n<meta name=\"robots\" content=\"index, follow, max-snippet:-1, max-image-preview:large, max-video-preview:-1\" \/>\n<link rel=\"canonical\" href=\"https:\/\/refarmil.com\/es\/producto\/eukanuba-adult-large-breed-lamb-rice\/\" \/>\n<meta property=\"og:locale\" content=\"es_ES\" \/>\n<meta property=\"og:type\" content=\"article\" \/>\n<meta property=\"og:title\" content=\"Eukanuba Adult Large Breed Lamb &amp; Rice | Refarmil\" \/>\n<meta property=\"og:description\" content=\"Alimento de cordero y arroz para perros adultos de raza grande en Panam\u00e1. Apoya la salud de articulaciones y m\u00fasculos magros.\" \/>\n<meta property=\"og:url\" content=\"https:\/\/refarmil.com\/es\/producto\/eukanuba-adult-large-breed-lamb-rice\/\" \/>\n<meta property=\"article:modified_time\" content=\"2026-02-25T14:54:51+00:00\" \/>\n<meta property=\"og:image\" content=\"https:\/\/refarmil.com\/es\/wp-content\/uploads\/2026\/02\/Adult-Lamb-rice-large.webp\" \/>\n\t<meta property=\"og:image:width\" content=\"700\" \/>\n\t<meta property=\"og:image:height\" content=\"700\" \/>\n\t<meta property=\"og:image:type\" content=\"image\/webp\" \/>\n<meta name=\"twitter:card\" content=\"summary_large_image\" \/>\n<meta name=\"twitter:label1\" content=\"Tiempo de lectura\" \/>\n\t<meta name=\"twitter:data1\" content=\"1 minuto\" \/>\n<script type=\"application\/ld+json\" class=\"yoast-schema-graph\">{\"@context\":\"https:\\\/\\\/schema.org\",\"@graph\":[{\"@type\":\"WebPage\",\"@id\":\"https:\\\/\\\/refarmil.com\\\/es\\\/producto\\\/eukanuba-adult-large-breed-lamb-rice\\\/\",\"url\":\"https:\\\/\\\/refarmil.com\\\/es\\\/producto\\\/eukanuba-adult-large-breed-lamb-rice\\\/\",\"name\":\"Eukanuba Adult Large Breed Lamb & Rice | Refarmil\",\"isPartOf\":{\"@id\":\"https:\\\/\\\/refarmil.com\\\/es\\\/#website\"},\"primaryImageOfPage\":{\"@id\":\"https:\\\/\\\/refarmil.com\\\/es\\\/producto\\\/eukanuba-adult-large-breed-lamb-rice\\\/#primaryimage\"},\"image\":{\"@id\":\"https:\\\/\\\/refarmil.com\\\/es\\\/producto\\\/eukanuba-adult-large-breed-lamb-rice\\\/#primaryimage\"},\"thumbnailUrl\":\"https:\\\/\\\/refarmil.com\\\/es\\\/wp-content\\\/uploads\\\/2026\\\/02\\\/Adult-Lamb-rice-large.webp\",\"datePublished\":\"2026-02-25T14:54:50+00:00\",\"dateModified\":\"2026-02-25T14:54:51+00:00\",\"description\":\"Alimento de cordero y arroz para perros adultos de raza grande en Panam\u00e1. Apoya la salud de articulaciones y m\u00fasculos magros.\",\"breadcrumb\":{\"@id\":\"https:\\\/\\\/refarmil.com\\\/es\\\/producto\\\/eukanuba-adult-large-breed-lamb-rice\\\/#breadcrumb\"},\"inLanguage\":\"es\",\"potentialAction\":[{\"@type\":\"ReadAction\",\"target\":[\"https:\\\/\\\/refarmil.com\\\/es\\\/producto\\\/eukanuba-adult-large-breed-lamb-rice\\\/\"]}]},{\"@type\":\"ImageObject\",\"inLanguage\":\"es\",\"@id\":\"https:\\\/\\\/refarmil.com\\\/es\\\/producto\\\/eukanuba-adult-large-breed-lamb-rice\\\/#primaryimage\",\"url\":\"https:\\\/\\\/refarmil.com\\\/es\\\/wp-content\\\/uploads\\\/2026\\\/02\\\/Adult-Lamb-rice-large.webp\",\"contentUrl\":\"https:\\\/\\\/refarmil.com\\\/es\\\/wp-content\\\/uploads\\\/2026\\\/02\\\/Adult-Lamb-rice-large.webp\",\"width\":700,\"height\":700},{\"@type\":\"BreadcrumbList\",\"@id\":\"https:\\\/\\\/refarmil.com\\\/es\\\/producto\\\/eukanuba-adult-large-breed-lamb-rice\\\/#breadcrumb\",\"itemListElement\":[{\"@type\":\"ListItem\",\"position\":1,\"name\":\"Portada\",\"item\":\"https:\\\/\\\/refarmil.com\\\/es\\\/\"},{\"@type\":\"ListItem\",\"position\":2,\"name\":\"Productos\",\"item\":\"https:\\\/\\\/refarmil.com\\\/es\\\/productos\\\/\"},{\"@type\":\"ListItem\",\"position\":3,\"name\":\"Eukanuba Adult Large Breed Lamb &#038; Rice\"}]},{\"@type\":\"WebSite\",\"@id\":\"https:\\\/\\\/refarmil.com\\\/es\\\/#website\",\"url\":\"https:\\\/\\\/refarmil.com\\\/es\\\/\",\"name\":\"\",\"description\":\"\",\"potentialAction\":[{\"@type\":\"SearchAction\",\"target\":{\"@type\":\"EntryPoint\",\"urlTemplate\":\"https:\\\/\\\/refarmil.com\\\/es\\\/?s={search_term_string}\"},\"query-input\":{\"@type\":\"PropertyValueSpecification\",\"valueRequired\":true,\"valueName\":\"search_term_string\"}}],\"inLanguage\":\"es\"}]}<\/script>\n<!-- \/ Yoast SEO plugin. -->","yoast_head_json":{"title":"Eukanuba Adult Large Breed Lamb & Rice | Refarmil","description":"Alimento de cordero y arroz para perros adultos de raza grande en Panam\u00e1. Apoya la salud de articulaciones y m\u00fasculos magros.","robots":{"index":"index","follow":"follow","max-snippet":"max-snippet:-1","max-image-preview":"max-image-preview:large","max-video-preview":"max-video-preview:-1"},"canonical":"https:\/\/refarmil.com\/es\/producto\/eukanuba-adult-large-breed-lamb-rice\/","og_locale":"es_ES","og_type":"article","og_title":"Eukanuba Adult Large Breed Lamb & Rice | Refarmil","og_description":"Alimento de cordero y arroz para perros adultos de raza grande en Panam\u00e1. Apoya la salud de articulaciones y m\u00fasculos magros.","og_url":"https:\/\/refarmil.com\/es\/producto\/eukanuba-adult-large-breed-lamb-rice\/","article_modified_time":"2026-02-25T14:54:51+00:00","og_image":[{"width":700,"height":700,"url":"https:\/\/refarmil.com\/es\/wp-content\/uploads\/2026\/02\/Adult-Lamb-rice-large.webp","type":"image\/webp"}],"twitter_card":"summary_large_image","twitter_misc":{"Tiempo de lectura":"1 minuto"},"schema":{"@context":"https:\/\/schema.org","@graph":[{"@type":"WebPage","@id":"https:\/\/refarmil.com\/es\/producto\/eukanuba-adult-large-breed-lamb-rice\/","url":"https:\/\/refarmil.com\/es\/producto\/eukanuba-adult-large-breed-lamb-rice\/","name":"Eukanuba Adult Large Breed Lamb & Rice | Refarmil","isPartOf":{"@id":"https:\/\/refarmil.com\/es\/#website"},"primaryImageOfPage":{"@id":"https:\/\/refarmil.com\/es\/producto\/eukanuba-adult-large-breed-lamb-rice\/#primaryimage"},"image":{"@id":"https:\/\/refarmil.com\/es\/producto\/eukanuba-adult-large-breed-lamb-rice\/#primaryimage"},"thumbnailUrl":"https:\/\/refarmil.com\/es\/wp-content\/uploads\/2026\/02\/Adult-Lamb-rice-large.webp","datePublished":"2026-02-25T14:54:50+00:00","dateModified":"2026-02-25T14:54:51+00:00","description":"Alimento de cordero y arroz para perros adultos de raza grande en Panam\u00e1. Apoya la salud de articulaciones y m\u00fasculos magros.","breadcrumb":{"@id":"https:\/\/refarmil.com\/es\/producto\/eukanuba-adult-large-breed-lamb-rice\/#breadcrumb"},"inLanguage":"es","potentialAction":[{"@type":"ReadAction","target":["https:\/\/refarmil.com\/es\/producto\/eukanuba-adult-large-breed-lamb-rice\/"]}]},{"@type":"ImageObject","inLanguage":"es","@id":"https:\/\/refarmil.com\/es\/producto\/eukanuba-adult-large-breed-lamb-rice\/#primaryimage","url":"https:\/\/refarmil.com\/es\/wp-content\/uploads\/2026\/02\/Adult-Lamb-rice-large.webp","contentUrl":"https:\/\/refarmil.com\/es\/wp-content\/uploads\/2026\/02\/Adult-Lamb-rice-large.webp","width":700,"height":700},{"@type":"BreadcrumbList","@id":"https:\/\/refarmil.com\/es\/producto\/eukanuba-adult-large-breed-lamb-rice\/#breadcrumb","itemListElement":[{"@type":"ListItem","position":1,"name":"Portada","item":"https:\/\/refarmil.com\/es\/"},{"@type":"ListItem","position":2,"name":"Productos","item":"https:\/\/refarmil.com\/es\/productos\/"},{"@type":"ListItem","position":3,"name":"Eukanuba Adult Large Breed Lamb &#038; Rice"}]},{"@type":"WebSite","@id":"https:\/\/refarmil.com\/es\/#website","url":"https:\/\/refarmil.com\/es\/","name":"","description":"","potentialAction":[{"@type":"SearchAction","target":{"@type":"EntryPoint","urlTemplate":"https:\/\/refarmil.com\/es\/?s={search_term_string}"},"query-input":{"@type":"PropertyValueSpecification","valueRequired":true,"valueName":"search_term_string"}}],"inLanguage":"es"}]}},"_links":{"self":[{"href":"https:\/\/refarmil.com\/es\/wp-json\/wp\/v2\/product\/967","targetHints":{"allow":["GET"]}}],"collection":[{"href":"https:\/\/refarmil.com\/es\/wp-json\/wp\/v2\/product"}],"about":[{"href":"https:\/\/refarmil.com\/es\/wp-json\/wp\/v2\/types\/product"}],"wp:featuredmedia":[{"embeddable":true,"href":"https:\/\/refarmil.com\/es\/wp-json\/wp\/v2\/media\/968"}],"wp:attachment":[{"href":"https:\/\/refarmil.com\/es\/wp-json\/wp\/v2\/media?parent=967"}],"wp:term":[{"taxonomy":"product_brand","embeddable":true,"href":"https:\/\/refarmil.com\/es\/wp-json\/wp\/v2\/product_brand?post=967"},{"taxonomy":"product_cat","embeddable":true,"href":"https:\/\/refarmil.com\/es\/wp-json\/wp\/v2\/product_cat?post=967"},{"taxonomy":"product_tag","embeddable":true,"href":"https:\/\/refarmil.com\/es\/wp-json\/wp\/v2\/product_tag?post=967"}],"curies":[{"name":"wp","href":"https:\/\/api.w.org\/{rel}","templated":true}]}}