{"id":969,"date":"2026-02-25T15:00:26","date_gmt":"2026-02-25T15:00:26","guid":{"rendered":"https:\/\/refarmil.com\/es\/?post_type=product&#038;p=969"},"modified":"2026-02-25T15:10:02","modified_gmt":"2026-02-25T15:10:02","slug":"eukanuba-adult-fit-body-small-breed-2","status":"publish","type":"product","link":"https:\/\/refarmil.com\/es\/producto\/eukanuba-adult-fit-body-small-breed-2\/","title":{"rendered":"Eukanuba Adult Fit Body Small Breed"},"content":{"rendered":"<p><span class=\"citation-59 citation-end-59\">Eukanuba Adult Fit Body Small Breed, es una f\u00f3rmula para perros adultos de talla peque\u00f1a (hasta 10 kg).<\/span> <span class=\"citation-58 citation-end-58\">Esta f\u00f3rmula es indicada para perros que necesitan recuperar y mantener una condici\u00f3n corporal adecuada, y es el complemento ideal a la hora de comenzar a llevar una vida m\u00e1s activa.<\/span><\/p>\n","protected":false},"excerpt":{"rendered":"<p><span class=\"citation-59 citation-end-59\">Eukanuba Adult Fit Body Small Breed, es una f\u00f3rmula para perros adultos de talla peque\u00f1a (hasta 10 kg).<\/span> <span class=\"citation-58 citation-end-58\">Esta f\u00f3rmula es indicada para perros que necesitan recuperar y mantener una condici\u00f3n corporal adecuada, y es el complemento ideal a la hora de comenzar a llevar una vida m\u00e1s activa.<\/span><\/p>\n","protected":false},"featured_media":970,"template":"","meta":{"_joinchat":[]},"product_brand":[],"product_cat":[35,29],"product_tag":[31,42,43,51,34],"class_list":{"0":"post-969","1":"product","2":"type-product","3":"status-publish","4":"has-post-thumbnail","6":"product_cat-adulto","7":"product_cat-eukanuba","8":"product_tag-alimento-seco","9":"product_tag-bajo-en-grasa","10":"product_tag-control-de-peso","11":"product_tag-fit-body","12":"product_tag-raza-pequena","14":"first","15":"instock","16":"taxable","17":"shipping-taxable","18":"product-type-simple"},"yoast_head":"<!-- This site is optimized with the Yoast SEO plugin v27.3 - https:\/\/yoast.com\/product\/yoast-seo-wordpress\/ -->\n<title>Eukanuba Adult Fit Body Small Breed | Refarmil<\/title>\n<meta name=\"description\" content=\"Alimento Eukanuba Fit Body para perros adultos de raza peque\u00f1a en Panam\u00e1. Ideal para mantener una condici\u00f3n corporal adecuada.\" \/>\n<meta name=\"robots\" content=\"index, follow, max-snippet:-1, max-image-preview:large, max-video-preview:-1\" \/>\n<link rel=\"canonical\" href=\"https:\/\/refarmil.com\/es\/producto\/eukanuba-adult-fit-body-small-breed-2\/\" \/>\n<meta property=\"og:locale\" content=\"es_ES\" \/>\n<meta property=\"og:type\" content=\"article\" \/>\n<meta property=\"og:title\" content=\"Eukanuba Adult Fit Body Small Breed | Refarmil\" \/>\n<meta property=\"og:description\" content=\"Alimento Eukanuba Fit Body para perros adultos de raza peque\u00f1a en Panam\u00e1. Ideal para mantener una condici\u00f3n corporal adecuada.\" \/>\n<meta property=\"og:url\" content=\"https:\/\/refarmil.com\/es\/producto\/eukanuba-adult-fit-body-small-breed-2\/\" \/>\n<meta property=\"article:modified_time\" content=\"2026-02-25T15:10:02+00:00\" \/>\n<meta property=\"og:image\" content=\"https:\/\/refarmil.com\/es\/wp-content\/uploads\/2026\/02\/eukanuba-Fit-body-talla.webp\" \/>\n\t<meta property=\"og:image:width\" content=\"700\" \/>\n\t<meta property=\"og:image:height\" content=\"700\" \/>\n\t<meta property=\"og:image:type\" content=\"image\/webp\" \/>\n<meta name=\"twitter:card\" content=\"summary_large_image\" \/>\n<meta name=\"twitter:label1\" content=\"Tiempo de lectura\" \/>\n\t<meta name=\"twitter:data1\" content=\"1 minuto\" \/>\n<script type=\"application\/ld+json\" class=\"yoast-schema-graph\">{\"@context\":\"https:\\\/\\\/schema.org\",\"@graph\":[{\"@type\":\"WebPage\",\"@id\":\"https:\\\/\\\/refarmil.com\\\/es\\\/producto\\\/eukanuba-adult-fit-body-small-breed-2\\\/\",\"url\":\"https:\\\/\\\/refarmil.com\\\/es\\\/producto\\\/eukanuba-adult-fit-body-small-breed-2\\\/\",\"name\":\"Eukanuba Adult Fit Body Small Breed | Refarmil\",\"isPartOf\":{\"@id\":\"https:\\\/\\\/refarmil.com\\\/es\\\/#website\"},\"primaryImageOfPage\":{\"@id\":\"https:\\\/\\\/refarmil.com\\\/es\\\/producto\\\/eukanuba-adult-fit-body-small-breed-2\\\/#primaryimage\"},\"image\":{\"@id\":\"https:\\\/\\\/refarmil.com\\\/es\\\/producto\\\/eukanuba-adult-fit-body-small-breed-2\\\/#primaryimage\"},\"thumbnailUrl\":\"https:\\\/\\\/refarmil.com\\\/es\\\/wp-content\\\/uploads\\\/2026\\\/02\\\/eukanuba-Fit-body-talla.webp\",\"datePublished\":\"2026-02-25T15:00:26+00:00\",\"dateModified\":\"2026-02-25T15:10:02+00:00\",\"description\":\"Alimento Eukanuba Fit Body para perros adultos de raza peque\u00f1a en Panam\u00e1. Ideal para mantener una condici\u00f3n corporal adecuada.\",\"breadcrumb\":{\"@id\":\"https:\\\/\\\/refarmil.com\\\/es\\\/producto\\\/eukanuba-adult-fit-body-small-breed-2\\\/#breadcrumb\"},\"inLanguage\":\"es\",\"potentialAction\":[{\"@type\":\"ReadAction\",\"target\":[\"https:\\\/\\\/refarmil.com\\\/es\\\/producto\\\/eukanuba-adult-fit-body-small-breed-2\\\/\"]}]},{\"@type\":\"ImageObject\",\"inLanguage\":\"es\",\"@id\":\"https:\\\/\\\/refarmil.com\\\/es\\\/producto\\\/eukanuba-adult-fit-body-small-breed-2\\\/#primaryimage\",\"url\":\"https:\\\/\\\/refarmil.com\\\/es\\\/wp-content\\\/uploads\\\/2026\\\/02\\\/eukanuba-Fit-body-talla.webp\",\"contentUrl\":\"https:\\\/\\\/refarmil.com\\\/es\\\/wp-content\\\/uploads\\\/2026\\\/02\\\/eukanuba-Fit-body-talla.webp\",\"width\":700,\"height\":700},{\"@type\":\"BreadcrumbList\",\"@id\":\"https:\\\/\\\/refarmil.com\\\/es\\\/producto\\\/eukanuba-adult-fit-body-small-breed-2\\\/#breadcrumb\",\"itemListElement\":[{\"@type\":\"ListItem\",\"position\":1,\"name\":\"Portada\",\"item\":\"https:\\\/\\\/refarmil.com\\\/es\\\/\"},{\"@type\":\"ListItem\",\"position\":2,\"name\":\"Productos\",\"item\":\"https:\\\/\\\/refarmil.com\\\/es\\\/productos\\\/\"},{\"@type\":\"ListItem\",\"position\":3,\"name\":\"Eukanuba Adult Fit Body Small Breed\"}]},{\"@type\":\"WebSite\",\"@id\":\"https:\\\/\\\/refarmil.com\\\/es\\\/#website\",\"url\":\"https:\\\/\\\/refarmil.com\\\/es\\\/\",\"name\":\"\",\"description\":\"\",\"potentialAction\":[{\"@type\":\"SearchAction\",\"target\":{\"@type\":\"EntryPoint\",\"urlTemplate\":\"https:\\\/\\\/refarmil.com\\\/es\\\/?s={search_term_string}\"},\"query-input\":{\"@type\":\"PropertyValueSpecification\",\"valueRequired\":true,\"valueName\":\"search_term_string\"}}],\"inLanguage\":\"es\"}]}<\/script>\n<!-- \/ Yoast SEO plugin. -->","yoast_head_json":{"title":"Eukanuba Adult Fit Body Small Breed | Refarmil","description":"Alimento Eukanuba Fit Body para perros adultos de raza peque\u00f1a en Panam\u00e1. Ideal para mantener una condici\u00f3n corporal adecuada.","robots":{"index":"index","follow":"follow","max-snippet":"max-snippet:-1","max-image-preview":"max-image-preview:large","max-video-preview":"max-video-preview:-1"},"canonical":"https:\/\/refarmil.com\/es\/producto\/eukanuba-adult-fit-body-small-breed-2\/","og_locale":"es_ES","og_type":"article","og_title":"Eukanuba Adult Fit Body Small Breed | Refarmil","og_description":"Alimento Eukanuba Fit Body para perros adultos de raza peque\u00f1a en Panam\u00e1. Ideal para mantener una condici\u00f3n corporal adecuada.","og_url":"https:\/\/refarmil.com\/es\/producto\/eukanuba-adult-fit-body-small-breed-2\/","article_modified_time":"2026-02-25T15:10:02+00:00","og_image":[{"width":700,"height":700,"url":"https:\/\/refarmil.com\/es\/wp-content\/uploads\/2026\/02\/eukanuba-Fit-body-talla.webp","type":"image\/webp"}],"twitter_card":"summary_large_image","twitter_misc":{"Tiempo de lectura":"1 minuto"},"schema":{"@context":"https:\/\/schema.org","@graph":[{"@type":"WebPage","@id":"https:\/\/refarmil.com\/es\/producto\/eukanuba-adult-fit-body-small-breed-2\/","url":"https:\/\/refarmil.com\/es\/producto\/eukanuba-adult-fit-body-small-breed-2\/","name":"Eukanuba Adult Fit Body Small Breed | Refarmil","isPartOf":{"@id":"https:\/\/refarmil.com\/es\/#website"},"primaryImageOfPage":{"@id":"https:\/\/refarmil.com\/es\/producto\/eukanuba-adult-fit-body-small-breed-2\/#primaryimage"},"image":{"@id":"https:\/\/refarmil.com\/es\/producto\/eukanuba-adult-fit-body-small-breed-2\/#primaryimage"},"thumbnailUrl":"https:\/\/refarmil.com\/es\/wp-content\/uploads\/2026\/02\/eukanuba-Fit-body-talla.webp","datePublished":"2026-02-25T15:00:26+00:00","dateModified":"2026-02-25T15:10:02+00:00","description":"Alimento Eukanuba Fit Body para perros adultos de raza peque\u00f1a en Panam\u00e1. Ideal para mantener una condici\u00f3n corporal adecuada.","breadcrumb":{"@id":"https:\/\/refarmil.com\/es\/producto\/eukanuba-adult-fit-body-small-breed-2\/#breadcrumb"},"inLanguage":"es","potentialAction":[{"@type":"ReadAction","target":["https:\/\/refarmil.com\/es\/producto\/eukanuba-adult-fit-body-small-breed-2\/"]}]},{"@type":"ImageObject","inLanguage":"es","@id":"https:\/\/refarmil.com\/es\/producto\/eukanuba-adult-fit-body-small-breed-2\/#primaryimage","url":"https:\/\/refarmil.com\/es\/wp-content\/uploads\/2026\/02\/eukanuba-Fit-body-talla.webp","contentUrl":"https:\/\/refarmil.com\/es\/wp-content\/uploads\/2026\/02\/eukanuba-Fit-body-talla.webp","width":700,"height":700},{"@type":"BreadcrumbList","@id":"https:\/\/refarmil.com\/es\/producto\/eukanuba-adult-fit-body-small-breed-2\/#breadcrumb","itemListElement":[{"@type":"ListItem","position":1,"name":"Portada","item":"https:\/\/refarmil.com\/es\/"},{"@type":"ListItem","position":2,"name":"Productos","item":"https:\/\/refarmil.com\/es\/productos\/"},{"@type":"ListItem","position":3,"name":"Eukanuba Adult Fit Body Small Breed"}]},{"@type":"WebSite","@id":"https:\/\/refarmil.com\/es\/#website","url":"https:\/\/refarmil.com\/es\/","name":"","description":"","potentialAction":[{"@type":"SearchAction","target":{"@type":"EntryPoint","urlTemplate":"https:\/\/refarmil.com\/es\/?s={search_term_string}"},"query-input":{"@type":"PropertyValueSpecification","valueRequired":true,"valueName":"search_term_string"}}],"inLanguage":"es"}]}},"_links":{"self":[{"href":"https:\/\/refarmil.com\/es\/wp-json\/wp\/v2\/product\/969","targetHints":{"allow":["GET"]}}],"collection":[{"href":"https:\/\/refarmil.com\/es\/wp-json\/wp\/v2\/product"}],"about":[{"href":"https:\/\/refarmil.com\/es\/wp-json\/wp\/v2\/types\/product"}],"wp:featuredmedia":[{"embeddable":true,"href":"https:\/\/refarmil.com\/es\/wp-json\/wp\/v2\/media\/970"}],"wp:attachment":[{"href":"https:\/\/refarmil.com\/es\/wp-json\/wp\/v2\/media?parent=969"}],"wp:term":[{"taxonomy":"product_brand","embeddable":true,"href":"https:\/\/refarmil.com\/es\/wp-json\/wp\/v2\/product_brand?post=969"},{"taxonomy":"product_cat","embeddable":true,"href":"https:\/\/refarmil.com\/es\/wp-json\/wp\/v2\/product_cat?post=969"},{"taxonomy":"product_tag","embeddable":true,"href":"https:\/\/refarmil.com\/es\/wp-json\/wp\/v2\/product_tag?post=969"}],"curies":[{"name":"wp","href":"https:\/\/api.w.org\/{rel}","templated":true}]}}