{"id":974,"date":"2026-02-25T15:17:42","date_gmt":"2026-02-25T15:17:42","guid":{"rendered":"https:\/\/refarmil.com\/es\/?post_type=product&#038;p=974"},"modified":"2026-02-25T15:18:37","modified_gmt":"2026-02-25T15:18:37","slug":"eukanuba-senior-small-breed","status":"publish","type":"product","link":"https:\/\/refarmil.com\/es\/producto\/eukanuba-senior-small-breed\/","title":{"rendered":"Eukanuba Senior Small Breed"},"content":{"rendered":"<p><span class=\"citation-75 citation-end-75\">Eukanuba Senior Small Breed, es un alimento balanceado completo para perros adultos de m\u00e1s de 7 a\u00f1os que en su etapa adulta pesan hasta 10 kg.<\/span><\/p>\n","protected":false},"excerpt":{"rendered":"<p><span class=\"citation-75 citation-end-75\">Eukanuba Senior Small Breed, es un alimento balanceado completo para perros adultos de m\u00e1s de 7 a\u00f1os que en su etapa adulta pesan hasta 10 kg.<\/span><\/p>\n<div class=\"source-inline-chip-container ng-star-inserted\"><\/div>\n","protected":false},"featured_media":975,"template":"","meta":{"_joinchat":[]},"product_brand":[],"product_cat":[29,38],"product_tag":[31,34,41],"class_list":{"0":"post-974","1":"product","2":"type-product","3":"status-publish","4":"has-post-thumbnail","6":"product_cat-eukanuba","7":"product_cat-senior","8":"product_tag-alimento-seco","9":"product_tag-raza-pequena","10":"product_tag-senior","12":"first","13":"instock","14":"taxable","15":"shipping-taxable","16":"product-type-simple"},"yoast_head":"<!-- This site is optimized with the Yoast SEO plugin v27.3 - https:\/\/yoast.com\/product\/yoast-seo-wordpress\/ -->\n<title>Eukanuba Senior Small Breed | Refarmil<\/title>\n<meta name=\"description\" content=\"Alimento Eukanuba para perros senior, mayores de raza peque\u00f1a (7+ a\u00f1os) en Panam\u00e1. Nutrici\u00f3n completa para perros de hasta 10 kg.\" \/>\n<meta name=\"robots\" content=\"index, follow, max-snippet:-1, max-image-preview:large, max-video-preview:-1\" \/>\n<link rel=\"canonical\" href=\"https:\/\/refarmil.com\/es\/producto\/eukanuba-senior-small-breed\/\" \/>\n<meta property=\"og:locale\" content=\"es_ES\" \/>\n<meta property=\"og:type\" content=\"article\" \/>\n<meta property=\"og:title\" content=\"Eukanuba Senior Small Breed | Refarmil\" \/>\n<meta property=\"og:description\" content=\"Alimento Eukanuba para perros senior, mayores de raza peque\u00f1a (7+ a\u00f1os) en Panam\u00e1. Nutrici\u00f3n completa para perros de hasta 10 kg.\" \/>\n<meta property=\"og:url\" content=\"https:\/\/refarmil.com\/es\/producto\/eukanuba-senior-small-breed\/\" \/>\n<meta property=\"article:modified_time\" content=\"2026-02-25T15:18:37+00:00\" \/>\n<meta property=\"og:image\" content=\"https:\/\/refarmil.com\/es\/wp-content\/uploads\/2026\/02\/Eukanuba-Senior-small-Breed.webp\" \/>\n\t<meta property=\"og:image:width\" content=\"700\" \/>\n\t<meta property=\"og:image:height\" content=\"700\" \/>\n\t<meta property=\"og:image:type\" content=\"image\/webp\" \/>\n<meta name=\"twitter:card\" content=\"summary_large_image\" \/>\n<meta name=\"twitter:label1\" content=\"Tiempo de lectura\" \/>\n\t<meta name=\"twitter:data1\" content=\"1 minuto\" \/>\n<script type=\"application\/ld+json\" class=\"yoast-schema-graph\">{\"@context\":\"https:\\\/\\\/schema.org\",\"@graph\":[{\"@type\":\"WebPage\",\"@id\":\"https:\\\/\\\/refarmil.com\\\/es\\\/producto\\\/eukanuba-senior-small-breed\\\/\",\"url\":\"https:\\\/\\\/refarmil.com\\\/es\\\/producto\\\/eukanuba-senior-small-breed\\\/\",\"name\":\"Eukanuba Senior Small Breed | Refarmil\",\"isPartOf\":{\"@id\":\"https:\\\/\\\/refarmil.com\\\/es\\\/#website\"},\"primaryImageOfPage\":{\"@id\":\"https:\\\/\\\/refarmil.com\\\/es\\\/producto\\\/eukanuba-senior-small-breed\\\/#primaryimage\"},\"image\":{\"@id\":\"https:\\\/\\\/refarmil.com\\\/es\\\/producto\\\/eukanuba-senior-small-breed\\\/#primaryimage\"},\"thumbnailUrl\":\"https:\\\/\\\/refarmil.com\\\/es\\\/wp-content\\\/uploads\\\/2026\\\/02\\\/Eukanuba-Senior-small-Breed.webp\",\"datePublished\":\"2026-02-25T15:17:42+00:00\",\"dateModified\":\"2026-02-25T15:18:37+00:00\",\"description\":\"Alimento Eukanuba para perros senior, mayores de raza peque\u00f1a (7+ a\u00f1os) en Panam\u00e1. Nutrici\u00f3n completa para perros de hasta 10 kg.\",\"breadcrumb\":{\"@id\":\"https:\\\/\\\/refarmil.com\\\/es\\\/producto\\\/eukanuba-senior-small-breed\\\/#breadcrumb\"},\"inLanguage\":\"es\",\"potentialAction\":[{\"@type\":\"ReadAction\",\"target\":[\"https:\\\/\\\/refarmil.com\\\/es\\\/producto\\\/eukanuba-senior-small-breed\\\/\"]}]},{\"@type\":\"ImageObject\",\"inLanguage\":\"es\",\"@id\":\"https:\\\/\\\/refarmil.com\\\/es\\\/producto\\\/eukanuba-senior-small-breed\\\/#primaryimage\",\"url\":\"https:\\\/\\\/refarmil.com\\\/es\\\/wp-content\\\/uploads\\\/2026\\\/02\\\/Eukanuba-Senior-small-Breed.webp\",\"contentUrl\":\"https:\\\/\\\/refarmil.com\\\/es\\\/wp-content\\\/uploads\\\/2026\\\/02\\\/Eukanuba-Senior-small-Breed.webp\",\"width\":700,\"height\":700},{\"@type\":\"BreadcrumbList\",\"@id\":\"https:\\\/\\\/refarmil.com\\\/es\\\/producto\\\/eukanuba-senior-small-breed\\\/#breadcrumb\",\"itemListElement\":[{\"@type\":\"ListItem\",\"position\":1,\"name\":\"Portada\",\"item\":\"https:\\\/\\\/refarmil.com\\\/es\\\/\"},{\"@type\":\"ListItem\",\"position\":2,\"name\":\"Productos\",\"item\":\"https:\\\/\\\/refarmil.com\\\/es\\\/productos\\\/\"},{\"@type\":\"ListItem\",\"position\":3,\"name\":\"Eukanuba Senior Small Breed\"}]},{\"@type\":\"WebSite\",\"@id\":\"https:\\\/\\\/refarmil.com\\\/es\\\/#website\",\"url\":\"https:\\\/\\\/refarmil.com\\\/es\\\/\",\"name\":\"\",\"description\":\"\",\"potentialAction\":[{\"@type\":\"SearchAction\",\"target\":{\"@type\":\"EntryPoint\",\"urlTemplate\":\"https:\\\/\\\/refarmil.com\\\/es\\\/?s={search_term_string}\"},\"query-input\":{\"@type\":\"PropertyValueSpecification\",\"valueRequired\":true,\"valueName\":\"search_term_string\"}}],\"inLanguage\":\"es\"}]}<\/script>\n<!-- \/ Yoast SEO plugin. -->","yoast_head_json":{"title":"Eukanuba Senior Small Breed | Refarmil","description":"Alimento Eukanuba para perros senior, mayores de raza peque\u00f1a (7+ a\u00f1os) en Panam\u00e1. Nutrici\u00f3n completa para perros de hasta 10 kg.","robots":{"index":"index","follow":"follow","max-snippet":"max-snippet:-1","max-image-preview":"max-image-preview:large","max-video-preview":"max-video-preview:-1"},"canonical":"https:\/\/refarmil.com\/es\/producto\/eukanuba-senior-small-breed\/","og_locale":"es_ES","og_type":"article","og_title":"Eukanuba Senior Small Breed | Refarmil","og_description":"Alimento Eukanuba para perros senior, mayores de raza peque\u00f1a (7+ a\u00f1os) en Panam\u00e1. Nutrici\u00f3n completa para perros de hasta 10 kg.","og_url":"https:\/\/refarmil.com\/es\/producto\/eukanuba-senior-small-breed\/","article_modified_time":"2026-02-25T15:18:37+00:00","og_image":[{"width":700,"height":700,"url":"https:\/\/refarmil.com\/es\/wp-content\/uploads\/2026\/02\/Eukanuba-Senior-small-Breed.webp","type":"image\/webp"}],"twitter_card":"summary_large_image","twitter_misc":{"Tiempo de lectura":"1 minuto"},"schema":{"@context":"https:\/\/schema.org","@graph":[{"@type":"WebPage","@id":"https:\/\/refarmil.com\/es\/producto\/eukanuba-senior-small-breed\/","url":"https:\/\/refarmil.com\/es\/producto\/eukanuba-senior-small-breed\/","name":"Eukanuba Senior Small Breed | Refarmil","isPartOf":{"@id":"https:\/\/refarmil.com\/es\/#website"},"primaryImageOfPage":{"@id":"https:\/\/refarmil.com\/es\/producto\/eukanuba-senior-small-breed\/#primaryimage"},"image":{"@id":"https:\/\/refarmil.com\/es\/producto\/eukanuba-senior-small-breed\/#primaryimage"},"thumbnailUrl":"https:\/\/refarmil.com\/es\/wp-content\/uploads\/2026\/02\/Eukanuba-Senior-small-Breed.webp","datePublished":"2026-02-25T15:17:42+00:00","dateModified":"2026-02-25T15:18:37+00:00","description":"Alimento Eukanuba para perros senior, mayores de raza peque\u00f1a (7+ a\u00f1os) en Panam\u00e1. Nutrici\u00f3n completa para perros de hasta 10 kg.","breadcrumb":{"@id":"https:\/\/refarmil.com\/es\/producto\/eukanuba-senior-small-breed\/#breadcrumb"},"inLanguage":"es","potentialAction":[{"@type":"ReadAction","target":["https:\/\/refarmil.com\/es\/producto\/eukanuba-senior-small-breed\/"]}]},{"@type":"ImageObject","inLanguage":"es","@id":"https:\/\/refarmil.com\/es\/producto\/eukanuba-senior-small-breed\/#primaryimage","url":"https:\/\/refarmil.com\/es\/wp-content\/uploads\/2026\/02\/Eukanuba-Senior-small-Breed.webp","contentUrl":"https:\/\/refarmil.com\/es\/wp-content\/uploads\/2026\/02\/Eukanuba-Senior-small-Breed.webp","width":700,"height":700},{"@type":"BreadcrumbList","@id":"https:\/\/refarmil.com\/es\/producto\/eukanuba-senior-small-breed\/#breadcrumb","itemListElement":[{"@type":"ListItem","position":1,"name":"Portada","item":"https:\/\/refarmil.com\/es\/"},{"@type":"ListItem","position":2,"name":"Productos","item":"https:\/\/refarmil.com\/es\/productos\/"},{"@type":"ListItem","position":3,"name":"Eukanuba Senior Small Breed"}]},{"@type":"WebSite","@id":"https:\/\/refarmil.com\/es\/#website","url":"https:\/\/refarmil.com\/es\/","name":"","description":"","potentialAction":[{"@type":"SearchAction","target":{"@type":"EntryPoint","urlTemplate":"https:\/\/refarmil.com\/es\/?s={search_term_string}"},"query-input":{"@type":"PropertyValueSpecification","valueRequired":true,"valueName":"search_term_string"}}],"inLanguage":"es"}]}},"_links":{"self":[{"href":"https:\/\/refarmil.com\/es\/wp-json\/wp\/v2\/product\/974","targetHints":{"allow":["GET"]}}],"collection":[{"href":"https:\/\/refarmil.com\/es\/wp-json\/wp\/v2\/product"}],"about":[{"href":"https:\/\/refarmil.com\/es\/wp-json\/wp\/v2\/types\/product"}],"wp:featuredmedia":[{"embeddable":true,"href":"https:\/\/refarmil.com\/es\/wp-json\/wp\/v2\/media\/975"}],"wp:attachment":[{"href":"https:\/\/refarmil.com\/es\/wp-json\/wp\/v2\/media?parent=974"}],"wp:term":[{"taxonomy":"product_brand","embeddable":true,"href":"https:\/\/refarmil.com\/es\/wp-json\/wp\/v2\/product_brand?post=974"},{"taxonomy":"product_cat","embeddable":true,"href":"https:\/\/refarmil.com\/es\/wp-json\/wp\/v2\/product_cat?post=974"},{"taxonomy":"product_tag","embeddable":true,"href":"https:\/\/refarmil.com\/es\/wp-json\/wp\/v2\/product_tag?post=974"}],"curies":[{"name":"wp","href":"https:\/\/api.w.org\/{rel}","templated":true}]}}