{"id":984,"date":"2026-02-25T16:27:48","date_gmt":"2026-02-25T16:27:48","guid":{"rendered":"https:\/\/refarmil.com\/es\/?post_type=product&#038;p=984"},"modified":"2026-02-25T16:27:49","modified_gmt":"2026-02-25T16:27:49","slug":"eukanuba-adult-beef-vegetable-stew","status":"publish","type":"product","link":"https:\/\/refarmil.com\/es\/producto\/eukanuba-adult-beef-vegetable-stew\/","title":{"rendered":"Eukanuba Adult Beef &#038; Vegetable Stew"},"content":{"rendered":"<p data-path-to-node=\"11,0\">Eukanuba Adult Beef &amp; Vegetable Stew (355 g) .Es un alimento premium para perros (Premium Dog Food) dise\u00f1ado para adultos de m\u00e1s de 1 a\u00f1o de edad. Esta receta consiste en un delicioso estofado de res y vegetales (Beef &amp; Vegetable Stew) que proporciona una nutrici\u00f3n completa y equilibrada en formato de alimento h\u00famedo.<\/p>\n","protected":false},"excerpt":{"rendered":"<p>Eukanuba Adult Beef &amp; Vegetable Stew (355 g) .Es un alimento premium para perros (Premium Dog Food) dise\u00f1ado para adultos de m\u00e1s de 1 a\u00f1o de edad. Esta receta consiste en un delicioso estofado de res y vegetales (Beef &amp; Vegetable Stew) que proporciona una nutrici\u00f3n completa y equilibrada en formato de alimento h\u00famedo.<\/p>\n","protected":false},"featured_media":985,"template":"","meta":{"_joinchat":[]},"product_brand":[],"product_cat":[35,29],"product_tag":[53,52],"class_list":{"0":"post-984","1":"product","2":"type-product","3":"status-publish","4":"has-post-thumbnail","6":"product_cat-adulto","7":"product_cat-eukanuba","8":"product_tag-alimento-humedo","9":"product_tag-lata","11":"first","12":"instock","13":"taxable","14":"shipping-taxable","15":"product-type-simple"},"yoast_head":"<!-- This site is optimized with the Yoast SEO plugin v27.3 - https:\/\/yoast.com\/product\/yoast-seo-wordpress\/ -->\n<title>Eukanuba Adult Beef &amp; Vegetable (Lata) | Refarmil<\/title>\n<meta name=\"description\" content=\"Comida y alimento h\u00famedo en lata Eukanuba Adult Beef &amp; Vegetable Stew en Panam\u00e1. Nutrici\u00f3n premium para perros adultos de m\u00e1s de 1 a\u00f1o.\" \/>\n<meta name=\"robots\" content=\"index, follow, max-snippet:-1, max-image-preview:large, max-video-preview:-1\" \/>\n<link rel=\"canonical\" href=\"https:\/\/refarmil.com\/es\/producto\/eukanuba-adult-beef-vegetable-stew\/\" \/>\n<meta property=\"og:locale\" content=\"es_ES\" \/>\n<meta property=\"og:type\" content=\"article\" \/>\n<meta property=\"og:title\" content=\"Eukanuba Adult Beef &amp; Vegetable (Lata) | Refarmil\" \/>\n<meta property=\"og:description\" content=\"Comida y alimento h\u00famedo en lata Eukanuba Adult Beef &amp; Vegetable Stew en Panam\u00e1. Nutrici\u00f3n premium para perros adultos de m\u00e1s de 1 a\u00f1o.\" \/>\n<meta property=\"og:url\" content=\"https:\/\/refarmil.com\/es\/producto\/eukanuba-adult-beef-vegetable-stew\/\" \/>\n<meta property=\"article:modified_time\" content=\"2026-02-25T16:27:49+00:00\" \/>\n<meta property=\"og:image\" content=\"https:\/\/refarmil.com\/es\/wp-content\/uploads\/2026\/02\/Adult-Beef-Vegetable-Stew.webp\" \/>\n\t<meta property=\"og:image:width\" content=\"700\" \/>\n\t<meta property=\"og:image:height\" content=\"700\" \/>\n\t<meta property=\"og:image:type\" content=\"image\/webp\" \/>\n<meta name=\"twitter:card\" content=\"summary_large_image\" \/>\n<meta name=\"twitter:label1\" content=\"Tiempo de lectura\" \/>\n\t<meta name=\"twitter:data1\" content=\"1 minuto\" \/>\n<script type=\"application\/ld+json\" class=\"yoast-schema-graph\">{\"@context\":\"https:\\\/\\\/schema.org\",\"@graph\":[{\"@type\":\"WebPage\",\"@id\":\"https:\\\/\\\/refarmil.com\\\/es\\\/producto\\\/eukanuba-adult-beef-vegetable-stew\\\/\",\"url\":\"https:\\\/\\\/refarmil.com\\\/es\\\/producto\\\/eukanuba-adult-beef-vegetable-stew\\\/\",\"name\":\"Eukanuba Adult Beef & Vegetable (Lata) | Refarmil\",\"isPartOf\":{\"@id\":\"https:\\\/\\\/refarmil.com\\\/es\\\/#website\"},\"primaryImageOfPage\":{\"@id\":\"https:\\\/\\\/refarmil.com\\\/es\\\/producto\\\/eukanuba-adult-beef-vegetable-stew\\\/#primaryimage\"},\"image\":{\"@id\":\"https:\\\/\\\/refarmil.com\\\/es\\\/producto\\\/eukanuba-adult-beef-vegetable-stew\\\/#primaryimage\"},\"thumbnailUrl\":\"https:\\\/\\\/refarmil.com\\\/es\\\/wp-content\\\/uploads\\\/2026\\\/02\\\/Adult-Beef-Vegetable-Stew.webp\",\"datePublished\":\"2026-02-25T16:27:48+00:00\",\"dateModified\":\"2026-02-25T16:27:49+00:00\",\"description\":\"Comida y alimento h\u00famedo en lata Eukanuba Adult Beef & Vegetable Stew en Panam\u00e1. Nutrici\u00f3n premium para perros adultos de m\u00e1s de 1 a\u00f1o.\",\"breadcrumb\":{\"@id\":\"https:\\\/\\\/refarmil.com\\\/es\\\/producto\\\/eukanuba-adult-beef-vegetable-stew\\\/#breadcrumb\"},\"inLanguage\":\"es\",\"potentialAction\":[{\"@type\":\"ReadAction\",\"target\":[\"https:\\\/\\\/refarmil.com\\\/es\\\/producto\\\/eukanuba-adult-beef-vegetable-stew\\\/\"]}]},{\"@type\":\"ImageObject\",\"inLanguage\":\"es\",\"@id\":\"https:\\\/\\\/refarmil.com\\\/es\\\/producto\\\/eukanuba-adult-beef-vegetable-stew\\\/#primaryimage\",\"url\":\"https:\\\/\\\/refarmil.com\\\/es\\\/wp-content\\\/uploads\\\/2026\\\/02\\\/Adult-Beef-Vegetable-Stew.webp\",\"contentUrl\":\"https:\\\/\\\/refarmil.com\\\/es\\\/wp-content\\\/uploads\\\/2026\\\/02\\\/Adult-Beef-Vegetable-Stew.webp\",\"width\":700,\"height\":700},{\"@type\":\"BreadcrumbList\",\"@id\":\"https:\\\/\\\/refarmil.com\\\/es\\\/producto\\\/eukanuba-adult-beef-vegetable-stew\\\/#breadcrumb\",\"itemListElement\":[{\"@type\":\"ListItem\",\"position\":1,\"name\":\"Portada\",\"item\":\"https:\\\/\\\/refarmil.com\\\/es\\\/\"},{\"@type\":\"ListItem\",\"position\":2,\"name\":\"Productos\",\"item\":\"https:\\\/\\\/refarmil.com\\\/es\\\/productos\\\/\"},{\"@type\":\"ListItem\",\"position\":3,\"name\":\"Eukanuba Adult Beef &#038; Vegetable Stew\"}]},{\"@type\":\"WebSite\",\"@id\":\"https:\\\/\\\/refarmil.com\\\/es\\\/#website\",\"url\":\"https:\\\/\\\/refarmil.com\\\/es\\\/\",\"name\":\"\",\"description\":\"\",\"potentialAction\":[{\"@type\":\"SearchAction\",\"target\":{\"@type\":\"EntryPoint\",\"urlTemplate\":\"https:\\\/\\\/refarmil.com\\\/es\\\/?s={search_term_string}\"},\"query-input\":{\"@type\":\"PropertyValueSpecification\",\"valueRequired\":true,\"valueName\":\"search_term_string\"}}],\"inLanguage\":\"es\"}]}<\/script>\n<!-- \/ Yoast SEO plugin. -->","yoast_head_json":{"title":"Eukanuba Adult Beef & Vegetable (Lata) | Refarmil","description":"Comida y alimento h\u00famedo en lata Eukanuba Adult Beef & Vegetable Stew en Panam\u00e1. Nutrici\u00f3n premium para perros adultos de m\u00e1s de 1 a\u00f1o.","robots":{"index":"index","follow":"follow","max-snippet":"max-snippet:-1","max-image-preview":"max-image-preview:large","max-video-preview":"max-video-preview:-1"},"canonical":"https:\/\/refarmil.com\/es\/producto\/eukanuba-adult-beef-vegetable-stew\/","og_locale":"es_ES","og_type":"article","og_title":"Eukanuba Adult Beef & Vegetable (Lata) | Refarmil","og_description":"Comida y alimento h\u00famedo en lata Eukanuba Adult Beef & Vegetable Stew en Panam\u00e1. Nutrici\u00f3n premium para perros adultos de m\u00e1s de 1 a\u00f1o.","og_url":"https:\/\/refarmil.com\/es\/producto\/eukanuba-adult-beef-vegetable-stew\/","article_modified_time":"2026-02-25T16:27:49+00:00","og_image":[{"width":700,"height":700,"url":"https:\/\/refarmil.com\/es\/wp-content\/uploads\/2026\/02\/Adult-Beef-Vegetable-Stew.webp","type":"image\/webp"}],"twitter_card":"summary_large_image","twitter_misc":{"Tiempo de lectura":"1 minuto"},"schema":{"@context":"https:\/\/schema.org","@graph":[{"@type":"WebPage","@id":"https:\/\/refarmil.com\/es\/producto\/eukanuba-adult-beef-vegetable-stew\/","url":"https:\/\/refarmil.com\/es\/producto\/eukanuba-adult-beef-vegetable-stew\/","name":"Eukanuba Adult Beef & Vegetable (Lata) | Refarmil","isPartOf":{"@id":"https:\/\/refarmil.com\/es\/#website"},"primaryImageOfPage":{"@id":"https:\/\/refarmil.com\/es\/producto\/eukanuba-adult-beef-vegetable-stew\/#primaryimage"},"image":{"@id":"https:\/\/refarmil.com\/es\/producto\/eukanuba-adult-beef-vegetable-stew\/#primaryimage"},"thumbnailUrl":"https:\/\/refarmil.com\/es\/wp-content\/uploads\/2026\/02\/Adult-Beef-Vegetable-Stew.webp","datePublished":"2026-02-25T16:27:48+00:00","dateModified":"2026-02-25T16:27:49+00:00","description":"Comida y alimento h\u00famedo en lata Eukanuba Adult Beef & Vegetable Stew en Panam\u00e1. Nutrici\u00f3n premium para perros adultos de m\u00e1s de 1 a\u00f1o.","breadcrumb":{"@id":"https:\/\/refarmil.com\/es\/producto\/eukanuba-adult-beef-vegetable-stew\/#breadcrumb"},"inLanguage":"es","potentialAction":[{"@type":"ReadAction","target":["https:\/\/refarmil.com\/es\/producto\/eukanuba-adult-beef-vegetable-stew\/"]}]},{"@type":"ImageObject","inLanguage":"es","@id":"https:\/\/refarmil.com\/es\/producto\/eukanuba-adult-beef-vegetable-stew\/#primaryimage","url":"https:\/\/refarmil.com\/es\/wp-content\/uploads\/2026\/02\/Adult-Beef-Vegetable-Stew.webp","contentUrl":"https:\/\/refarmil.com\/es\/wp-content\/uploads\/2026\/02\/Adult-Beef-Vegetable-Stew.webp","width":700,"height":700},{"@type":"BreadcrumbList","@id":"https:\/\/refarmil.com\/es\/producto\/eukanuba-adult-beef-vegetable-stew\/#breadcrumb","itemListElement":[{"@type":"ListItem","position":1,"name":"Portada","item":"https:\/\/refarmil.com\/es\/"},{"@type":"ListItem","position":2,"name":"Productos","item":"https:\/\/refarmil.com\/es\/productos\/"},{"@type":"ListItem","position":3,"name":"Eukanuba Adult Beef &#038; Vegetable Stew"}]},{"@type":"WebSite","@id":"https:\/\/refarmil.com\/es\/#website","url":"https:\/\/refarmil.com\/es\/","name":"","description":"","potentialAction":[{"@type":"SearchAction","target":{"@type":"EntryPoint","urlTemplate":"https:\/\/refarmil.com\/es\/?s={search_term_string}"},"query-input":{"@type":"PropertyValueSpecification","valueRequired":true,"valueName":"search_term_string"}}],"inLanguage":"es"}]}},"_links":{"self":[{"href":"https:\/\/refarmil.com\/es\/wp-json\/wp\/v2\/product\/984","targetHints":{"allow":["GET"]}}],"collection":[{"href":"https:\/\/refarmil.com\/es\/wp-json\/wp\/v2\/product"}],"about":[{"href":"https:\/\/refarmil.com\/es\/wp-json\/wp\/v2\/types\/product"}],"wp:featuredmedia":[{"embeddable":true,"href":"https:\/\/refarmil.com\/es\/wp-json\/wp\/v2\/media\/985"}],"wp:attachment":[{"href":"https:\/\/refarmil.com\/es\/wp-json\/wp\/v2\/media?parent=984"}],"wp:term":[{"taxonomy":"product_brand","embeddable":true,"href":"https:\/\/refarmil.com\/es\/wp-json\/wp\/v2\/product_brand?post=984"},{"taxonomy":"product_cat","embeddable":true,"href":"https:\/\/refarmil.com\/es\/wp-json\/wp\/v2\/product_cat?post=984"},{"taxonomy":"product_tag","embeddable":true,"href":"https:\/\/refarmil.com\/es\/wp-json\/wp\/v2\/product_tag?post=984"}],"curies":[{"name":"wp","href":"https:\/\/api.w.org\/{rel}","templated":true}]}}