{"id":992,"date":"2026-03-02T20:30:47","date_gmt":"2026-03-02T20:30:47","guid":{"rendered":"https:\/\/refarmil.com\/es\/?post_type=product&#038;p=992"},"modified":"2026-03-02T20:57:13","modified_gmt":"2026-03-02T20:57:13","slug":"alantanol-bisnaga","status":"publish","type":"product","link":"https:\/\/refarmil.com\/es\/producto\/alantanol-bisnaga\/","title":{"rendered":"Alantanol Bisnaga"},"content":{"rendered":"<p>ALANTOL BISNAGA 25GR (CREMA)<br \/>\nALANTOL BISNAGA 60GR<br \/>\nALANTOL BISNAGA 250GR (CREMA)<\/p>\n<p>INDICACI\u00d3N:<br \/>\nAlantol\u00ae es indicado como cicatrizante, en la terapia de lesiones cut\u00e1neas, heridas accidentales o quir\u00fargicas, abscesos, excoriaciones de dec\u00fabito, ulceraciones de superficie y quemaduras.<\/p>\n","protected":false},"excerpt":{"rendered":"<p>ALANTOL BISNAGA 25GR (CREMA)<br \/>\nALANTOL BISNAGA 60GR<br \/>\nALANTOL BISNAGA 250GR (CREMA)<\/p>\n<p>INDICACI\u00d3N:<br \/>\nAlantol\u00ae es indicado como cicatrizante, en la terapia de lesiones cut\u00e1neas, heridas accidentales o quir\u00fargicas, abscesos, excoriaciones de dec\u00fabito, ulceraciones de superficie y quemaduras.<\/p>\n","protected":false},"featured_media":993,"template":"","meta":{"_joinchat":[]},"product_brand":[],"product_cat":[55,54],"product_tag":[57,58,59],"class_list":{"0":"post-992","1":"product","2":"type-product","3":"status-publish","4":"has-post-thumbnail","6":"product_cat-linea-salud-y-cuidado-pet","7":"product_cat-vetnil","8":"product_tag-piel-y-cicatrizacion","9":"product_tag-suplementos-veterinarios","10":"product_tag-uso-en-mascotas","12":"first","13":"instock","14":"taxable","15":"shipping-taxable","16":"product-type-simple"},"yoast_head":"<!-- This site is optimized with the Yoast SEO plugin v27.3 - https:\/\/yoast.com\/product\/yoast-seo-wordpress\/ -->\n<title>Alantol Crema Veterinaria en Panam\u00e1 | Cicatrizante | REFARMIL<\/title>\n<meta name=\"description\" content=\"Alantol crema veterinaria disponible en Panam\u00e1. Indicada para cicatrizar heridas, quemaduras y lesiones cut\u00e1neas en mascotas de forma segura y efectiva.\" \/>\n<meta name=\"robots\" content=\"index, follow, max-snippet:-1, max-image-preview:large, max-video-preview:-1\" \/>\n<link rel=\"canonical\" href=\"https:\/\/refarmil.com\/es\/producto\/alantanol-bisnaga\/\" \/>\n<meta property=\"og:locale\" content=\"es_ES\" \/>\n<meta property=\"og:type\" content=\"article\" \/>\n<meta property=\"og:title\" content=\"Alantol Crema Veterinaria en Panam\u00e1 | Cicatrizante | REFARMIL\" \/>\n<meta property=\"og:description\" content=\"Alantol crema veterinaria disponible en Panam\u00e1. Indicada para cicatrizar heridas, quemaduras y lesiones cut\u00e1neas en mascotas de forma segura y efectiva.\" \/>\n<meta property=\"og:url\" content=\"https:\/\/refarmil.com\/es\/producto\/alantanol-bisnaga\/\" \/>\n<meta property=\"article:modified_time\" content=\"2026-03-02T20:57:13+00:00\" \/>\n<meta property=\"og:image\" content=\"https:\/\/refarmil.com\/es\/wp-content\/uploads\/2026\/03\/alantol-pet.webp\" \/>\n\t<meta property=\"og:image:width\" content=\"700\" \/>\n\t<meta property=\"og:image:height\" content=\"700\" \/>\n\t<meta property=\"og:image:type\" content=\"image\/webp\" \/>\n<meta name=\"twitter:card\" content=\"summary_large_image\" \/>\n<meta name=\"twitter:label1\" content=\"Tiempo de lectura\" \/>\n\t<meta name=\"twitter:data1\" content=\"1 minuto\" \/>\n<script type=\"application\/ld+json\" class=\"yoast-schema-graph\">{\"@context\":\"https:\\\/\\\/schema.org\",\"@graph\":[{\"@type\":\"WebPage\",\"@id\":\"https:\\\/\\\/refarmil.com\\\/es\\\/producto\\\/alantanol-bisnaga\\\/\",\"url\":\"https:\\\/\\\/refarmil.com\\\/es\\\/producto\\\/alantanol-bisnaga\\\/\",\"name\":\"Alantol Crema Veterinaria en Panam\u00e1 | Cicatrizante | REFARMIL\",\"isPartOf\":{\"@id\":\"https:\\\/\\\/refarmil.com\\\/es\\\/#website\"},\"primaryImageOfPage\":{\"@id\":\"https:\\\/\\\/refarmil.com\\\/es\\\/producto\\\/alantanol-bisnaga\\\/#primaryimage\"},\"image\":{\"@id\":\"https:\\\/\\\/refarmil.com\\\/es\\\/producto\\\/alantanol-bisnaga\\\/#primaryimage\"},\"thumbnailUrl\":\"https:\\\/\\\/refarmil.com\\\/es\\\/wp-content\\\/uploads\\\/2026\\\/03\\\/alantol-pet.webp\",\"datePublished\":\"2026-03-02T20:30:47+00:00\",\"dateModified\":\"2026-03-02T20:57:13+00:00\",\"description\":\"Alantol crema veterinaria disponible en Panam\u00e1. Indicada para cicatrizar heridas, quemaduras y lesiones cut\u00e1neas en mascotas de forma segura y efectiva.\",\"breadcrumb\":{\"@id\":\"https:\\\/\\\/refarmil.com\\\/es\\\/producto\\\/alantanol-bisnaga\\\/#breadcrumb\"},\"inLanguage\":\"es\",\"potentialAction\":[{\"@type\":\"ReadAction\",\"target\":[\"https:\\\/\\\/refarmil.com\\\/es\\\/producto\\\/alantanol-bisnaga\\\/\"]}]},{\"@type\":\"ImageObject\",\"inLanguage\":\"es\",\"@id\":\"https:\\\/\\\/refarmil.com\\\/es\\\/producto\\\/alantanol-bisnaga\\\/#primaryimage\",\"url\":\"https:\\\/\\\/refarmil.com\\\/es\\\/wp-content\\\/uploads\\\/2026\\\/03\\\/alantol-pet.webp\",\"contentUrl\":\"https:\\\/\\\/refarmil.com\\\/es\\\/wp-content\\\/uploads\\\/2026\\\/03\\\/alantol-pet.webp\",\"width\":700,\"height\":700},{\"@type\":\"BreadcrumbList\",\"@id\":\"https:\\\/\\\/refarmil.com\\\/es\\\/producto\\\/alantanol-bisnaga\\\/#breadcrumb\",\"itemListElement\":[{\"@type\":\"ListItem\",\"position\":1,\"name\":\"Portada\",\"item\":\"https:\\\/\\\/refarmil.com\\\/es\\\/\"},{\"@type\":\"ListItem\",\"position\":2,\"name\":\"Productos\",\"item\":\"https:\\\/\\\/refarmil.com\\\/es\\\/productos\\\/\"},{\"@type\":\"ListItem\",\"position\":3,\"name\":\"Alantanol Bisnaga\"}]},{\"@type\":\"WebSite\",\"@id\":\"https:\\\/\\\/refarmil.com\\\/es\\\/#website\",\"url\":\"https:\\\/\\\/refarmil.com\\\/es\\\/\",\"name\":\"\",\"description\":\"\",\"potentialAction\":[{\"@type\":\"SearchAction\",\"target\":{\"@type\":\"EntryPoint\",\"urlTemplate\":\"https:\\\/\\\/refarmil.com\\\/es\\\/?s={search_term_string}\"},\"query-input\":{\"@type\":\"PropertyValueSpecification\",\"valueRequired\":true,\"valueName\":\"search_term_string\"}}],\"inLanguage\":\"es\"}]}<\/script>\n<!-- \/ Yoast SEO plugin. -->","yoast_head_json":{"title":"Alantol Crema Veterinaria en Panam\u00e1 | Cicatrizante | REFARMIL","description":"Alantol crema veterinaria disponible en Panam\u00e1. Indicada para cicatrizar heridas, quemaduras y lesiones cut\u00e1neas en mascotas de forma segura y efectiva.","robots":{"index":"index","follow":"follow","max-snippet":"max-snippet:-1","max-image-preview":"max-image-preview:large","max-video-preview":"max-video-preview:-1"},"canonical":"https:\/\/refarmil.com\/es\/producto\/alantanol-bisnaga\/","og_locale":"es_ES","og_type":"article","og_title":"Alantol Crema Veterinaria en Panam\u00e1 | Cicatrizante | REFARMIL","og_description":"Alantol crema veterinaria disponible en Panam\u00e1. Indicada para cicatrizar heridas, quemaduras y lesiones cut\u00e1neas en mascotas de forma segura y efectiva.","og_url":"https:\/\/refarmil.com\/es\/producto\/alantanol-bisnaga\/","article_modified_time":"2026-03-02T20:57:13+00:00","og_image":[{"width":700,"height":700,"url":"https:\/\/refarmil.com\/es\/wp-content\/uploads\/2026\/03\/alantol-pet.webp","type":"image\/webp"}],"twitter_card":"summary_large_image","twitter_misc":{"Tiempo de lectura":"1 minuto"},"schema":{"@context":"https:\/\/schema.org","@graph":[{"@type":"WebPage","@id":"https:\/\/refarmil.com\/es\/producto\/alantanol-bisnaga\/","url":"https:\/\/refarmil.com\/es\/producto\/alantanol-bisnaga\/","name":"Alantol Crema Veterinaria en Panam\u00e1 | Cicatrizante | REFARMIL","isPartOf":{"@id":"https:\/\/refarmil.com\/es\/#website"},"primaryImageOfPage":{"@id":"https:\/\/refarmil.com\/es\/producto\/alantanol-bisnaga\/#primaryimage"},"image":{"@id":"https:\/\/refarmil.com\/es\/producto\/alantanol-bisnaga\/#primaryimage"},"thumbnailUrl":"https:\/\/refarmil.com\/es\/wp-content\/uploads\/2026\/03\/alantol-pet.webp","datePublished":"2026-03-02T20:30:47+00:00","dateModified":"2026-03-02T20:57:13+00:00","description":"Alantol crema veterinaria disponible en Panam\u00e1. Indicada para cicatrizar heridas, quemaduras y lesiones cut\u00e1neas en mascotas de forma segura y efectiva.","breadcrumb":{"@id":"https:\/\/refarmil.com\/es\/producto\/alantanol-bisnaga\/#breadcrumb"},"inLanguage":"es","potentialAction":[{"@type":"ReadAction","target":["https:\/\/refarmil.com\/es\/producto\/alantanol-bisnaga\/"]}]},{"@type":"ImageObject","inLanguage":"es","@id":"https:\/\/refarmil.com\/es\/producto\/alantanol-bisnaga\/#primaryimage","url":"https:\/\/refarmil.com\/es\/wp-content\/uploads\/2026\/03\/alantol-pet.webp","contentUrl":"https:\/\/refarmil.com\/es\/wp-content\/uploads\/2026\/03\/alantol-pet.webp","width":700,"height":700},{"@type":"BreadcrumbList","@id":"https:\/\/refarmil.com\/es\/producto\/alantanol-bisnaga\/#breadcrumb","itemListElement":[{"@type":"ListItem","position":1,"name":"Portada","item":"https:\/\/refarmil.com\/es\/"},{"@type":"ListItem","position":2,"name":"Productos","item":"https:\/\/refarmil.com\/es\/productos\/"},{"@type":"ListItem","position":3,"name":"Alantanol Bisnaga"}]},{"@type":"WebSite","@id":"https:\/\/refarmil.com\/es\/#website","url":"https:\/\/refarmil.com\/es\/","name":"","description":"","potentialAction":[{"@type":"SearchAction","target":{"@type":"EntryPoint","urlTemplate":"https:\/\/refarmil.com\/es\/?s={search_term_string}"},"query-input":{"@type":"PropertyValueSpecification","valueRequired":true,"valueName":"search_term_string"}}],"inLanguage":"es"}]}},"_links":{"self":[{"href":"https:\/\/refarmil.com\/es\/wp-json\/wp\/v2\/product\/992","targetHints":{"allow":["GET"]}}],"collection":[{"href":"https:\/\/refarmil.com\/es\/wp-json\/wp\/v2\/product"}],"about":[{"href":"https:\/\/refarmil.com\/es\/wp-json\/wp\/v2\/types\/product"}],"wp:featuredmedia":[{"embeddable":true,"href":"https:\/\/refarmil.com\/es\/wp-json\/wp\/v2\/media\/993"}],"wp:attachment":[{"href":"https:\/\/refarmil.com\/es\/wp-json\/wp\/v2\/media?parent=992"}],"wp:term":[{"taxonomy":"product_brand","embeddable":true,"href":"https:\/\/refarmil.com\/es\/wp-json\/wp\/v2\/product_brand?post=992"},{"taxonomy":"product_cat","embeddable":true,"href":"https:\/\/refarmil.com\/es\/wp-json\/wp\/v2\/product_cat?post=992"},{"taxonomy":"product_tag","embeddable":true,"href":"https:\/\/refarmil.com\/es\/wp-json\/wp\/v2\/product_tag?post=992"}],"curies":[{"name":"wp","href":"https:\/\/api.w.org\/{rel}","templated":true}]}}