{"id":998,"date":"2026-03-03T12:15:03","date_gmt":"2026-03-03T12:15:03","guid":{"rendered":"https:\/\/refarmil.com\/es\/?post_type=product&#038;p=998"},"modified":"2026-03-03T12:19:02","modified_gmt":"2026-03-03T12:19:02","slug":"aminomix-pet-comp-120tab","status":"publish","type":"product","link":"https:\/\/refarmil.com\/es\/producto\/aminomix-pet-comp-120tab\/","title":{"rendered":"Aminomix Pet Comp (120 Tab)"},"content":{"rendered":"<p>Suplementaci\u00f3n de amino\u00e1cidos, vitaminas, macro y microminerales para caninos, felinos, must\u00e9lidos y roedores. Auxilia en la mejora de la calidad nutricional de los alimentos y es importante en la suplementaci\u00f3n en las fases cr\u00edticas de la creaci\u00f3n (crecimiento, desarrollo, gestaci\u00f3n, lactancia y geriatr\u00eda).<\/p>\n","protected":false},"excerpt":{"rendered":"<p>Suplementaci\u00f3n de amino\u00e1cidos, vitaminas, macro y microminerales para caninos, felinos, must\u00e9lidos y roedores. Auxilia en la mejora de la calidad nutricional de los alimentos y es importante en la suplementaci\u00f3n en las fases cr\u00edticas de la creaci\u00f3n (crecimiento, desarrollo, gestaci\u00f3n, lactancia y geriatr\u00eda).<\/p>\n","protected":false},"featured_media":999,"template":"","meta":{"_joinchat":[]},"product_brand":[],"product_cat":[55,54],"product_tag":[58,59],"class_list":{"0":"post-998","1":"product","2":"type-product","3":"status-publish","4":"has-post-thumbnail","6":"product_cat-linea-salud-y-cuidado-pet","7":"product_cat-vetnil","8":"product_tag-suplementos-veterinarios","9":"product_tag-uso-en-mascotas","11":"first","12":"instock","13":"taxable","14":"shipping-taxable","15":"product-type-simple"},"yoast_head":"<!-- This site is optimized with the Yoast SEO plugin v27.3 - https:\/\/yoast.com\/product\/yoast-seo-wordpress\/ -->\n<title>Aminomix Pet Tabletas Vetnil en Panam\u00e1 | Suplemento Mascotas<\/title>\n<meta name=\"description\" content=\"Aminomix Pet tabletas Vetnil disponible en Panam\u00e1. Suplemento con vitaminas y amino\u00e1cidos que apoya la nutrici\u00f3n, crecimiento y desarrollo en mascotas - REFARMIL\" \/>\n<meta name=\"robots\" content=\"index, follow, max-snippet:-1, max-image-preview:large, max-video-preview:-1\" \/>\n<link rel=\"canonical\" href=\"https:\/\/refarmil.com\/es\/producto\/aminomix-pet-comp-120tab\/\" \/>\n<meta property=\"og:locale\" content=\"es_ES\" \/>\n<meta property=\"og:type\" content=\"article\" \/>\n<meta property=\"og:title\" content=\"Aminomix Pet Tabletas Vetnil en Panam\u00e1 | Suplemento Mascotas\" \/>\n<meta property=\"og:description\" content=\"Aminomix Pet tabletas Vetnil disponible en Panam\u00e1. Suplemento con vitaminas y amino\u00e1cidos que apoya la nutrici\u00f3n, crecimiento y desarrollo en mascotas - REFARMIL\" \/>\n<meta property=\"og:url\" content=\"https:\/\/refarmil.com\/es\/producto\/aminomix-pet-comp-120tab\/\" \/>\n<meta property=\"article:modified_time\" content=\"2026-03-03T12:19:02+00:00\" \/>\n<meta property=\"og:image\" content=\"https:\/\/refarmil.com\/es\/wp-content\/uploads\/2026\/03\/aminomex-pet-comp.webp\" \/>\n\t<meta property=\"og:image:width\" content=\"700\" \/>\n\t<meta property=\"og:image:height\" content=\"700\" \/>\n\t<meta property=\"og:image:type\" content=\"image\/webp\" \/>\n<meta name=\"twitter:card\" content=\"summary_large_image\" \/>\n<meta name=\"twitter:label1\" content=\"Tiempo de lectura\" \/>\n\t<meta name=\"twitter:data1\" content=\"1 minuto\" \/>\n<script type=\"application\/ld+json\" class=\"yoast-schema-graph\">{\"@context\":\"https:\\\/\\\/schema.org\",\"@graph\":[{\"@type\":\"WebPage\",\"@id\":\"https:\\\/\\\/refarmil.com\\\/es\\\/producto\\\/aminomix-pet-comp-120tab\\\/\",\"url\":\"https:\\\/\\\/refarmil.com\\\/es\\\/producto\\\/aminomix-pet-comp-120tab\\\/\",\"name\":\"Aminomix Pet Tabletas Vetnil en Panam\u00e1 | Suplemento Mascotas\",\"isPartOf\":{\"@id\":\"https:\\\/\\\/refarmil.com\\\/es\\\/#website\"},\"primaryImageOfPage\":{\"@id\":\"https:\\\/\\\/refarmil.com\\\/es\\\/producto\\\/aminomix-pet-comp-120tab\\\/#primaryimage\"},\"image\":{\"@id\":\"https:\\\/\\\/refarmil.com\\\/es\\\/producto\\\/aminomix-pet-comp-120tab\\\/#primaryimage\"},\"thumbnailUrl\":\"https:\\\/\\\/refarmil.com\\\/es\\\/wp-content\\\/uploads\\\/2026\\\/03\\\/aminomex-pet-comp.webp\",\"datePublished\":\"2026-03-03T12:15:03+00:00\",\"dateModified\":\"2026-03-03T12:19:02+00:00\",\"description\":\"Aminomix Pet tabletas Vetnil disponible en Panam\u00e1. Suplemento con vitaminas y amino\u00e1cidos que apoya la nutrici\u00f3n, crecimiento y desarrollo en mascotas - REFARMIL\",\"breadcrumb\":{\"@id\":\"https:\\\/\\\/refarmil.com\\\/es\\\/producto\\\/aminomix-pet-comp-120tab\\\/#breadcrumb\"},\"inLanguage\":\"es\",\"potentialAction\":[{\"@type\":\"ReadAction\",\"target\":[\"https:\\\/\\\/refarmil.com\\\/es\\\/producto\\\/aminomix-pet-comp-120tab\\\/\"]}]},{\"@type\":\"ImageObject\",\"inLanguage\":\"es\",\"@id\":\"https:\\\/\\\/refarmil.com\\\/es\\\/producto\\\/aminomix-pet-comp-120tab\\\/#primaryimage\",\"url\":\"https:\\\/\\\/refarmil.com\\\/es\\\/wp-content\\\/uploads\\\/2026\\\/03\\\/aminomex-pet-comp.webp\",\"contentUrl\":\"https:\\\/\\\/refarmil.com\\\/es\\\/wp-content\\\/uploads\\\/2026\\\/03\\\/aminomex-pet-comp.webp\",\"width\":700,\"height\":700},{\"@type\":\"BreadcrumbList\",\"@id\":\"https:\\\/\\\/refarmil.com\\\/es\\\/producto\\\/aminomix-pet-comp-120tab\\\/#breadcrumb\",\"itemListElement\":[{\"@type\":\"ListItem\",\"position\":1,\"name\":\"Portada\",\"item\":\"https:\\\/\\\/refarmil.com\\\/es\\\/\"},{\"@type\":\"ListItem\",\"position\":2,\"name\":\"Productos\",\"item\":\"https:\\\/\\\/refarmil.com\\\/es\\\/productos\\\/\"},{\"@type\":\"ListItem\",\"position\":3,\"name\":\"Aminomix Pet Comp (120 Tab)\"}]},{\"@type\":\"WebSite\",\"@id\":\"https:\\\/\\\/refarmil.com\\\/es\\\/#website\",\"url\":\"https:\\\/\\\/refarmil.com\\\/es\\\/\",\"name\":\"\",\"description\":\"\",\"potentialAction\":[{\"@type\":\"SearchAction\",\"target\":{\"@type\":\"EntryPoint\",\"urlTemplate\":\"https:\\\/\\\/refarmil.com\\\/es\\\/?s={search_term_string}\"},\"query-input\":{\"@type\":\"PropertyValueSpecification\",\"valueRequired\":true,\"valueName\":\"search_term_string\"}}],\"inLanguage\":\"es\"}]}<\/script>\n<!-- \/ Yoast SEO plugin. -->","yoast_head_json":{"title":"Aminomix Pet Tabletas Vetnil en Panam\u00e1 | Suplemento Mascotas","description":"Aminomix Pet tabletas Vetnil disponible en Panam\u00e1. Suplemento con vitaminas y amino\u00e1cidos que apoya la nutrici\u00f3n, crecimiento y desarrollo en mascotas - REFARMIL","robots":{"index":"index","follow":"follow","max-snippet":"max-snippet:-1","max-image-preview":"max-image-preview:large","max-video-preview":"max-video-preview:-1"},"canonical":"https:\/\/refarmil.com\/es\/producto\/aminomix-pet-comp-120tab\/","og_locale":"es_ES","og_type":"article","og_title":"Aminomix Pet Tabletas Vetnil en Panam\u00e1 | Suplemento Mascotas","og_description":"Aminomix Pet tabletas Vetnil disponible en Panam\u00e1. Suplemento con vitaminas y amino\u00e1cidos que apoya la nutrici\u00f3n, crecimiento y desarrollo en mascotas - REFARMIL","og_url":"https:\/\/refarmil.com\/es\/producto\/aminomix-pet-comp-120tab\/","article_modified_time":"2026-03-03T12:19:02+00:00","og_image":[{"width":700,"height":700,"url":"https:\/\/refarmil.com\/es\/wp-content\/uploads\/2026\/03\/aminomex-pet-comp.webp","type":"image\/webp"}],"twitter_card":"summary_large_image","twitter_misc":{"Tiempo de lectura":"1 minuto"},"schema":{"@context":"https:\/\/schema.org","@graph":[{"@type":"WebPage","@id":"https:\/\/refarmil.com\/es\/producto\/aminomix-pet-comp-120tab\/","url":"https:\/\/refarmil.com\/es\/producto\/aminomix-pet-comp-120tab\/","name":"Aminomix Pet Tabletas Vetnil en Panam\u00e1 | Suplemento Mascotas","isPartOf":{"@id":"https:\/\/refarmil.com\/es\/#website"},"primaryImageOfPage":{"@id":"https:\/\/refarmil.com\/es\/producto\/aminomix-pet-comp-120tab\/#primaryimage"},"image":{"@id":"https:\/\/refarmil.com\/es\/producto\/aminomix-pet-comp-120tab\/#primaryimage"},"thumbnailUrl":"https:\/\/refarmil.com\/es\/wp-content\/uploads\/2026\/03\/aminomex-pet-comp.webp","datePublished":"2026-03-03T12:15:03+00:00","dateModified":"2026-03-03T12:19:02+00:00","description":"Aminomix Pet tabletas Vetnil disponible en Panam\u00e1. Suplemento con vitaminas y amino\u00e1cidos que apoya la nutrici\u00f3n, crecimiento y desarrollo en mascotas - REFARMIL","breadcrumb":{"@id":"https:\/\/refarmil.com\/es\/producto\/aminomix-pet-comp-120tab\/#breadcrumb"},"inLanguage":"es","potentialAction":[{"@type":"ReadAction","target":["https:\/\/refarmil.com\/es\/producto\/aminomix-pet-comp-120tab\/"]}]},{"@type":"ImageObject","inLanguage":"es","@id":"https:\/\/refarmil.com\/es\/producto\/aminomix-pet-comp-120tab\/#primaryimage","url":"https:\/\/refarmil.com\/es\/wp-content\/uploads\/2026\/03\/aminomex-pet-comp.webp","contentUrl":"https:\/\/refarmil.com\/es\/wp-content\/uploads\/2026\/03\/aminomex-pet-comp.webp","width":700,"height":700},{"@type":"BreadcrumbList","@id":"https:\/\/refarmil.com\/es\/producto\/aminomix-pet-comp-120tab\/#breadcrumb","itemListElement":[{"@type":"ListItem","position":1,"name":"Portada","item":"https:\/\/refarmil.com\/es\/"},{"@type":"ListItem","position":2,"name":"Productos","item":"https:\/\/refarmil.com\/es\/productos\/"},{"@type":"ListItem","position":3,"name":"Aminomix Pet Comp (120 Tab)"}]},{"@type":"WebSite","@id":"https:\/\/refarmil.com\/es\/#website","url":"https:\/\/refarmil.com\/es\/","name":"","description":"","potentialAction":[{"@type":"SearchAction","target":{"@type":"EntryPoint","urlTemplate":"https:\/\/refarmil.com\/es\/?s={search_term_string}"},"query-input":{"@type":"PropertyValueSpecification","valueRequired":true,"valueName":"search_term_string"}}],"inLanguage":"es"}]}},"_links":{"self":[{"href":"https:\/\/refarmil.com\/es\/wp-json\/wp\/v2\/product\/998","targetHints":{"allow":["GET"]}}],"collection":[{"href":"https:\/\/refarmil.com\/es\/wp-json\/wp\/v2\/product"}],"about":[{"href":"https:\/\/refarmil.com\/es\/wp-json\/wp\/v2\/types\/product"}],"wp:featuredmedia":[{"embeddable":true,"href":"https:\/\/refarmil.com\/es\/wp-json\/wp\/v2\/media\/999"}],"wp:attachment":[{"href":"https:\/\/refarmil.com\/es\/wp-json\/wp\/v2\/media?parent=998"}],"wp:term":[{"taxonomy":"product_brand","embeddable":true,"href":"https:\/\/refarmil.com\/es\/wp-json\/wp\/v2\/product_brand?post=998"},{"taxonomy":"product_cat","embeddable":true,"href":"https:\/\/refarmil.com\/es\/wp-json\/wp\/v2\/product_cat?post=998"},{"taxonomy":"product_tag","embeddable":true,"href":"https:\/\/refarmil.com\/es\/wp-json\/wp\/v2\/product_tag?post=998"}],"curies":[{"name":"wp","href":"https:\/\/api.w.org\/{rel}","templated":true}]}}